{"id":3068,"date":"2023-07-04T08:00:15","date_gmt":"2023-07-04T01:00:15","guid":{"rendered":"https:\/\/www.phivutabletennis.com\/?post_type=product&#038;p=3068"},"modified":"2023-07-04T08:00:16","modified_gmt":"2023-07-04T01:00:16","slug":"quan-butterfly-bws-330-black","status":"publish","type":"product","link":"https:\/\/www.phivutabletennis.com\/index.php\/product\/quan-butterfly-bws-330-black\/","title":{"rendered":"QU\u1ea6N BUTTERFLY BWS 330 BLACK"},"content":{"rendered":"<p><strong>QU\u1ea6N SHORT T\u1eacP LUY\u1ec6N M\u1ec0M M\u1ea0I, CO GI\u00c3N.<\/strong><\/p>\n<div>\u2022 M\u1ed9t chi\u1ebfc qu\u1ea7n chuy\u00ean d\u1ee5ng \u0111\u1ed3ng h\u00e0nh c\u00f9ng b\u1ea1n trong t\u1eebng tr\u1eadn \u0111\u1ea5u, linh ho\u1ea1t co d\u00e3n theo chuy\u1ec3n \u0111\u1ed9ng c\u1ee7a ng\u01b0\u1eddi ch\u01a1i duy tr\u00ec c\u1ea3m gi\u00e1c kh\u00f4, tho\u00e1ng nh\u1edd ch\u1ea5t li\u1ec7u v\u1ea3i \u0111\u01b0\u1ee3c thi\u1ebft k\u1ebf tho\u00e1ng kh\u00ed, m\u1ec1m m\u1ea1i v\u00e0 co d\u00e3n.<\/div>\n<div>\u2022 L\u01b0ng qu\u1ea7n \u0111\u01b0\u1ee3c thi\u1ebft k\u1ebf \u0111\u1eb7c bi\u1ec7t b\u1eb1ng ch\u1ea5t thun l\u01b0\u1edbi m\u1ec1m, t\u1ea1o c\u1ea3m gi\u00e1c tho\u1ea3i m\u00e1i khi m\u1eb7c.<\/div>\n<p><strong>H\u00c0NG CH\u00cdNH H\u00c3NG BUTTERFLY S\u1ea2N XU\u1ea4T T\u1ea0I NH\u00c0 M\u00c1Y TRUNG QU\u1ed0C &#8211; MADE IN CHINA<\/strong><\/p>\n","protected":false},"excerpt":{"rendered":"<p>QU\u1ea6N SHORT T\u1eacP LUY\u1ec6N M\u1ec0M M\u1ea0I, CO GI\u00c3N. \u2022 M\u1ed9t chi\u1ebfc qu\u1ea7n chuy\u00ean d\u1ee5ng \u0111\u1ed3ng h\u00e0nh c\u00f9ng b\u1ea1n trong t\u1eebng tr\u1eadn \u0111\u1ea5u, linh ho\u1ea1t co d\u00e3n theo chuy\u1ec3n \u0111\u1ed9ng c\u1ee7a ng\u01b0\u1eddi ch\u01a1i duy tr\u00ec c\u1ea3m gi\u00e1c kh\u00f4, tho\u00e1ng nh\u1edd ch\u1ea5t li\u1ec7u v\u1ea3i \u0111\u01b0\u1ee3c thi\u1ebft k\u1ebf tho\u00e1ng kh\u00ed, m\u1ec1m m\u1ea1i v\u00e0 co d\u00e3n. \u2022 L\u01b0ng qu\u1ea7n [&hellip;]<\/p>\n","protected":false},"featured_media":3070,"comment_status":"open","ping_status":"closed","template":"","meta":{"_eb_attr":""},"product_cat":[34],"product_tag":[],"class_list":["post-3068","product","type-product","status-publish","has-post-thumbnail","hentry","product_cat-quan-ao"],"_links":{"self":[{"href":"https:\/\/www.phivutabletennis.com\/index.php\/wp-json\/wp\/v2\/product\/3068","targetHints":{"allow":["GET"]}}],"collection":[{"href":"https:\/\/www.phivutabletennis.com\/index.php\/wp-json\/wp\/v2\/product"}],"about":[{"href":"https:\/\/www.phivutabletennis.com\/index.php\/wp-json\/wp\/v2\/types\/product"}],"replies":[{"embeddable":true,"href":"https:\/\/www.phivutabletennis.com\/index.php\/wp-json\/wp\/v2\/comments?post=3068"}],"wp:featuredmedia":[{"embeddable":true,"href":"https:\/\/www.phivutabletennis.com\/index.php\/wp-json\/wp\/v2\/media\/3070"}],"wp:attachment":[{"href":"https:\/\/www.phivutabletennis.com\/index.php\/wp-json\/wp\/v2\/media?parent=3068"}],"wp:term":[{"taxonomy":"product_cat","embeddable":true,"href":"https:\/\/www.phivutabletennis.com\/index.php\/wp-json\/wp\/v2\/product_cat?post=3068"},{"taxonomy":"product_tag","embeddable":true,"href":"https:\/\/www.phivutabletennis.com\/index.php\/wp-json\/wp\/v2\/product_tag?post=3068"}],"curies":[{"name":"wp","href":"https:\/\/api.w.org\/{rel}","templated":true}]}}