{"id":3086,"date":"2023-07-04T08:16:31","date_gmt":"2023-07-04T01:16:31","guid":{"rendered":"https:\/\/www.phivutabletennis.com\/?post_type=product&#038;p=3086"},"modified":"2023-07-04T08:16:31","modified_gmt":"2023-07-04T01:16:31","slug":"quan-ao-sovet-butterfly-wsw427","status":"publish","type":"product","link":"https:\/\/www.phivutabletennis.com\/index.php\/product\/quan-ao-sovet-butterfly-wsw427\/","title":{"rendered":"QU\u1ea6N \u00c1O SOVET BUTTERFLY WSW427"},"content":{"rendered":"<p><strong><u>Ch\u1ea5t li\u1ec7u<\/u><\/strong><strong>:\u00a0<\/strong>Polyester<br \/>\n<strong><u>\u01afu \u0111i\u1ec3m<\/u><\/strong><strong>:<\/strong>\u00a0Tho\u00e1ng, nh\u1eb9.<br \/>\n<strong><u>M\u00e0u s\u1eafc<\/u><\/strong>: \u0110en ph\u1ed1i xanh l\u00e1<br \/>\n<a href=\"https:\/\/bongban.asia\/butterfly\/quan-ao\/quan-ao-sovet-butterfly-wsw427.html\"><img decoding=\"async\" src=\"https:\/\/bongban.asia\/image\/data\/Tin_tuc\/2016\/Thang_5\/jun%20sovet.jpg\" alt=\"\" \/><\/a><\/p>\n<p><img decoding=\"async\" src=\"https:\/\/bongban.asia\/image\/data\/Tin_tuc\/2016\/Thang_5\/2015102840378282.jpg\" alt=\"\" \/><\/p>\n<p><img decoding=\"async\" src=\"https:\/\/bongban.asia\/image\/data\/Tin_tuc\/2016\/Thang_5\/jaji%201.jpg\" alt=\"\" \/><\/p>\n<p><img decoding=\"async\" src=\"https:\/\/bongban.asia\/image\/data\/Tin_tuc\/2016\/Thang_5\/jaji%202.jpg\" alt=\"\" \/><\/p>\n<p><img decoding=\"async\" src=\"https:\/\/bongban.asia\/image\/data\/Tin_tuc\/2016\/Thang_5\/jaji%203.jpg\" alt=\"\" \/><\/p>\n<p><strong>H\u00c0NG CH\u00cdNH H\u00c3NG BUTTERFLY S\u1ea2N XU\u1ea4T T\u1ea0I NH\u00c0 M\u00c1Y TRUNG QU\u1ed0C \u2013 MADE IN CHINA\u00a0<\/strong><\/p>\n","protected":false},"excerpt":{"rendered":"<p>Ch\u1ea5t li\u1ec7u:\u00a0Polyester \u01afu \u0111i\u1ec3m:\u00a0Tho\u00e1ng, nh\u1eb9. M\u00e0u s\u1eafc: \u0110en ph\u1ed1i xanh l\u00e1 H\u00c0NG CH\u00cdNH H\u00c3NG BUTTERFLY S\u1ea2N XU\u1ea4T T\u1ea0I NH\u00c0 M\u00c1Y TRUNG QU\u1ed0C \u2013 MADE IN CHINA\u00a0<\/p>\n","protected":false},"featured_media":3077,"comment_status":"open","ping_status":"closed","template":"","meta":{"_eb_attr":""},"product_cat":[34],"product_tag":[],"class_list":["post-3086","product","type-product","status-publish","has-post-thumbnail","hentry","product_cat-quan-ao"],"_links":{"self":[{"href":"https:\/\/www.phivutabletennis.com\/index.php\/wp-json\/wp\/v2\/product\/3086","targetHints":{"allow":["GET"]}}],"collection":[{"href":"https:\/\/www.phivutabletennis.com\/index.php\/wp-json\/wp\/v2\/product"}],"about":[{"href":"https:\/\/www.phivutabletennis.com\/index.php\/wp-json\/wp\/v2\/types\/product"}],"replies":[{"embeddable":true,"href":"https:\/\/www.phivutabletennis.com\/index.php\/wp-json\/wp\/v2\/comments?post=3086"}],"wp:featuredmedia":[{"embeddable":true,"href":"https:\/\/www.phivutabletennis.com\/index.php\/wp-json\/wp\/v2\/media\/3077"}],"wp:attachment":[{"href":"https:\/\/www.phivutabletennis.com\/index.php\/wp-json\/wp\/v2\/media?parent=3086"}],"wp:term":[{"taxonomy":"product_cat","embeddable":true,"href":"https:\/\/www.phivutabletennis.com\/index.php\/wp-json\/wp\/v2\/product_cat?post=3086"},{"taxonomy":"product_tag","embeddable":true,"href":"https:\/\/www.phivutabletennis.com\/index.php\/wp-json\/wp\/v2\/product_tag?post=3086"}],"curies":[{"name":"wp","href":"https:\/\/api.w.org\/{rel}","templated":true}]}}