{"id":3087,"date":"2023-07-04T08:17:31","date_gmt":"2023-07-04T01:17:31","guid":{"rendered":"https:\/\/www.phivutabletennis.com\/?post_type=product&#038;p=3087"},"modified":"2023-07-04T08:17:31","modified_gmt":"2023-07-04T01:17:31","slug":"quan-ao-sovet-butterfly-wsw430-0501","status":"publish","type":"product","link":"https:\/\/www.phivutabletennis.com\/index.php\/product\/quan-ao-sovet-butterfly-wsw430-0501\/","title":{"rendered":"QU\u1ea6N \u00c1O SOVET BUTTERFLY WSW430\/0501"},"content":{"rendered":"<p><strong>Ch\u1ea5t li\u1ec7u:\u00a0<\/strong>100% Polyester,<br \/>\n&#8211; Ch\u1ea5t v\u1ea3i thun d\u00e0y, co d\u00e3n linh ho\u1ea1t \u0111\u01b0\u1ee3c s\u1ea3n xu\u1ea5t tr\u00ean d\u00e2y chuy\u00ea\u0300n hi\u1ec7n \u0111\u1ea1i, \u0111\u01b0\u1eddng ch\u1ec9 may ch\u1eafc ch\u1eafn.<br \/>\n&#8211; Thi\u1ebft k\u1ebf ki\u1ec3u d\u00e1ng th\u1ec3 thao \u0111\u01a1n gi\u1ea3n, t\u00f4n d\u00e1ng tr\u1ebb trung v\u1edbi gam m\u00e0u \u0111\u1ecf t\u1ea1o \u0111i\u1ec3m nh\u1ea5n. Kh\u00f3a k\u00e9o l\u00e0m b\u1eb1ng nh\u1ef1a cao c\u1ea5p ch\u1eafc ch\u1eafn, c\u00f3 th\u1ec3 k\u00e9o cao \u0111\u1ebfn c\u1ed5 \u0111\u1ec3 gi\u1eef \u1ea5m, logo c\u00e1nh b\u01b0\u1edbm m\u00e0u b\u1ea1c \u0111\u01b0\u1ee3c in b\u1eb1ng c\u00f4ng ngh\u1ec7 cao<br \/>\n&#8211; \u00c1o v\u00e0 qu\u1ea7n \u0111\u1ec1u c\u00f3 t\u00fai s\u01b0\u1eddn hai b\u00ean \u0111\u1ec3 \u0111\u1ef1ng v\u1eadt d\u1ee5ng c\u00e1 nh\u00e2n nh\u1ecf g\u1ecdn.<br \/>\nH\u00e0ng ch\u00ednh h\u00e3ng Butterly, s\u1ea3n xu\u1ea5t t\u1ea1i nh\u00e0 m\u00e1y Trung Qu\u1ed1c<\/p>\n<p><a href=\"https:\/\/www.phivutabletennis.com\/wp-content\/uploads\/2023\/07\/SOVET.jpg\"><img loading=\"lazy\" decoding=\"async\" class=\"alignnone size-full wp-image-3088\" src=\"https:\/\/www.phivutabletennis.com\/wp-content\/uploads\/2023\/07\/SOVET.jpg\" alt=\"\" width=\"800\" height=\"1125\" srcset=\"https:\/\/www.phivutabletennis.com\/wp-content\/uploads\/2023\/07\/SOVET.jpg 800w, https:\/\/www.phivutabletennis.com\/wp-content\/uploads\/2023\/07\/SOVET-213x300.jpg 213w, https:\/\/www.phivutabletennis.com\/wp-content\/uploads\/2023\/07\/SOVET-728x1024.jpg 728w, https:\/\/www.phivutabletennis.com\/wp-content\/uploads\/2023\/07\/SOVET-768x1080.jpg 768w, https:\/\/www.phivutabletennis.com\/wp-content\/uploads\/2023\/07\/SOVET-600x844.jpg 600w\" sizes=\"auto, (max-width: 800px) 100vw, 800px\" \/><\/a><\/p>\n","protected":false},"excerpt":{"rendered":"<p>Ch\u1ea5t li\u1ec7u:\u00a0100% Polyester, &#8211; Ch\u1ea5t v\u1ea3i thun d\u00e0y, co d\u00e3n linh ho\u1ea1t \u0111\u01b0\u1ee3c s\u1ea3n xu\u1ea5t tr\u00ean d\u00e2y chuy\u00ea\u0300n hi\u1ec7n \u0111\u1ea1i, \u0111\u01b0\u1eddng ch\u1ec9 may ch\u1eafc ch\u1eafn. &#8211; Thi\u1ebft k\u1ebf ki\u1ec3u d\u00e1ng th\u1ec3 thao \u0111\u01a1n gi\u1ea3n, t\u00f4n d\u00e1ng tr\u1ebb trung v\u1edbi gam m\u00e0u \u0111\u1ecf t\u1ea1o \u0111i\u1ec3m nh\u1ea5n. Kh\u00f3a k\u00e9o l\u00e0m b\u1eb1ng nh\u1ef1a cao c\u1ea5p ch\u1eafc ch\u1eafn, c\u00f3 [&hellip;]<\/p>\n","protected":false},"featured_media":3089,"comment_status":"open","ping_status":"closed","template":"","meta":{"_eb_attr":""},"product_cat":[34],"product_tag":[],"class_list":["post-3087","product","type-product","status-publish","has-post-thumbnail","hentry","product_cat-quan-ao"],"_links":{"self":[{"href":"https:\/\/www.phivutabletennis.com\/index.php\/wp-json\/wp\/v2\/product\/3087","targetHints":{"allow":["GET"]}}],"collection":[{"href":"https:\/\/www.phivutabletennis.com\/index.php\/wp-json\/wp\/v2\/product"}],"about":[{"href":"https:\/\/www.phivutabletennis.com\/index.php\/wp-json\/wp\/v2\/types\/product"}],"replies":[{"embeddable":true,"href":"https:\/\/www.phivutabletennis.com\/index.php\/wp-json\/wp\/v2\/comments?post=3087"}],"wp:featuredmedia":[{"embeddable":true,"href":"https:\/\/www.phivutabletennis.com\/index.php\/wp-json\/wp\/v2\/media\/3089"}],"wp:attachment":[{"href":"https:\/\/www.phivutabletennis.com\/index.php\/wp-json\/wp\/v2\/media?parent=3087"}],"wp:term":[{"taxonomy":"product_cat","embeddable":true,"href":"https:\/\/www.phivutabletennis.com\/index.php\/wp-json\/wp\/v2\/product_cat?post=3087"},{"taxonomy":"product_tag","embeddable":true,"href":"https:\/\/www.phivutabletennis.com\/index.php\/wp-json\/wp\/v2\/product_tag?post=3087"}],"curies":[{"name":"wp","href":"https:\/\/api.w.org\/{rel}","templated":true}]}}