{"id":3099,"date":"2023-07-04T20:44:20","date_gmt":"2023-07-04T13:44:20","guid":{"rendered":"https:\/\/www.phivutabletennis.com\/?post_type=product&#038;p=3099"},"modified":"2023-07-04T20:44:21","modified_gmt":"2023-07-04T13:44:21","slug":"cypress-g-max","status":"publish","type":"product","link":"https:\/\/www.phivutabletennis.com\/index.php\/product\/cypress-g-max\/","title":{"rendered":"CYPRESS G-MAX"},"content":{"rendered":"<p><strong>CYPRES G-MAX<\/strong>\u00a0\u2013 D\u00f2ng v\u1ee3t \u0111\u01b0\u1ee3c s\u1ea3n xu\u1ea5t tuy\u1ec3n ch\u1ecdn t\u1eeb g\u1ed7 b\u00e1ch cao c\u1ea5p.<br \/>\nT\u1eeb nh\u1eefng c\u00e2y g\u1ed7 b\u00e1ch t\u1ed1t nh\u1ea5t \u0111\u01b0\u1ee3c ch\u1ecdn l\u1ef1a c\u1ea9n th\u1eadn \u0111\u1ec3 ch\u1ecdn ra cho m\u1ed9t c\u1ed1t v\u1ee3t c\u00f3 \u0111\u1ed9 d\u00e0y 10 mm h\u1ed9i t\u1ee5 \u0111\u1ea7y \u0111\u1ee7 s\u1ee9c m\u1ea1nh, uy l\u1ef1c t\u1ea5n c\u00f4ng v\u00e0 c\u1ea3m gi\u00e1c tuy\u1ec7t v\u1eddi khi ch\u1ea1m b\u00f3ng.<br \/>\nS\u1ef1 l\u1ef1a ch\u1ecdn t\u1ed1i \u01b0u cho ng\u01b0\u1eddi ch\u01a1i tr\u00ecnh \u0111\u1ed9 cao.<\/p>\n<table border=\"0\" cellspacing=\"1\" cellpadding=\"1\">\n<tbody>\n<tr>\n<td>C\u1ea5u t\u1ea1o<\/td>\n<td>: G\u00f4\u0303 1 l\u01a1\u0301p<\/td>\n<\/tr>\n<tr>\n<td>L\u1ef1c \u0111\u1ea9y<\/td>\n<td>: 13.6\u00a0 (t\u1ed1c \u0111\u1ed9)<\/td>\n<\/tr>\n<tr>\n<td>\u0110\u1ed9 rung<\/td>\n<td>: 12.9\u00a0 (c\u1ea3m gi\u00e1c)<\/td>\n<\/tr>\n<tr>\n<td>\u0110\u1ed9 d\u00e0y<\/td>\n<td>: 10.0mm<\/td>\n<\/tr>\n<tr>\n<td>B\u1ea3ng v\u1ee3t<\/td>\n<td>:\u00a0163 x 135mm<\/td>\n<\/tr>\n<tr>\n<td><span style=\"font-family: arial, helvetica, sans-serif;\">Tro\u0323ng l\u01b0\u01a1\u0323ng<\/span><\/td>\n<td>:\u00a0\u00b1 89gr<\/td>\n<\/tr>\n<\/tbody>\n<\/table>\n<p><strong>Theo th\u00f4ng s\u1ed1 chu\u1ea9n c\u1ee7a h\u00e3ng Butterfly<\/strong><br \/>\n<strong>H\u00e0ng ch\u00ednh h\u00e3ng b\u1ea3o h\u00e0nh 1 th\u00e1ng<\/strong><\/p>\n","protected":false},"excerpt":{"rendered":"<p>CYPRES G-MAX\u00a0\u2013 D\u00f2ng v\u1ee3t \u0111\u01b0\u1ee3c s\u1ea3n xu\u1ea5t tuy\u1ec3n ch\u1ecdn t\u1eeb g\u1ed7 b\u00e1ch cao c\u1ea5p. T\u1eeb nh\u1eefng c\u00e2y g\u1ed7 b\u00e1ch t\u1ed1t nh\u1ea5t \u0111\u01b0\u1ee3c ch\u1ecdn l\u1ef1a c\u1ea9n th\u1eadn \u0111\u1ec3 ch\u1ecdn ra cho m\u1ed9t c\u1ed1t v\u1ee3t c\u00f3 \u0111\u1ed9 d\u00e0y 10 mm h\u1ed9i t\u1ee5 \u0111\u1ea7y \u0111\u1ee7 s\u1ee9c m\u1ea1nh, uy l\u1ef1c t\u1ea5n c\u00f4ng v\u00e0 c\u1ea3m gi\u00e1c tuy\u1ec7t v\u1eddi khi ch\u1ea1m [&hellip;]<\/p>\n","protected":false},"featured_media":3094,"comment_status":"open","ping_status":"closed","template":"","meta":{"_eb_attr":""},"product_cat":[139,26],"product_tag":[],"class_list":["post-3099","product","type-product","status-publish","has-post-thumbnail","hentry","product_cat-vot-doc","product_cat-cot-vot"],"_links":{"self":[{"href":"https:\/\/www.phivutabletennis.com\/index.php\/wp-json\/wp\/v2\/product\/3099","targetHints":{"allow":["GET"]}}],"collection":[{"href":"https:\/\/www.phivutabletennis.com\/index.php\/wp-json\/wp\/v2\/product"}],"about":[{"href":"https:\/\/www.phivutabletennis.com\/index.php\/wp-json\/wp\/v2\/types\/product"}],"replies":[{"embeddable":true,"href":"https:\/\/www.phivutabletennis.com\/index.php\/wp-json\/wp\/v2\/comments?post=3099"}],"wp:featuredmedia":[{"embeddable":true,"href":"https:\/\/www.phivutabletennis.com\/index.php\/wp-json\/wp\/v2\/media\/3094"}],"wp:attachment":[{"href":"https:\/\/www.phivutabletennis.com\/index.php\/wp-json\/wp\/v2\/media?parent=3099"}],"wp:term":[{"taxonomy":"product_cat","embeddable":true,"href":"https:\/\/www.phivutabletennis.com\/index.php\/wp-json\/wp\/v2\/product_cat?post=3099"},{"taxonomy":"product_tag","embeddable":true,"href":"https:\/\/www.phivutabletennis.com\/index.php\/wp-json\/wp\/v2\/product_tag?post=3099"}],"curies":[{"name":"wp","href":"https:\/\/api.w.org\/{rel}","templated":true}]}}