{"id":3108,"date":"2023-07-04T20:48:34","date_gmt":"2023-07-04T13:48:34","guid":{"rendered":"https:\/\/www.phivutabletennis.com\/?post_type=product&#038;p=3108"},"modified":"2023-07-04T20:48:34","modified_gmt":"2023-07-04T13:48:34","slug":"sk-carbon-cs","status":"publish","type":"product","link":"https:\/\/www.phivutabletennis.com\/index.php\/product\/sk-carbon-cs\/","title":{"rendered":"SK CARBON (CS)"},"content":{"rendered":"<p><strong>C\u1ed0T V\u1ee2T SK CARBON<br \/>\nS\u1ea3n xu\u1ea5t t\u1ea1i Nh\u1eadt B\u1ea3n\u00a0<\/strong><\/p>\n<p>C\u1ed1t v\u1ee3t SK Carbon t\u00edch h\u1ee3p t\u00ednh n\u0103ng c\u01a1 b\u1ea3n thu\u1ed9c d\u00f2ng s\u1ea3n ph\u1ea9m truy\u1ec1n th\u1ed1ng Tamca 5000, c\u1ed9ng v\u1edbi vi\u1ec7c \u0111i\u1ec1u ch\u1ec9nh b\u1ea3n v\u1ee3t m\u1ecfng v\u00e0 nh\u1eb9, gi\u00fap c\u1ed1t v\u1ee3t SK Carbon c\u00f3 th\u1ec3 ki\u1ec3m so\u00e1t t\u1ed1t h\u01a1n v\u1ec1 t\u1ed1c \u0111\u1ed9 so v\u1edbi c\u00e1c d\u00f2ng s\u1ea3n Tamca 5000 kh\u00e1c.<br \/>\nB\u1ea1n \u0111\u00e3 th\u1eed c\u1ea3m gi\u00e1c c\u1ed1t v\u1ee3t thu\u1ea7n g\u1ed7 ?<br \/>\nB\u1ea1n mu\u1ed1n t\u0103ng t\u1ed1c v\u1edbi 2 l\u1edbp s\u1ee3i carbon\u00a0nh\u01b0ng v\u1eabn mu\u1ed1n gi\u1eef c\u1ea3m gi\u00e1c\u00a0g\u1ed7?<\/p>\n<p>C\u1ed1t v\u1ee3t SK\u00a0Carbon s\u1ebd \u0111\u1ed3ng h\u00e0nh v\u00e0 \u0111\u00e1p \u1ee9ng ti\u00eau ch\u00ed b\u1ea1n ch\u1ecdn.<\/p>\n<table border=\"0\" cellspacing=\"1\" cellpadding=\"1\">\n<tbody>\n<tr>\n<td>C\u1ea5u t\u1ea1o<\/td>\n<td>:\u00a03\u00a0l\u1edbp g\u1ed7 +2 Carbon<\/td>\n<\/tr>\n<tr>\n<td>L\u1ef1c \u0111\u1ea9y<\/td>\n<td>:\u00a010.5\u00a0(t\u1ed1c \u0111\u1ed9)<\/td>\n<\/tr>\n<tr>\n<td>\u0110\u1ed9 rung<\/td>\n<td>:\u00a010.5\u00a0(c\u1ea3m gi\u00e1c)<\/td>\n<\/tr>\n<tr>\n<td>\u0110\u1ed9 d\u00e0y<\/td>\n<td>:\u00a05.2\u00a0mm<\/td>\n<\/tr>\n<tr>\n<td>B\u1ea3ng v\u1ee3t<\/td>\n<td>:\u00a0157 x 150mm<\/td>\n<\/tr>\n<tr>\n<td>Tr\u1ecdng l\u01b0\u1ee3ng<\/td>\n<td>:\u00a0\u00b1 76gr<\/td>\n<\/tr>\n<\/tbody>\n<\/table>\n<p><strong>H\u00e0ng ch\u00ednh h\u00e3ng b\u1ea3o h\u00e0nh 1 th\u00e1ng<\/strong><br \/>\n<strong>Theo th\u00f4ng s\u1ed1 chu\u1ea9n c\u1ee7a h\u00e3ng Butterfly<\/strong><\/p>\n","protected":false},"excerpt":{"rendered":"<p>C\u1ed0T V\u1ee2T SK CARBON S\u1ea3n xu\u1ea5t t\u1ea1i Nh\u1eadt B\u1ea3n\u00a0 C\u1ed1t v\u1ee3t SK Carbon t\u00edch h\u1ee3p t\u00ednh n\u0103ng c\u01a1 b\u1ea3n thu\u1ed9c d\u00f2ng s\u1ea3n ph\u1ea9m truy\u1ec1n th\u1ed1ng Tamca 5000, c\u1ed9ng v\u1edbi vi\u1ec7c \u0111i\u1ec1u ch\u1ec9nh b\u1ea3n v\u1ee3t m\u1ecfng v\u00e0 nh\u1eb9, gi\u00fap c\u1ed1t v\u1ee3t SK Carbon c\u00f3 th\u1ec3 ki\u1ec3m so\u00e1t t\u1ed1t h\u01a1n v\u1ec1 t\u1ed1c \u0111\u1ed9 so v\u1edbi c\u00e1c d\u00f2ng [&hellip;]<\/p>\n","protected":false},"featured_media":3093,"comment_status":"open","ping_status":"closed","template":"","meta":{"_eb_attr":""},"product_cat":[139,26],"product_tag":[],"class_list":["post-3108","product","type-product","status-publish","has-post-thumbnail","hentry","product_cat-vot-doc","product_cat-cot-vot"],"_links":{"self":[{"href":"https:\/\/www.phivutabletennis.com\/index.php\/wp-json\/wp\/v2\/product\/3108","targetHints":{"allow":["GET"]}}],"collection":[{"href":"https:\/\/www.phivutabletennis.com\/index.php\/wp-json\/wp\/v2\/product"}],"about":[{"href":"https:\/\/www.phivutabletennis.com\/index.php\/wp-json\/wp\/v2\/types\/product"}],"replies":[{"embeddable":true,"href":"https:\/\/www.phivutabletennis.com\/index.php\/wp-json\/wp\/v2\/comments?post=3108"}],"wp:featuredmedia":[{"embeddable":true,"href":"https:\/\/www.phivutabletennis.com\/index.php\/wp-json\/wp\/v2\/media\/3093"}],"wp:attachment":[{"href":"https:\/\/www.phivutabletennis.com\/index.php\/wp-json\/wp\/v2\/media?parent=3108"}],"wp:term":[{"taxonomy":"product_cat","embeddable":true,"href":"https:\/\/www.phivutabletennis.com\/index.php\/wp-json\/wp\/v2\/product_cat?post=3108"},{"taxonomy":"product_tag","embeddable":true,"href":"https:\/\/www.phivutabletennis.com\/index.php\/wp-json\/wp\/v2\/product_tag?post=3108"}],"curies":[{"name":"wp","href":"https:\/\/api.w.org\/{rel}","templated":true}]}}