{"id":3109,"date":"2023-07-04T20:49:29","date_gmt":"2023-07-04T13:49:29","guid":{"rendered":"https:\/\/www.phivutabletennis.com\/?post_type=product&#038;p=3109"},"modified":"2023-07-04T20:49:29","modified_gmt":"2023-07-04T13:49:29","slug":"sk7-classic-cs","status":"publish","type":"product","link":"https:\/\/www.phivutabletennis.com\/index.php\/product\/sk7-classic-cs\/","title":{"rendered":"SK7 CLASSIC (CS)"},"content":{"rendered":"<p><strong>C\u1ed0T V\u1ee2T SK7 CLASSIC<br \/>\nS\u1ea3n xu\u1ea5t t\u1ea1i Nh\u1eadt B\u1ea3n\u00a0<\/strong><\/p>\n<p>C\u1ed1t v\u1ee3t SK7 Classic \u0111\u01b0\u1ee3c s\u1ea3n xu\u1ea5t d\u1ef1a theo d\u00f2ng s\u1ea3n ph\u1ea9m c\u1ed5 \u0111i\u1ec3n SK7, s\u1ea3n ph\u1ea9m \u0111\u00e3 t\u1eebng \u0111\u01b0\u1ee3c v\u1eadn \u0111\u1ed9ng vi\u00ean \u0111\u1ed9i tuy\u1ec3n Nh\u1eadt B\u1ea3n tin d\u00f9ng v\u00e0 mang l\u1ea1i nhi\u1ec1u th\u00e0nh t\u00edch n\u1ed5i b\u1eadt trong nhi\u1ec1u n\u0103m li\u1ec1n.<br \/>\nThu\u1ea7n g\u1ed7 7 l\u1edbp, \u0111\u1ed9 \u1ed5n \u0111\u1ecbnh cao, gi\u00fap ng\u01b0\u1eddi ch\u01a1i c\u1ea3m nh\u1eadn r\u00f5 n\u00e9t v\u00e0 tinh t\u1ebf khi ti\u1ebfp x\u00fac b\u00f3ng.<br \/>\nS\u1ef1 l\u1ef1a ch\u1ecdn t\u1ed1i \u01b0u cho nh\u1eefng b\u1ea1n m\u1edbi t\u1eadp b\u00f3ng b\u00e0n, c\u1ea7n t\u1eadp trung c\u1ea3m nh\u1eadn c\u1ea3m gi\u00e1c ti\u1ebfp x\u00fac b\u00f3ng v\u00e0 \u1ed5n \u0111\u1ecbnh k\u1ef9 thu\u1eadt khi \u0111\u00e1nh b\u00f3ng.<\/p>\n<table border=\"0\" cellspacing=\"1\" cellpadding=\"1\">\n<tbody>\n<tr>\n<td>C\u1ea5u t\u1ea1o<\/td>\n<td>:\u00a07\u00a0l\u1edbp g\u1ed7<\/td>\n<\/tr>\n<tr>\n<td>L\u1ef1c \u0111\u1ea9y<\/td>\n<td>:\u00a011.1\u00a0(t\u1ed1c \u0111\u1ed9)<\/td>\n<\/tr>\n<tr>\n<td>\u0110\u1ed9 rung<\/td>\n<td>:\u00a0\u00a09.3\u00a0(c\u1ea3m gi\u00e1c)<\/td>\n<\/tr>\n<tr>\n<td>\u0110\u1ed9 d\u00e0y<\/td>\n<td>:\u00a06.8\u00a0mm<\/td>\n<\/tr>\n<tr>\n<td>B\u1ea3ng v\u1ee3t<\/td>\n<td>:\u00a0\u00a0157 x 150 mm<\/td>\n<\/tr>\n<tr>\n<td>Tr\u1ecdng l\u01b0\u1ee3ng<\/td>\n<td>: \u00b1 90gr<\/td>\n<\/tr>\n<\/tbody>\n<\/table>\n<p><strong>H\u00e0ng ch\u00ednh h\u00e3ng b\u1ea3o h\u00e0nh 1 th\u00e1ng<\/strong><br \/>\n<strong>Theo th\u00f4ng s\u1ed1 chu\u1ea9n c\u1ee7a h\u00e3ng Butterfly<\/strong><\/p>\n","protected":false},"excerpt":{"rendered":"<p>C\u1ed0T V\u1ee2T SK7 CLASSIC S\u1ea3n xu\u1ea5t t\u1ea1i Nh\u1eadt B\u1ea3n\u00a0 C\u1ed1t v\u1ee3t SK7 Classic \u0111\u01b0\u1ee3c s\u1ea3n xu\u1ea5t d\u1ef1a theo d\u00f2ng s\u1ea3n ph\u1ea9m c\u1ed5 \u0111i\u1ec3n SK7, s\u1ea3n ph\u1ea9m \u0111\u00e3 t\u1eebng \u0111\u01b0\u1ee3c v\u1eadn \u0111\u1ed9ng vi\u00ean \u0111\u1ed9i tuy\u1ec3n Nh\u1eadt B\u1ea3n tin d\u00f9ng v\u00e0 mang l\u1ea1i nhi\u1ec1u th\u00e0nh t\u00edch n\u1ed5i b\u1eadt trong nhi\u1ec1u n\u0103m li\u1ec1n. Thu\u1ea7n g\u1ed7 7 l\u1edbp, \u0111\u1ed9 [&hellip;]<\/p>\n","protected":false},"featured_media":3092,"comment_status":"open","ping_status":"closed","template":"","meta":{"_eb_attr":""},"product_cat":[139,26],"product_tag":[],"class_list":["post-3109","product","type-product","status-publish","has-post-thumbnail","hentry","product_cat-vot-doc","product_cat-cot-vot"],"_links":{"self":[{"href":"https:\/\/www.phivutabletennis.com\/index.php\/wp-json\/wp\/v2\/product\/3109","targetHints":{"allow":["GET"]}}],"collection":[{"href":"https:\/\/www.phivutabletennis.com\/index.php\/wp-json\/wp\/v2\/product"}],"about":[{"href":"https:\/\/www.phivutabletennis.com\/index.php\/wp-json\/wp\/v2\/types\/product"}],"replies":[{"embeddable":true,"href":"https:\/\/www.phivutabletennis.com\/index.php\/wp-json\/wp\/v2\/comments?post=3109"}],"wp:featuredmedia":[{"embeddable":true,"href":"https:\/\/www.phivutabletennis.com\/index.php\/wp-json\/wp\/v2\/media\/3092"}],"wp:attachment":[{"href":"https:\/\/www.phivutabletennis.com\/index.php\/wp-json\/wp\/v2\/media?parent=3109"}],"wp:term":[{"taxonomy":"product_cat","embeddable":true,"href":"https:\/\/www.phivutabletennis.com\/index.php\/wp-json\/wp\/v2\/product_cat?post=3109"},{"taxonomy":"product_tag","embeddable":true,"href":"https:\/\/www.phivutabletennis.com\/index.php\/wp-json\/wp\/v2\/product_tag?post=3109"}],"curies":[{"name":"wp","href":"https:\/\/api.w.org\/{rel}","templated":true}]}}