{"id":3121,"date":"2023-07-05T19:41:53","date_gmt":"2023-07-05T12:41:53","guid":{"rendered":"https:\/\/www.phivutabletennis.com\/?post_type=product&#038;p=3121"},"modified":"2023-07-05T19:41:53","modified_gmt":"2023-07-05T12:41:53","slug":"ao-chinh-hang-nittaku-nw-2202-mau-do","status":"publish","type":"product","link":"https:\/\/www.phivutabletennis.com\/index.php\/product\/ao-chinh-hang-nittaku-nw-2202-mau-do\/","title":{"rendered":"\u00c1O CH\u00cdNH H\u00c3NG NITTAKU NW 2202 M\u00c0U \u0110\u1ece"},"content":{"rendered":"<p><strong>Ch\u1ea5t li\u1ec7u v\u1ea3i:<\/strong>\u00a0Polyester<br \/>\n<strong>\u01afu \u0111i\u1ec3m:<\/strong><br \/>\nThi\u1ebft k\u1ebf m\u00e0u s\u1eafc \u0111i\u1ec3m nh\u1ea5n l\u00e0 c\u00e1c h\u1ecda ti\u1ebft hoa v\u0103n truy\u1ec1n th\u1ed1ng Nh\u1eadt B\u1ea3n \u0111ang xen v\u00e0o nhau, m\u00e0u s\u1eafc h\u00e0i h\u00f2a, ki\u1ec3u d\u00e1ng ph\u00f9 h\u1ee3p cho c\u1ea3 nam v\u00e0 n\u1eef, c\u00f4ng ngh\u1ec7 in chuy\u1ec3n nhi\u1ec7t, b\u1ec1n m\u00e0u, ch\u1ea5t li\u1ec7u v\u1ea3i m\u1ec1m m\u1ecbn, tho\u1ea3i m\u00e1i v\u00e0 h\u00fat tho\u00e1t m\u1ed3 h\u00f4i.<br \/>\n<strong>M\u00e0u s\u1eafc:<\/strong>\u00a0\u0110\u1ecf, \u0110en, Xanh, Xanh \u0111en<br \/>\nH\u00e0ng ch\u00ednh h\u00e3ng Nittaku, s\u1ea3n xu\u1ea5t t\u1ea1i nh\u00e0 m\u00e1y Trung Qu\u1ed1c<\/p>\n<p><img decoding=\"async\" src=\"https:\/\/bongban.asia\/image\/data\/NITTAKU\/NW%202202%20.jpg\" alt=\"\" \/><\/p>\n","protected":false},"excerpt":{"rendered":"<p>Ch\u1ea5t li\u1ec7u v\u1ea3i:\u00a0Polyester \u01afu \u0111i\u1ec3m: Thi\u1ebft k\u1ebf m\u00e0u s\u1eafc \u0111i\u1ec3m nh\u1ea5n l\u00e0 c\u00e1c h\u1ecda ti\u1ebft hoa v\u0103n truy\u1ec1n th\u1ed1ng Nh\u1eadt B\u1ea3n \u0111ang xen v\u00e0o nhau, m\u00e0u s\u1eafc h\u00e0i h\u00f2a, ki\u1ec3u d\u00e1ng ph\u00f9 h\u1ee3p cho c\u1ea3 nam v\u00e0 n\u1eef, c\u00f4ng ngh\u1ec7 in chuy\u1ec3n nhi\u1ec7t, b\u1ec1n m\u00e0u, ch\u1ea5t li\u1ec7u v\u1ea3i m\u1ec1m m\u1ecbn, tho\u1ea3i m\u00e1i v\u00e0 h\u00fat tho\u00e1t [&hellip;]<\/p>\n","protected":false},"featured_media":3124,"comment_status":"open","ping_status":"closed","template":"","meta":{"_eb_attr":""},"product_cat":[143,34],"product_tag":[],"class_list":["post-3121","product","type-product","status-publish","has-post-thumbnail","hentry","product_cat-quan-ao-nittaku","product_cat-quan-ao"],"_links":{"self":[{"href":"https:\/\/www.phivutabletennis.com\/index.php\/wp-json\/wp\/v2\/product\/3121","targetHints":{"allow":["GET"]}}],"collection":[{"href":"https:\/\/www.phivutabletennis.com\/index.php\/wp-json\/wp\/v2\/product"}],"about":[{"href":"https:\/\/www.phivutabletennis.com\/index.php\/wp-json\/wp\/v2\/types\/product"}],"replies":[{"embeddable":true,"href":"https:\/\/www.phivutabletennis.com\/index.php\/wp-json\/wp\/v2\/comments?post=3121"}],"wp:featuredmedia":[{"embeddable":true,"href":"https:\/\/www.phivutabletennis.com\/index.php\/wp-json\/wp\/v2\/media\/3124"}],"wp:attachment":[{"href":"https:\/\/www.phivutabletennis.com\/index.php\/wp-json\/wp\/v2\/media?parent=3121"}],"wp:term":[{"taxonomy":"product_cat","embeddable":true,"href":"https:\/\/www.phivutabletennis.com\/index.php\/wp-json\/wp\/v2\/product_cat?post=3121"},{"taxonomy":"product_tag","embeddable":true,"href":"https:\/\/www.phivutabletennis.com\/index.php\/wp-json\/wp\/v2\/product_tag?post=3121"}],"curies":[{"name":"wp","href":"https:\/\/api.w.org\/{rel}","templated":true}]}}