{"id":3136,"date":"2023-07-05T19:48:04","date_gmt":"2023-07-05T12:48:04","guid":{"rendered":"https:\/\/www.phivutabletennis.com\/?post_type=product&#038;p=3136"},"modified":"2023-07-05T19:48:05","modified_gmt":"2023-07-05T12:48:05","slug":"ao-chinh-hang-nittaku-nw-2207-mau-tim","status":"publish","type":"product","link":"https:\/\/www.phivutabletennis.com\/index.php\/product\/ao-chinh-hang-nittaku-nw-2207-mau-tim\/","title":{"rendered":"\u00c1O CH\u00cdNH H\u00c3NG NITTAKU NW 2207 M\u00c0U T\u00cdM"},"content":{"rendered":"<p><strong>TINH TH\u1ea6N \u0110\u1ed0I \u0110\u1ea6U V\u00c0 S\u1ef0 S\u1eb4N S\u00c0NG \u0110\u1ed0I M\u1eb6T V\u1edaI TH\u00c1CH TH\u1ee8C \u0110\u1ec2 CHI\u1ebeN TH\u1eaeNG<\/strong><\/p>\n<p>\u00c1o Nittaku ch\u00ednh h\u00e3ng \u201cSKY TRICK SHIRT\u201d mang \u0111\u1ebfn cho b\u1ea1n m\u1ed9t di\u1ec7n m\u1ea1o n\u1ed5i b\u1eadt.<br \/>\nThi\u1ebft k\u1ebf th\u1ec3 hi\u1ec7n \u201c\u0111\u1ed9ng l\u1ef1c\u201d v\u00e0 \u201c\u00fd ch\u00ed chi\u1ebfn th\u1eafng\u201d, ng\u01b0\u1eddi b\u1ea1n tinh th\u1ea7n \u0111\u1ed3ng h\u00e0nh \u0111\u00e1ng tin c\u1ee7a b\u1ea1n trong m\u1ecdi tr\u1eadn b\u00f3ng.<br \/>\nS\u1eed d\u1ee5ng m\u00e0u v\u00e0ng l\u00e0m \u0111i\u1ec3m nh\u1ea5n n\u1ed5i b\u1eadt, k\u1ebft h\u1ee3p v\u1edbi c\u00e1c phi\u00ean b\u1ea3n m\u00e0u s\u1eafc kh\u00e1c nhau mang l\u1ea1i phong c\u00e1ch t\u01b0\u01a1i s\u00e1ng v\u00e0 s\u1ef1 t\u1ef1 tin cho ng\u01b0\u1eddi m\u1eb7c, t\u1ea1o n\u00ean phong c\u00e1ch ri\u00eang, th\u1ec3 hi\u1ec7n c\u00e1 t\u00ednh c\u1ee7a m\u00ecnh.<br \/>\nCh\u1ea5t li\u1ec7u v\u1ea3i m\u1ec1m m\u1ea1i, h\u00fat tho\u00e1t m\u1ed3 h\u00f4i t\u1ed1t, t\u1ea1o s\u1ef1 tho\u1ea3i m\u00e1i v\u00e0 linh ho\u1ea1t, s\u1eb5n s\u00e0ng chinh ph\u1ee5c m\u1ecdi tr\u1eadn b\u00f3ng<br \/>\nThi\u1ebft k\u1ebf ph\u00f9 h\u1ee3p cho c\u1ea3 nam v\u00e0 n\u1eef.<\/p>\n<p><strong>MADE IN CHINA \u2013 S\u1ea3n xu\u1ea5t t\u1ea1i Trung Qu\u1ed1c\u00a0<\/strong><\/p>\n","protected":false},"excerpt":{"rendered":"<p>TINH TH\u1ea6N \u0110\u1ed0I \u0110\u1ea6U V\u00c0 S\u1ef0 S\u1eb4N S\u00c0NG \u0110\u1ed0I M\u1eb6T V\u1edaI TH\u00c1CH TH\u1ee8C \u0110\u1ec2 CHI\u1ebeN TH\u1eaeNG \u00c1o Nittaku ch\u00ednh h\u00e3ng \u201cSKY TRICK SHIRT\u201d mang \u0111\u1ebfn cho b\u1ea1n m\u1ed9t di\u1ec7n m\u1ea1o n\u1ed5i b\u1eadt. Thi\u1ebft k\u1ebf th\u1ec3 hi\u1ec7n \u201c\u0111\u1ed9ng l\u1ef1c\u201d v\u00e0 \u201c\u00fd ch\u00ed chi\u1ebfn th\u1eafng\u201d, ng\u01b0\u1eddi b\u1ea1n tinh th\u1ea7n \u0111\u1ed3ng h\u00e0nh \u0111\u00e1ng tin c\u1ee7a b\u1ea1n trong m\u1ecdi [&hellip;]<\/p>\n","protected":false},"featured_media":3143,"comment_status":"open","ping_status":"closed","template":"","meta":{"_eb_attr":""},"product_cat":[143,34],"product_tag":[],"class_list":["post-3136","product","type-product","status-publish","has-post-thumbnail","hentry","product_cat-quan-ao-nittaku","product_cat-quan-ao"],"_links":{"self":[{"href":"https:\/\/www.phivutabletennis.com\/index.php\/wp-json\/wp\/v2\/product\/3136","targetHints":{"allow":["GET"]}}],"collection":[{"href":"https:\/\/www.phivutabletennis.com\/index.php\/wp-json\/wp\/v2\/product"}],"about":[{"href":"https:\/\/www.phivutabletennis.com\/index.php\/wp-json\/wp\/v2\/types\/product"}],"replies":[{"embeddable":true,"href":"https:\/\/www.phivutabletennis.com\/index.php\/wp-json\/wp\/v2\/comments?post=3136"}],"wp:featuredmedia":[{"embeddable":true,"href":"https:\/\/www.phivutabletennis.com\/index.php\/wp-json\/wp\/v2\/media\/3143"}],"wp:attachment":[{"href":"https:\/\/www.phivutabletennis.com\/index.php\/wp-json\/wp\/v2\/media?parent=3136"}],"wp:term":[{"taxonomy":"product_cat","embeddable":true,"href":"https:\/\/www.phivutabletennis.com\/index.php\/wp-json\/wp\/v2\/product_cat?post=3136"},{"taxonomy":"product_tag","embeddable":true,"href":"https:\/\/www.phivutabletennis.com\/index.php\/wp-json\/wp\/v2\/product_tag?post=3136"}],"curies":[{"name":"wp","href":"https:\/\/api.w.org\/{rel}","templated":true}]}}