{"id":3191,"date":"2023-07-05T20:05:05","date_gmt":"2023-07-05T13:05:05","guid":{"rendered":"https:\/\/www.phivutabletennis.com\/?post_type=product&#038;p=3191"},"modified":"2023-07-05T20:05:05","modified_gmt":"2023-07-05T13:05:05","slug":"quan-nittaku-nv17-gan-den-trang","status":"publish","type":"product","link":"https:\/\/www.phivutabletennis.com\/index.php\/product\/quan-nittaku-nv17-gan-den-trang\/","title":{"rendered":"QU\u1ea6N NITTAKU NV17 G\u00c2N \u0110EN TR\u1eaeNG"},"content":{"rendered":"<p><strong>H\u00c0NG VI\u1ec6T NAM CH\u1ea4T L\u01af\u1ee2NG CAO\u00a0S\u1ea2N XU\u1ea4T D\u01af\u1edaI S\u1ef0 CHO PH\u00c9P\u00a0C\u1ee6A H\u00c3NG NITTAKU\u00a0<\/strong><\/p>\n<p><strong><u>Ch\u1ea5t li\u1ec7u:\u00a0<\/u>\u00a0<\/strong>V\u1ea3i g\u00e2n d\u00f9<\/p>\n<p><strong><u>\u01afu \u0111i\u1ec3m:<\/u><\/strong>\u00a0 nh\u1eb9,\u00a0tho\u1ea3i m\u00e1i .<\/p>\n<p><strong><u>M\u00e0u s\u1eafc:<\/u>\u00a0<\/strong>2 m\u00e0u\u00a0 (\u0110en line tr\u1eafng\u00a0v\u00e0 \u0110en line \u0111\u1ecf)<\/p>\n<p><strong><u>Size:<\/u>\u00a0<\/strong>XS, S, M, L, XL,XXL<\/p>\n<p><img decoding=\"async\" src=\"https:\/\/bongban.asia\/image\/data\/GAN%201.jpg\" alt=\"\" \/><\/p>\n","protected":false},"excerpt":{"rendered":"<p>H\u00c0NG VI\u1ec6T NAM CH\u1ea4T L\u01af\u1ee2NG CAO\u00a0S\u1ea2N XU\u1ea4T D\u01af\u1edaI S\u1ef0 CHO PH\u00c9P\u00a0C\u1ee6A H\u00c3NG NITTAKU\u00a0 Ch\u1ea5t li\u1ec7u:\u00a0\u00a0V\u1ea3i g\u00e2n d\u00f9 \u01afu \u0111i\u1ec3m:\u00a0 nh\u1eb9,\u00a0tho\u1ea3i m\u00e1i . M\u00e0u s\u1eafc:\u00a02 m\u00e0u\u00a0 (\u0110en line tr\u1eafng\u00a0v\u00e0 \u0110en line \u0111\u1ecf) Size:\u00a0XS, S, M, L, XL,XXL<\/p>\n","protected":false},"featured_media":3186,"comment_status":"open","ping_status":"closed","template":"","meta":{"_eb_attr":""},"product_cat":[143,34],"product_tag":[],"class_list":["post-3191","product","type-product","status-publish","has-post-thumbnail","hentry","product_cat-quan-ao-nittaku","product_cat-quan-ao"],"_links":{"self":[{"href":"https:\/\/www.phivutabletennis.com\/index.php\/wp-json\/wp\/v2\/product\/3191","targetHints":{"allow":["GET"]}}],"collection":[{"href":"https:\/\/www.phivutabletennis.com\/index.php\/wp-json\/wp\/v2\/product"}],"about":[{"href":"https:\/\/www.phivutabletennis.com\/index.php\/wp-json\/wp\/v2\/types\/product"}],"replies":[{"embeddable":true,"href":"https:\/\/www.phivutabletennis.com\/index.php\/wp-json\/wp\/v2\/comments?post=3191"}],"wp:featuredmedia":[{"embeddable":true,"href":"https:\/\/www.phivutabletennis.com\/index.php\/wp-json\/wp\/v2\/media\/3186"}],"wp:attachment":[{"href":"https:\/\/www.phivutabletennis.com\/index.php\/wp-json\/wp\/v2\/media?parent=3191"}],"wp:term":[{"taxonomy":"product_cat","embeddable":true,"href":"https:\/\/www.phivutabletennis.com\/index.php\/wp-json\/wp\/v2\/product_cat?post=3191"},{"taxonomy":"product_tag","embeddable":true,"href":"https:\/\/www.phivutabletennis.com\/index.php\/wp-json\/wp\/v2\/product_tag?post=3191"}],"curies":[{"name":"wp","href":"https:\/\/api.w.org\/{rel}","templated":true}]}}