{"id":3202,"date":"2023-07-05T20:12:04","date_gmt":"2023-07-05T13:12:04","guid":{"rendered":"https:\/\/www.phivutabletennis.com\/?post_type=product&#038;p=3202"},"modified":"2023-07-05T20:12:04","modified_gmt":"2023-07-05T13:12:04","slug":"gyo-en","status":"publish","type":"product","link":"https:\/\/www.phivutabletennis.com\/index.php\/product\/gyo-en\/","title":{"rendered":"GYO- EN"},"content":{"rendered":"<p><strong>\u0110I\u1ec2M NH\u1ea4N S\u1eaeC M\u00c0U CHO TR\u1eacN \u0110\u1ea4U\u00a0<\/strong><\/p>\n<p>M\u00f4n b\u00f3ng b\u00e0n \u0111\u00f2i h\u1ecfi ng\u01b0\u1eddi ch\u01a1i s\u1eed d\u1ee5ng \u0111a d\u1ea1ng c\u00e1c k\u1ef9 thu\u1eadt v\u00e0 c\u1ed1t v\u1ee3t l\u00e0 m\u1ed9t c\u00f4ng c\u1ee5 quan tr\u1ecdng h\u1ed7 tr\u1ee3 trong tr\u1eadn t\u1eadp luy\u1ec7n v\u00e0 thi \u0111\u1ea5u.<\/p>\n<p>D\u00f2ng s\u1ea3n ph\u1ea9m IRODORI t\u1eadp trung tinh hoa c\u1ee7a c\u00f4ng ngh\u1ec7 Nh\u1eadt B\u1ea3n, k\u1ebft h\u1ee3p hai \u0111\u1eb7c t\u00ednh tr\u00e1i ng\u01b0\u1ee3c v\u1ed1n c\u00f3 l\u00e0 &#8220;c\u1ea3m gi\u00e1c b\u00f3ng&#8221; v\u00e0 &#8220;t\u1ed1c \u0111\u1ed9 ra b\u00f3ng&#8221; nh\u1eb1m th\u1ef1c hi\u1ec7n vi\u1ec7c c\u00e2n b\u1eb1ng c\u00e1c y\u1ebfu t\u1ed1 quan tr\u1ecdng nh\u01b0 &#8220;k\u1ef9 thu\u1eadt thi \u0111\u1ea5u \u0111\u1ec3 chi\u1ebfm l\u1ee3i th\u1ebf tr\u01b0\u1edbc&#8221; v\u00e0 &#8220;s\u1ee9c m\u1ea1nh t\u1ea5n c\u00f4ng \u00e1p \u0111\u1ea3o \u0111\u1ed1i th\u1ee7&#8221;, \u0111i\u1ec3m \u0111\u1ed1i l\u1eadp \u0111\u1ec3 m\u1edf r\u1ed9ng ph\u1ea1m vi chi\u1ebfn thu\u1eadt, l\u00e0m t\u1ecfa s\u00e1ng l\u1ed1i ch\u01a1i c\u1ee7a b\u1ea1n v\u00e0 l\u00e0 y\u1ebfu t\u1ed1 quan tr\u1ecdng c\u1ea7n thi\u1ebft \u0111\u1ec3 \u0111\u1ea1t \u0111\u01b0\u1ee3c chi\u1ebfn th\u1eafng.<\/p>\n<p><strong>TH\u01af\u01a0NG HI\u1ec6U NITTAKU V\u00c0 TI\u00caU CH\u00cd PH\u00c1T TRI\u1ec2N<\/strong><\/p>\n<p>So v\u1edbi c\u00e1c d\u1ee5ng c\u1ee5 kh\u00e1c, c\u1ed1t v\u1ee3t l\u00e0 ng\u01b0\u1eddi b\u1ea1n \u0111\u1ed3ng h\u00e0nh m\u00e0 ng\u01b0\u1eddi ch\u01a1i s\u1ebd s\u1eed d\u1ee5ng l\u00e2u d\u00e0i. H\u00e3ng Nittaku \u0111\u00e3 kh\u00f4ng ng\u1eebng nghi\u00ean c\u1ee9u t\u1eebng ng\u00e0y \u0111\u1ec3 ph\u00e1t tri\u1ec3n c\u00e1c c\u1ed1t v\u1ee3t m\u00e0 ng\u01b0\u1eddi ch\u01a1i c\u00f3 th\u1ec3 tin t\u01b0\u1edfng tuy\u1ec7t \u0111\u1ed1i.<br \/>\nV\u1edbi ni\u1ec1m t\u1ef1 h\u00e0o l\u00e0 \u0111\u01a1n v\u1ecb ti\u00ean phong ra m\u1eaft c\u1ed1t v\u1ee3t carbon \u0111\u1ea7u ti\u00ean trong ng\u00e0nh s\u1ea3n xu\u1ea5t d\u1ee5ng c\u1ee5 b\u00f3ng b\u00e0n v\u00e0o n\u0103m 1978, ch\u00fang t\u00f4i \u0111\u00e3 ho\u00e0n thi\u1ec7n m\u1ed9t c\u1ed1t v\u1ee3t t\u01b0\u1ee3ng tr\u01b0ng cho th\u1eddi \u0111\u1ea1i m\u1edbi c\u1ee7a Nittaku.<\/p>\n<p><strong>GYO- EN \u2013 BI\u1ec2U T\u01af\u1ee2NG &#8220;\u00c1NH S\u00c1NG B\u00ccNH MINH&#8221; &#8211;\u00a0<\/strong><b>S\u1ea3n xu\u1ea5t t\u1ea1i Nh\u1eadt B\u1ea3n &#8211; MADE IN JAPAN\u00a0<\/b><\/p>\n<p>Qu\u1ef9 \u0111\u1ea1o th\u1eb3ng \u0111\u01b0\u1ee3c t\u1ea1o ra t\u1eeb l\u1ef1c \u0111\u1ea9y cao.<\/p>\n<p>Series c\u1ed1t v\u1ee3t\u00a0<strong>IRODORI GYO- EN<\/strong>\u00a0thi\u1ebft k\u1ebf b\u1eb1ng v\u1eadt li\u1ec7u KVC3 Carbon g\u1ea7n l\u1edbp g\u1ed7 ngo\u00e0i c\u00f9ng, l\u1ea5y \u0111i\u1ec3m nh\u1ea5n n\u1ed5i b\u1eadt v\u1edbi th\u1eddi gian l\u01b0u b\u00f3ng v\u00e0 c\u1ef1 ly b\u00f3ng n\u1ea3y \u0111\u01b0\u1ee3c t\u00ednh to\u00e1n nh\u1eb1m k\u1ef9 l\u01b0\u1ee1ng gi\u00fap t\u1ea1o \u0111\u1ed9 c\u00e2n b\u1eb1ng, c\u1ea3m gi\u00e1c b\u00f3ng t\u1ed1t, \u0111i\u1ec3m r\u01a1i b\u00f3ng chu\u1ea9n, \u0111\u1ed3ng th\u1eddi t\u0103ng th\u00eam l\u1ef1c \u0111\u1ea9y trong l\u1ed1i \u0111\u00e1nh t\u1ea5n c\u00f4ng.<\/p>\n<p>C\u1ed1t v\u1ee3t\u00a0<strong>IRODORI\u00a0<\/strong><strong>GYO- EN<\/strong>\u00a0v\u1edbi kh\u1ea3 n\u0103ng x\u1eed l\u00fd b\u00f3ng tr\u00ean b\u00e0n tinh t\u1ebf, mang \u0111\u1ebfn s\u1ef1 \u1ed5n \u0111\u1ecbnh khi\u1ebfn \u0111\u1ed1i th\u1ee7 b\u1ecb \u00e1p \u0111\u1ea3o b\u1eb1ng nh\u1eefng \u0111\u01b0\u1eddng b\u00f3ng th\u1eb3ng s\u00e2u v\u00e0o b\u00e0n \u0111\u1ed1i ph\u01b0\u01a1ng.<\/p>\n<p>Thi\u1ebft k\u1ebf c\u00e1n v\u1ee3t \u0111\u1ea7y \u0111\u1eb7n gi\u00fap t\u0103ng \u0111\u1ed9 ch\u1eafc ch\u1eafn khi c\u1ea7m, \u0111\u1ed3ng th\u1eddi t\u0103ng kh\u1ea3 n\u0103ng ph\u00e1t huy s\u1ee9c m\u1ea1nh khi ch\u1ea1m b\u00f3ng.<\/p>\n<table border=\"0\" cellspacing=\"1\" cellpadding=\"1\">\n<tbody>\n<tr>\n<td><span style=\"color: #333333;\">C\u1ea5u t\u1ea1o<\/span><\/td>\n<td><span style=\"color: #333333;\">:\u00a05 l\u1edbp g\u1ed7 + 2 l\u1edbp Carbon KVC3 g\u1ea7n l\u1edbp g\u1ed7 ngo\u00e0i<\/span><\/td>\n<\/tr>\n<tr>\n<td><span style=\"color: #333333;\">L\u1ef1c \u0111\u1ea9y<\/span><\/td>\n<td><span style=\"color: #333333;\">:\u00a0Trung b\u00ecnh nhanh<\/span><\/td>\n<\/tr>\n<tr>\n<td><span style=\"color: #333333;\">\u0110\u1ed9 rung<\/span><\/td>\n<td><span style=\"color: #333333;\">:\u00a0C\u1ee9ng<\/span><\/td>\n<\/tr>\n<tr>\n<td><span style=\"color: #333333;\">\u0110\u1ed9 d\u00e0y<\/span><\/td>\n<td><span style=\"color: #333333;\">:\u00a0\u00a05.6mm<\/span><\/td>\n<\/tr>\n<tr>\n<td><span style=\"color: #333333;\">B\u1ea3ng v\u1ee3t<\/span><\/td>\n<td><span style=\"color: #333333;\">:\u00a0157 x 150mm<\/span><\/td>\n<\/tr>\n<tr>\n<td><span style=\"color: #333333;\">Tr\u1ecdng l\u01b0\u1ee3ng<\/span><\/td>\n<td>: \u00b1 82gr<\/td>\n<\/tr>\n<\/tbody>\n<\/table>\n<p><strong>Theo th\u00f4ng s\u1ed1 chu\u1ea9n c\u1ee7a h\u00e3ng Nittaku<\/strong>\u200b<br \/>\n<strong>H\u00e0ng ch\u00ednh h\u00e3ng b\u1ea3o h\u00e0nh 1 th\u00e1ng<\/strong><\/p>\n","protected":false},"excerpt":{"rendered":"<p>\u0110I\u1ec2M NH\u1ea4N S\u1eaeC M\u00c0U CHO TR\u1eacN \u0110\u1ea4U\u00a0 M\u00f4n b\u00f3ng b\u00e0n \u0111\u00f2i h\u1ecfi ng\u01b0\u1eddi ch\u01a1i s\u1eed d\u1ee5ng \u0111a d\u1ea1ng c\u00e1c k\u1ef9 thu\u1eadt v\u00e0 c\u1ed1t v\u1ee3t l\u00e0 m\u1ed9t c\u00f4ng c\u1ee5 quan tr\u1ecdng h\u1ed7 tr\u1ee3 trong tr\u1eadn t\u1eadp luy\u1ec7n v\u00e0 thi \u0111\u1ea5u. D\u00f2ng s\u1ea3n ph\u1ea9m IRODORI t\u1eadp trung tinh hoa c\u1ee7a c\u00f4ng ngh\u1ec7 Nh\u1eadt B\u1ea3n, k\u1ebft h\u1ee3p hai [&hellip;]<\/p>\n","protected":false},"featured_media":3203,"comment_status":"open","ping_status":"closed","template":"","meta":{"_eb_attr":""},"product_cat":[142,26],"product_tag":[],"class_list":["post-3202","product","type-product","status-publish","has-post-thumbnail","hentry","product_cat-cot-vot-nittaku","product_cat-cot-vot"],"_links":{"self":[{"href":"https:\/\/www.phivutabletennis.com\/index.php\/wp-json\/wp\/v2\/product\/3202","targetHints":{"allow":["GET"]}}],"collection":[{"href":"https:\/\/www.phivutabletennis.com\/index.php\/wp-json\/wp\/v2\/product"}],"about":[{"href":"https:\/\/www.phivutabletennis.com\/index.php\/wp-json\/wp\/v2\/types\/product"}],"replies":[{"embeddable":true,"href":"https:\/\/www.phivutabletennis.com\/index.php\/wp-json\/wp\/v2\/comments?post=3202"}],"wp:featuredmedia":[{"embeddable":true,"href":"https:\/\/www.phivutabletennis.com\/index.php\/wp-json\/wp\/v2\/media\/3203"}],"wp:attachment":[{"href":"https:\/\/www.phivutabletennis.com\/index.php\/wp-json\/wp\/v2\/media?parent=3202"}],"wp:term":[{"taxonomy":"product_cat","embeddable":true,"href":"https:\/\/www.phivutabletennis.com\/index.php\/wp-json\/wp\/v2\/product_cat?post=3202"},{"taxonomy":"product_tag","embeddable":true,"href":"https:\/\/www.phivutabletennis.com\/index.php\/wp-json\/wp\/v2\/product_tag?post=3202"}],"curies":[{"name":"wp","href":"https:\/\/api.w.org\/{rel}","templated":true}]}}