{"id":3209,"date":"2023-07-05T20:16:13","date_gmt":"2023-07-05T13:16:13","guid":{"rendered":"https:\/\/www.phivutabletennis.com\/?post_type=product&#038;p=3209"},"modified":"2023-07-05T20:16:13","modified_gmt":"2023-07-05T13:16:13","slug":"hina-hayata-h2","status":"publish","type":"product","link":"https:\/\/www.phivutabletennis.com\/index.php\/product\/hina-hayata-h2\/","title":{"rendered":"HINA HAYATA H2"},"content":{"rendered":"<div><strong>S\u1ea3n xu\u1ea5t t\u1ea1i Nh\u1eadt B\u1ea3n\u00a0<\/strong><\/div>\n<div>C\u1ed1t v\u1ee3t Hina Hayata H2 \u0111\u01b0\u1ee3c s\u1ea3n xu\u1ea5t \u0111\u1ea1t chu\u1ea9n sau nhi\u1ec1u l\u1ea7n \u0111\u00e1nh gi\u00e1 v\u00e0 th\u1eed nghi\u1ec7m d\u1ef1a tr\u00ean \u00fd ki\u1ebfn c\u1ee7a V\u1eadn \u0111\u1ed9ng vi\u00ean Hina Hayata<\/div>\n<div>Thi\u00ea\u0301t k\u00ea\u0301 v\u00e2\u0323t li\u00ea\u0323u PKC m\u01a1\u0301i, k\u00ea\u0301t h\u01a1\u0323p gi\u01b0\u0303a s\u01a1\u0323i Kevlar va\u0300 s\u01a1\u0323i Carbon co\u0301 \u0111\u00f4\u0323 \u0111a\u0300n h\u00f4\u0300i cao.<\/div>\n<div>L\u01a1\u0301p s\u01a1\u0323i PKC n\u0103\u0300m g\u00e2\u0300n l\u01a1\u0301p g\u00f4\u0303 lo\u0303i trung t\u00e2m, gi\u00fap ng\u01b0\u1eddi ch\u01a1i c\u1ea3m nh\u1eadn \u0111\u01b0\u1ee3c c\u1ea3m gia\u0301c b\u00f3ng m\u1ed9t c\u00e1ch r\u00f5 n\u00e9t v\u00e0 tinh t\u1ebf nh\u1ea5t.<\/div>\n<div>C\u1ed1t v\u1ee3t mang t\u00ean Hina Hayata v\u1edbi th\u00f4ng s\u00f4\u0301 ba\u0309ng v\u01a1\u0323t \u0111\u01b0\u01a1\u0323c ti\u0301nh toa\u0301n va\u0300 thi\u00ea\u0301t k\u00ea\u0301 to h\u01a1n so v\u01a1\u0301i ba\u0309n v\u01a1\u0323t th\u00f4ng th\u01b0\u01a1\u0300ng, tuy\u1ec3n ch\u1ecdn t\u1eeb nh\u1eefng t\u1ea5m g\u1ed7 t\u1ed1t nh\u1ea5t v\u00e0 ho\u00e0n thi\u1ec7n, g\u00f3p ph\u1ea7n t\u0103ng th\u00eam s\u1ee9c m\u1ea1nh, \u0111\u1ed3ng th\u1eddi ph\u00e1t huy \u0111\u0103\u0323c ti\u0301nh \u01b0u vi\u00ea\u0323t v\u1edbi \u0111\u1ed9 linh ho\u1ea1t cao, nhanh, m\u1ea1nh, xo\u00e1y v\u00e0 \u1ed5n \u0111\u1ecbnh<\/div>\n<div>Thi\u00ea\u0301t k\u00ea\u0301 th\u00e2n ca\u0301n v\u01a1\u0323t \u0111\u01b0\u1ee3c V\u00e2\u0323n \u0111\u00f4\u0323ng vi\u00ean Hina Hayata l\u1ef1a ch\u1ecdn v\u1edbi ho\u0323a ti\u00ea\u0301t m\u00e0u s\u1eafc theo gam m\u00e0u chu\u0309 \u0111a\u0323o c\u1ee7a b\u1ea7u tr\u1eddi, bi\u1ec3n v\u00e0 tr\u00e1i \u0111\u1ea5t l\u00e0 m\u00e0u &#8220;xanh lam, xanh l\u1ee5c v\u00e0 t\u00edm&#8221; mang n\u00e9t h\u00e0i h\u00f2a, \u0111\u1eb7c tr\u01b0ng cho m\u1ed9t s\u1ea3n ph\u1ea9m s\u1ea3n xu\u1ea5t t\u1ea1i Nh\u00e2\u0323t B\u1ea3n.<\/div>\n<div>Bi\u1ec3u t\u01b0\u1ee3ng H2 tr\u00ean th\u00e2n c\u00e1n v\u1ee3t \u0111\u01b0\u1ee3c thi\u1ebft k\u1ebf t\u01b0\u0300 hai ch\u01b0\u0303 H \u0111\u00e2\u0300u ti\u00ean trong t\u00ean cu\u0309a V\u0110V Hina Hayata \u0111\u1ed3ng th\u1eddi truy\u1ec1n t\u1ea3i n\u00e9t tr\u1ebb trung, d\u1ec5 th\u01b0\u01a1ng v\u00e0 s\u1ee9c m\u1ea1nh chi\u1ebfn \u0111\u1ea5u.<\/div>\n<div>V\u0110V Hina Hayate chia se\u0303:<\/div>\n<div>Hina Hayata &#8211; C\u00f4\u0301t v\u01a1\u0323t \u0111\u01b0\u01a1\u0323c ra s\u1ea3n xu\u1ea5t sau nhi\u00ea\u0300u l\u00e2\u0300n trao \u0111\u1ed5i v\u00e0 quy\u1ebft \u0111\u1ecbnh t\u1eeb nh\u1eefng chi ti\u1ebft nh\u1ecf nh\u1ea5t \u0111\u1ebfn nh\u1eefng l\u1ea7n th\u01b0\u0309 nghi\u00ea\u0323m giu\u0301p ba\u0323n co\u0301 th\u00ea\u0309 t\u01b0\u0323 tin chi\u00ea\u0301n \u0111\u00e2\u0301u.<\/div>\n<div>T\u00f4i mong r\u1eb1ng s\u1ef1 nghi\u1ec7p b\u00f3ng b\u00e0n c\u1ee7a b\u1ea1n lu\u00f4n tr\u1edf n\u00ean tuy\u1ec7t v\u1eddi!<\/div>\n<div>H\u00e3y c\u00f9ng t\u00f4i h\u01b0\u1edbng t\u1edbi m\u1ee5c ti\u00eau \u0111\u1ec9nh cao nh\u00e9!<\/div>\n<div>\n<table border=\"0\" cellspacing=\"1\" cellpadding=\"1\">\n<tbody>\n<tr>\n<td>C\u1ea5u t\u1ea1o<\/td>\n<td>: 5 l\u1edbp g\u1ed7 + 2 l\u1edbp PK Carbon<\/td>\n<\/tr>\n<tr>\n<td>T\u1ed1c \u0111\u1ed9<\/td>\n<td>: Trung b\u00ecnh nhanh<\/td>\n<\/tr>\n<tr>\n<td>C\u1ea3m gi\u00e1c<\/td>\n<td>: M\u1ec1m<\/td>\n<\/tr>\n<tr>\n<td>\u0110\u1ed9 d\u00e0y<\/td>\n<td>: 5.8mm<\/td>\n<\/tr>\n<tr>\n<td>B\u1ea3ng v\u1ee3t<\/td>\n<td>: 158 x 152mm<\/td>\n<\/tr>\n<tr>\n<td>Tr\u1ecdng l\u01b0\u1ee3ng<\/td>\n<td>: \u00b1 88gr<\/td>\n<\/tr>\n<\/tbody>\n<\/table>\n<\/div>\n<div><strong>Theo th\u00f4ng s\u1ed1 chu\u1ea9n c\u1ee7a h\u00e3ng Nittaku<\/strong><\/div>\n<div><strong>H\u00e0ng ch\u00ednh h\u00e3ng b\u1ea3o h\u00e0nh 1 th\u00e1ng<\/strong><\/div>\n<div>\n<p><strong>V\u1eadn \u0111\u1ed9ng vi\u00ean Hina Hayata hi\u1ec7n \u0111ang n\u1eafm gi\u1eef v\u1ecb tr\u00ed s\u1ed1 6 th\u1ebf gi\u1edbi theo b\u1ea3ng x\u1ebfp h\u1ea1ng c\u1ee7a Li\u00ean \u0111o\u00e0n b\u00f3ng b\u00e0n Th\u1ebf gi\u1edbi (t\u00ednh \u0111\u1ebfn ng\u00e0y 27\/08\/2022)<\/strong><\/p>\n<\/div>\n<p>&nbsp;<\/p>\n<p><img decoding=\"async\" src=\"https:\/\/bongban.asia\/image\/data\/HAYATE.jpg\" alt=\"\" \/><\/p>\n<p><u><strong>Tha\u0300nh ti\u0301ch:<\/strong><\/u><\/p>\n<ul>\n<li>V\u00f4 \u0111\u1ecbch \u0110\u01a1n n\u1eef t\u1ea1i gi\u1ea3i T League NOJIMA CUP 2022<\/li>\n<li>Gi\u1ea3i nh\u00ec \u0111\u00f4i n\u1eef t\u1ea1i Gi\u1ea3i V\u00f4 \u0111\u1ecbch Th\u1ebf gi\u1edbi Th\u00e0nh \u0110\u00f4 2022<\/li>\n<li>Gi\u1ea3i nh\u00ec \u0111\u00f4i n\u1eef t\u1ea1i Gi\u1ea3i v\u00f4 \u0111\u1ecbch th\u1ebf gi\u1edbi Houston 2021<\/li>\n<li>V\u00f4 \u0111\u1ecbch \u0111\u01a1n n\u1eef Gi\u1ea3i v\u00f4 \u0111\u1ecbch ch\u00e2u \u00c1 l\u1ea7n th\u1ee9 25 2021<\/li>\n<li>V\u00f4 \u0111\u1ecbch \u0111\u00f4i nam n\u1eef ITTF World Tour Platinum Austria Open<\/li>\n<li>Gi\u1ea3i nh\u00ec \u0111\u00f4i n\u1eef t\u1ea1i Gi\u1ea3i v\u00f4 \u0111\u1ecbch b\u00f3ng b\u00e0n th\u1ebf gi\u1edbi 2019 Budapest<\/li>\n<\/ul>\n","protected":false},"excerpt":{"rendered":"<p>S\u1ea3n xu\u1ea5t t\u1ea1i Nh\u1eadt B\u1ea3n\u00a0 C\u1ed1t v\u1ee3t Hina Hayata H2 \u0111\u01b0\u1ee3c s\u1ea3n xu\u1ea5t \u0111\u1ea1t chu\u1ea9n sau nhi\u1ec1u l\u1ea7n \u0111\u00e1nh gi\u00e1 v\u00e0 th\u1eed nghi\u1ec7m d\u1ef1a tr\u00ean \u00fd ki\u1ebfn c\u1ee7a V\u1eadn \u0111\u1ed9ng vi\u00ean Hina Hayata Thi\u00ea\u0301t k\u00ea\u0301 v\u00e2\u0323t li\u00ea\u0323u PKC m\u01a1\u0301i, k\u00ea\u0301t h\u01a1\u0323p gi\u01b0\u0303a s\u01a1\u0323i Kevlar va\u0300 s\u01a1\u0323i Carbon co\u0301 \u0111\u00f4\u0323 \u0111a\u0300n h\u00f4\u0300i cao. L\u01a1\u0301p s\u01a1\u0323i PKC [&hellip;]<\/p>\n","protected":false},"featured_media":3213,"comment_status":"open","ping_status":"closed","template":"","meta":{"_eb_attr":""},"product_cat":[142,26],"product_tag":[],"class_list":["post-3209","product","type-product","status-publish","has-post-thumbnail","hentry","product_cat-cot-vot-nittaku","product_cat-cot-vot"],"_links":{"self":[{"href":"https:\/\/www.phivutabletennis.com\/index.php\/wp-json\/wp\/v2\/product\/3209","targetHints":{"allow":["GET"]}}],"collection":[{"href":"https:\/\/www.phivutabletennis.com\/index.php\/wp-json\/wp\/v2\/product"}],"about":[{"href":"https:\/\/www.phivutabletennis.com\/index.php\/wp-json\/wp\/v2\/types\/product"}],"replies":[{"embeddable":true,"href":"https:\/\/www.phivutabletennis.com\/index.php\/wp-json\/wp\/v2\/comments?post=3209"}],"wp:featuredmedia":[{"embeddable":true,"href":"https:\/\/www.phivutabletennis.com\/index.php\/wp-json\/wp\/v2\/media\/3213"}],"wp:attachment":[{"href":"https:\/\/www.phivutabletennis.com\/index.php\/wp-json\/wp\/v2\/media?parent=3209"}],"wp:term":[{"taxonomy":"product_cat","embeddable":true,"href":"https:\/\/www.phivutabletennis.com\/index.php\/wp-json\/wp\/v2\/product_cat?post=3209"},{"taxonomy":"product_tag","embeddable":true,"href":"https:\/\/www.phivutabletennis.com\/index.php\/wp-json\/wp\/v2\/product_tag?post=3209"}],"curies":[{"name":"wp","href":"https:\/\/api.w.org\/{rel}","templated":true}]}}