{"id":3220,"date":"2023-07-05T20:19:31","date_gmt":"2023-07-05T13:19:31","guid":{"rendered":"https:\/\/www.phivutabletennis.com\/?post_type=product&#038;p=3220"},"modified":"2023-07-05T20:19:31","modified_gmt":"2023-07-05T13:19:31","slug":"3220","status":"publish","type":"product","link":"https:\/\/www.phivutabletennis.com\/index.php\/product\/3220\/","title":{"rendered":""},"content":{"rendered":"<p><strong>H\u00c0NG CH\u00cdNH H\u00c3NG NITTAKU S\u1ea2N XU\u1ea4T T\u1ea0I NH\u1eacT B\u1ea2N- MADE IN JAPAN<\/strong><\/p>\n<p>\u0110\u01b0\u1ee3c ng\u01b0\u1eddi ch\u01a1i \u0111\u00e1nh gi\u00e1 cao v\u1ec1 \u0111\u1ed9 ki\u1ec3m so\u00e1t b\u00f3ng, d\u1ec5 ph\u00e1t huy khi k\u1ebft h\u1ee3p v\u1edbi c\u00e1c lo\u1ea1i m\u1eb7t v\u1ee3t Trung Qu\u1ed1c.<\/p>\n<ul>\n<li>C\u1ea5u t\u1ea1o: 5 l\u1edbp g\u1ed7<\/li>\n<li>T\u1ed1c \u0111\u1ed9: trung b\u00ecnh<\/li>\n<li>C\u1ea3m gi\u00e1c trung b\u00ecnh<\/li>\n<li>\u0110\u1ed9 d\u1ea7y: 5.7\u00a0mm<\/li>\n<li>Tr\u1ecdng l\u01b0\u1ee3ng:\u00a0\u00b185\u00a0g<\/li>\n<li>B\u1ea3ng v\u1ee3t: 157 * 150mm<\/li>\n<\/ul>\n<p>H\u00e0ng ch\u00ednh h\u00e3ng b\u1ea3o h\u00e0nh 1 th\u00e1ng<\/p>\n<p><strong>Theo th\u00f4ng s\u1ed1 chu\u1ea9n c\u1ee7a h\u00e3ng Nittaku<\/strong><\/p>\n","protected":false},"excerpt":{"rendered":"<p>H\u00c0NG CH\u00cdNH H\u00c3NG NITTAKU S\u1ea2N XU\u1ea4T T\u1ea0I NH\u1eacT B\u1ea2N- MADE IN JAPAN \u0110\u01b0\u1ee3c ng\u01b0\u1eddi ch\u01a1i \u0111\u00e1nh gi\u00e1 cao v\u1ec1 \u0111\u1ed9 ki\u1ec3m so\u00e1t b\u00f3ng, d\u1ec5 ph\u00e1t huy khi k\u1ebft h\u1ee3p v\u1edbi c\u00e1c lo\u1ea1i m\u1eb7t v\u1ee3t Trung Qu\u1ed1c. C\u1ea5u t\u1ea1o: 5 l\u1edbp g\u1ed7 T\u1ed1c \u0111\u1ed9: trung b\u00ecnh C\u1ea3m gi\u00e1c trung b\u00ecnh \u0110\u1ed9 d\u1ea7y: 5.7\u00a0mm Tr\u1ecdng l\u01b0\u1ee3ng:\u00a0\u00b185\u00a0g B\u1ea3ng [&hellip;]<\/p>\n","protected":false},"featured_media":3221,"comment_status":"open","ping_status":"closed","template":"","meta":{"_eb_attr":""},"product_cat":[142,26],"product_tag":[],"class_list":["post-3220","product","type-product","status-publish","has-post-thumbnail","hentry","product_cat-cot-vot-nittaku","product_cat-cot-vot"],"_links":{"self":[{"href":"https:\/\/www.phivutabletennis.com\/index.php\/wp-json\/wp\/v2\/product\/3220","targetHints":{"allow":["GET"]}}],"collection":[{"href":"https:\/\/www.phivutabletennis.com\/index.php\/wp-json\/wp\/v2\/product"}],"about":[{"href":"https:\/\/www.phivutabletennis.com\/index.php\/wp-json\/wp\/v2\/types\/product"}],"replies":[{"embeddable":true,"href":"https:\/\/www.phivutabletennis.com\/index.php\/wp-json\/wp\/v2\/comments?post=3220"}],"wp:featuredmedia":[{"embeddable":true,"href":"https:\/\/www.phivutabletennis.com\/index.php\/wp-json\/wp\/v2\/media\/3221"}],"wp:attachment":[{"href":"https:\/\/www.phivutabletennis.com\/index.php\/wp-json\/wp\/v2\/media?parent=3220"}],"wp:term":[{"taxonomy":"product_cat","embeddable":true,"href":"https:\/\/www.phivutabletennis.com\/index.php\/wp-json\/wp\/v2\/product_cat?post=3220"},{"taxonomy":"product_tag","embeddable":true,"href":"https:\/\/www.phivutabletennis.com\/index.php\/wp-json\/wp\/v2\/product_tag?post=3220"}],"curies":[{"name":"wp","href":"https:\/\/api.w.org\/{rel}","templated":true}]}}