{"id":3222,"date":"2023-07-05T20:20:27","date_gmt":"2023-07-05T13:20:27","guid":{"rendered":"https:\/\/www.phivutabletennis.com\/?post_type=product&#038;p=3222"},"modified":"2023-07-05T20:20:27","modified_gmt":"2023-07-05T13:20:27","slug":"acoustic-carbon","status":"publish","type":"product","link":"https:\/\/www.phivutabletennis.com\/index.php\/product\/acoustic-carbon\/","title":{"rendered":"ACOUSTIC CARBON"},"content":{"rendered":"<p><strong>H\u00c0NG CH\u00cdNH H\u00c3NG NITTAKU S\u1ea2N XU\u1ea4T T\u1ea0I NH\u1eacT B\u1ea2N- MADE IN JAPAN<\/strong><\/p>\n<p>D\u1ef1a tr\u00ean c\u1ed1t v\u1ee3t Acoustic phi\u00ean b\u1ea3n c\u0169, \u0111\u1ed3ng th\u1eddi\u00a0k\u1ebft h\u1ee3p\u00a02 l\u1edbp s\u1ee3i FE Carbon c\u00f3 \u0111\u1ed9 \u0111\u00e0n h\u1ed3i cao n\u1eb1m g\u1ea7n l\u1edbp g\u1ed7 ngo\u00e0i,\u00a0\u1ed5n \u0111\u1ecbnh\u00a0gi\u00fap ng\u01b0\u1eddi ch\u01a1i d\u1ec5 d\u00e0ng t\u0103ng t\u1ed1c v\u00e0 th\u1ef1c hi\u1ec7n nh\u1eefng c\u00fa \u0111\u00e1nh b\u00f3ng m\u1ea1nh v\u00e0 \u0111\u1ea7y uy l\u1ef1c.<\/p>\n<ul>\n<li>C\u1ea5u t\u1ea1o : 5 l\u1edbp g\u1ed7 + 2 l\u1edbp FE Carbon n\u1eb1m g\u1ea7n l\u1edbp g\u1ed7 ngo\u00e0i<\/li>\n<li>T\u1ed1c \u0111\u1ed9 : Trung b\u00ecnh nhanh<\/li>\n<li>C\u1ea3m gi\u00e1c: C\u1ee9ng<\/li>\n<li>\u0110\u1ed9 d\u1ea7y: 5.5 mm<\/li>\n<li>B\u1ea3ng v\u1ee3t: 157 x 150 mm<\/li>\n<li>Tr\u1ecdng l\u01b0\u1ee3ng: 90 gr \u00b1<\/li>\n<\/ul>\n<p>Hi\u1ec7n \u0111ang \u0111\u01b0\u1ee3c\u00a0<strong>V\u1eadn \u0111\u1ed9ng vi\u00ean ITO MIMA\u00a0<\/strong>(Nh\u1eadt b\u1ea3n) s\u1eed d\u1ee5ng v\u00e0\u00a0\u0111\u1ea1t \u0111\u01b0\u1ee3c nhi\u1ec1u th\u00e0nh t\u00edch n\u1ed5i b\u1eadt.<\/p>\n<ul>\n<li>Huy ch\u01b0\u01a1ng V\u00e0ng \u0110\u01a1n n\u1eef\u00a0t\u1ea1i Gi\u1ea3i b\u00f3ng b\u00e0n Th\u1ee5y \u0110i\u1ec3n m\u1edf r\u1ed9ng n\u0103m 2018<\/li>\n<li>Huy ch\u01b0\u01a1ng B\u1ea1c \u0110\u00f4i n\u1eef t\u1ea1i Gi\u1ea3i v\u00f4 \u0111\u1ecbch B\u00f3ng b\u00e0n Th\u1ebf Gi\u1edbi n\u0103m 2019<\/li>\n<\/ul>\n<p><img decoding=\"async\" src=\"https:\/\/bongban.asia\/image\/data\/NITTAKU\/mat-vot\/ito%20mima%20g1.png\" alt=\"\" \/><\/p>\n<p>H\u00e0ng ch\u00ednh h\u00e3ng b\u1ea3o h\u00e0nh 1 th\u00e1ng<\/p>\n<p><strong><span style=\"color: #000000;\">Theo th\u00f4ng s\u1ed1 chu\u1ea9n c\u1ee7a h\u00e3ng Nittaku\u00a0<\/span><\/strong><\/p>\n","protected":false},"excerpt":{"rendered":"<p>H\u00c0NG CH\u00cdNH H\u00c3NG NITTAKU S\u1ea2N XU\u1ea4T T\u1ea0I NH\u1eacT B\u1ea2N- MADE IN JAPAN D\u1ef1a tr\u00ean c\u1ed1t v\u1ee3t Acoustic phi\u00ean b\u1ea3n c\u0169, \u0111\u1ed3ng th\u1eddi\u00a0k\u1ebft h\u1ee3p\u00a02 l\u1edbp s\u1ee3i FE Carbon c\u00f3 \u0111\u1ed9 \u0111\u00e0n h\u1ed3i cao n\u1eb1m g\u1ea7n l\u1edbp g\u1ed7 ngo\u00e0i,\u00a0\u1ed5n \u0111\u1ecbnh\u00a0gi\u00fap ng\u01b0\u1eddi ch\u01a1i d\u1ec5 d\u00e0ng t\u0103ng t\u1ed1c v\u00e0 th\u1ef1c hi\u1ec7n nh\u1eefng c\u00fa \u0111\u00e1nh b\u00f3ng m\u1ea1nh v\u00e0 \u0111\u1ea7y uy [&hellip;]<\/p>\n","protected":false},"featured_media":3223,"comment_status":"open","ping_status":"closed","template":"","meta":{"_eb_attr":""},"product_cat":[142,26],"product_tag":[],"class_list":["post-3222","product","type-product","status-publish","has-post-thumbnail","hentry","product_cat-cot-vot-nittaku","product_cat-cot-vot"],"_links":{"self":[{"href":"https:\/\/www.phivutabletennis.com\/index.php\/wp-json\/wp\/v2\/product\/3222","targetHints":{"allow":["GET"]}}],"collection":[{"href":"https:\/\/www.phivutabletennis.com\/index.php\/wp-json\/wp\/v2\/product"}],"about":[{"href":"https:\/\/www.phivutabletennis.com\/index.php\/wp-json\/wp\/v2\/types\/product"}],"replies":[{"embeddable":true,"href":"https:\/\/www.phivutabletennis.com\/index.php\/wp-json\/wp\/v2\/comments?post=3222"}],"wp:featuredmedia":[{"embeddable":true,"href":"https:\/\/www.phivutabletennis.com\/index.php\/wp-json\/wp\/v2\/media\/3223"}],"wp:attachment":[{"href":"https:\/\/www.phivutabletennis.com\/index.php\/wp-json\/wp\/v2\/media?parent=3222"}],"wp:term":[{"taxonomy":"product_cat","embeddable":true,"href":"https:\/\/www.phivutabletennis.com\/index.php\/wp-json\/wp\/v2\/product_cat?post=3222"},{"taxonomy":"product_tag","embeddable":true,"href":"https:\/\/www.phivutabletennis.com\/index.php\/wp-json\/wp\/v2\/product_tag?post=3222"}],"curies":[{"name":"wp","href":"https:\/\/api.w.org\/{rel}","templated":true}]}}