{"id":3224,"date":"2023-07-05T20:21:46","date_gmt":"2023-07-05T13:21:46","guid":{"rendered":"https:\/\/www.phivutabletennis.com\/?post_type=product&#038;p=3224"},"modified":"2023-07-05T20:21:46","modified_gmt":"2023-07-05T13:21:46","slug":"tribus-carbon","status":"publish","type":"product","link":"https:\/\/www.phivutabletennis.com\/index.php\/product\/tribus-carbon\/","title":{"rendered":"TRIBUS CARBON"},"content":{"rendered":"<p><strong>C\u1ed1t v\u1ee3t TRIBUS CARBON<\/strong><br \/>\n<strong>S\u1ea3n xu\u1ea5t t\u1ea1i Nh\u1eadt B\u1ea3n\u00a0<\/strong><\/p>\n<p>C\u1ed1t v\u1ee3t carbon \u0111\u1ea7u ti\u00ean v\u1edbi 3 phi\u00ean b\u1ea3n m\u00e0u s\u1eafc kh\u00e1c nhau.<br \/>\nL\u1ef1a ch\u1ecdn m\u00e0u s\u1eafc theo s\u1edf th\u00edch ri\u00eang c\u1ee7a m\u00ecnh.<br \/>\nV\u1edbi thi\u1ebft k\u1ebf carbon si\u00eau m\u1ecfng t\u01b0\u01a1ng \u0111\u1ed1i nh\u1eb9, t\u1eadn d\u1ee5ng t\u1ed1i \u0111a c\u1ea3m gi\u00e1c g\u1ed7, l\u1ea5y tr\u1ecdng t\u00e2m v\u00e0o hi\u1ec7u su\u1ea5t ki\u1ec3m so\u00e1t c\u1ee7a to\u00e0n b\u1ed9 b\u1ec1 m\u1eb7t c\u1ed1t v\u1ee3t.<br \/>\nV\u1ee3t carbon \u0111\u1ed9 \u1ed5n \u0111\u1ecbnh cao v\u1edbi kh\u1ea3 n\u0103ng t\u1ea5n c\u00f4ng v\u00e0 ph\u00f2ng th\u1ee7 to\u00e0n di\u1ec7n.<br \/>\nS\u1ef1 l\u1ef1a ch\u1ecdn \u0111\u01b0\u1ee3c \u0111\u1ec1 xu\u1ea5t, t\u1eebng b\u01b0\u1edbc n\u00e2ng cao tr\u00ecnh \u0111\u1ed9 v\u1edbi phong c\u00e1ch b\u1ea1n \u0111ang h\u01b0\u1edbng \u0111\u1ebfn!<\/p>\n<table border=\"0\" cellspacing=\"1\" cellpadding=\"1\">\n<tbody>\n<tr>\n<td>C\u1ea5u t\u1ea1o<\/td>\n<td>: 5 l\u1edbp g\u1ed7 + 2 l\u1edbp Carbon<\/td>\n<\/tr>\n<tr>\n<td>T\u1ed1c \u0111\u1ed9<\/td>\n<td>: Trung b\u00ecnh nhanh<\/td>\n<\/tr>\n<tr>\n<td>C\u1ea3m gi\u00e1c<\/td>\n<td>: C\u1ee9ng<\/td>\n<\/tr>\n<tr>\n<td>\u0110\u1ed9 d\u00e0y<\/td>\n<td>: 6.4 mm<\/td>\n<\/tr>\n<tr>\n<td>B\u1ea3ng v\u1ee3t<\/td>\n<td>: 157 x 150mm<\/td>\n<\/tr>\n<tr>\n<td>Tr\u1ecdng l\u01b0\u1ee3ng<\/td>\n<td>: \u00b1 85gr<\/td>\n<\/tr>\n<\/tbody>\n<\/table>\n<p><strong>Theo th\u00f4ng s\u1ed1 chu\u1ea9n c\u1ee7a h\u00e3ng Nittaku<br \/>\nH\u00e0ng ch\u00ednh h\u00e3ng b\u1ea3o h\u00e0nh 1 th\u00e1ng<\/strong><\/p>\n","protected":false},"excerpt":{"rendered":"<p>C\u1ed1t v\u1ee3t TRIBUS CARBON S\u1ea3n xu\u1ea5t t\u1ea1i Nh\u1eadt B\u1ea3n\u00a0 C\u1ed1t v\u1ee3t carbon \u0111\u1ea7u ti\u00ean v\u1edbi 3 phi\u00ean b\u1ea3n m\u00e0u s\u1eafc kh\u00e1c nhau. L\u1ef1a ch\u1ecdn m\u00e0u s\u1eafc theo s\u1edf th\u00edch ri\u00eang c\u1ee7a m\u00ecnh. V\u1edbi thi\u1ebft k\u1ebf carbon si\u00eau m\u1ecfng t\u01b0\u01a1ng \u0111\u1ed1i nh\u1eb9, t\u1eadn d\u1ee5ng t\u1ed1i \u0111a c\u1ea3m gi\u00e1c g\u1ed7, l\u1ea5y tr\u1ecdng t\u00e2m v\u00e0o hi\u1ec7u su\u1ea5t ki\u1ec3m [&hellip;]<\/p>\n","protected":false},"featured_media":3225,"comment_status":"open","ping_status":"closed","template":"","meta":{"_eb_attr":""},"product_cat":[142,26],"product_tag":[],"class_list":["post-3224","product","type-product","status-publish","has-post-thumbnail","hentry","product_cat-cot-vot-nittaku","product_cat-cot-vot"],"_links":{"self":[{"href":"https:\/\/www.phivutabletennis.com\/index.php\/wp-json\/wp\/v2\/product\/3224","targetHints":{"allow":["GET"]}}],"collection":[{"href":"https:\/\/www.phivutabletennis.com\/index.php\/wp-json\/wp\/v2\/product"}],"about":[{"href":"https:\/\/www.phivutabletennis.com\/index.php\/wp-json\/wp\/v2\/types\/product"}],"replies":[{"embeddable":true,"href":"https:\/\/www.phivutabletennis.com\/index.php\/wp-json\/wp\/v2\/comments?post=3224"}],"wp:featuredmedia":[{"embeddable":true,"href":"https:\/\/www.phivutabletennis.com\/index.php\/wp-json\/wp\/v2\/media\/3225"}],"wp:attachment":[{"href":"https:\/\/www.phivutabletennis.com\/index.php\/wp-json\/wp\/v2\/media?parent=3224"}],"wp:term":[{"taxonomy":"product_cat","embeddable":true,"href":"https:\/\/www.phivutabletennis.com\/index.php\/wp-json\/wp\/v2\/product_cat?post=3224"},{"taxonomy":"product_tag","embeddable":true,"href":"https:\/\/www.phivutabletennis.com\/index.php\/wp-json\/wp\/v2\/product_tag?post=3224"}],"curies":[{"name":"wp","href":"https:\/\/api.w.org\/{rel}","templated":true}]}}