{"id":3234,"date":"2023-07-05T20:24:44","date_gmt":"2023-07-05T13:24:44","guid":{"rendered":"https:\/\/www.phivutabletennis.com\/?post_type=product&#038;p=3234"},"modified":"2023-07-05T20:24:44","modified_gmt":"2023-07-05T13:24:44","slug":"goriki","status":"publish","type":"product","link":"https:\/\/www.phivutabletennis.com\/index.php\/product\/goriki\/","title":{"rendered":"GORIKI"},"content":{"rendered":"<p><strong>H\u00c0NG CH\u00cdNH H\u00c3NG NITTAKU S\u1ea2N XU\u1ea4T T\u1ea0I NH\u1eacT B\u1ea2N &#8211; MADE IN JAPAN\u00a0<\/strong><\/p>\n<p>C\u1ed1t v\u1ee3t 7 l\u1edbp g\u1ed7 \u00f3c ch\u00f3\u00a0\u0111\u1ea7y c\u00e1 t\u00ednh<\/p>\n<p>V\u0169 kh\u00ed chi\u1ebfn \u0111\u1ea5u tuy\u1ec7t v\u1eddi<\/p>\n<p>V\u1ee3t s\u1ea3n xu\u1ea5t theo \u0111\u01a1n \u0111\u1eb7t h\u00e0ng<\/p>\n<p>C\u1ed1t v\u1ee3t \u0111\u00e3 \u0111\u1ed3ng h\u00e0nh c\u00f9ng c\u00e1c V\u0110V v\u00f4 \u0111\u1ecbch t\u1ea1i c\u00e1c gi\u1ea3i: Gi\u1ea3i v\u00f4 \u0111\u1ecbch Doanh nghi\u1ec7p to\u00e0n qu\u1ed1c, Gi\u1ea3i sinh vi\u00ean to\u00e0n qu\u1ed1c, Gi\u1ea3i h\u1ecdc sinh to\u00e0n qu\u1ed1c, Gi\u1ea3i v\u00f4 \u0111\u1ecbch b\u00f3ng 44+ to\u00e0n qu\u1ed1c.<\/p>\n<p>Lu\u00f4n l\u00e0m \u0111\u1ed1i ph\u01b0\u01a1ng b\u1ea5t ng\u1edd b\u1eb1ng nh\u1eefng c\u00fa b\u1ea1t b\u00f3ng \u0111\u1ea7y uy l\u1ef1c v\u00e0 b\u1ea5t ng\u1edd nh\u1edd th\u1eddi gian gi\u1eef b\u00f3ng l\u00e2u v\u00e0 l\u1ef1c \u0111\u1ea9y b\u00f3ng nhanh khi k\u1ebft h\u1ee3p v\u1edbi m\u1eb7t v\u1ee3t.<\/p>\n<p>B\u1eb1ng vi\u1ec7c k\u1ebft h\u1ee3p \u0111i\u1ec1u ch\u1ec9nh b\u1ea3ng v\u1ee3t to v\u00e0 th\u1eddi gian gi\u1eef b\u00f3ng l\u00e2u, ng\u01b0\u1eddi ch\u01a1i d\u1ec5 d\u00e0ng ch\u1ee5p b\u00f3ng v\u1edbi \u0111\u1ed9 \u1ed5n \u0111\u1ecbnh v\u00e0 an to\u00e0n cao.<\/p>\n<table border=\"0\" cellspacing=\"1\" cellpadding=\"1\">\n<tbody>\n<tr>\n<td>C\u1ea5u t\u1ea1o<\/td>\n<td>: 7 l\u1edbp g\u1ed7 \u00f3c ch\u00f3<\/td>\n<\/tr>\n<tr>\n<td>T\u1ed1c \u0111\u1ed9<\/td>\n<td>: Trung b\u00ecnh ch\u1eadm<\/td>\n<\/tr>\n<tr>\n<td>C\u1ea3m gi\u00e1c<\/td>\n<td>: M\u1ec1m<\/td>\n<\/tr>\n<tr>\n<td>\u0110\u1ed9 d\u00e0y<\/td>\n<td>: 4.9 mm<\/td>\n<\/tr>\n<tr>\n<td>B\u1ea3ng v\u1ee3t<\/td>\n<td>: 160 x 154mm<\/td>\n<\/tr>\n<tr>\n<td>Tr\u1ecdng l\u01b0\u1ee3ng<\/td>\n<td>: \u00b1 100gr<\/td>\n<\/tr>\n<\/tbody>\n<\/table>\n<p><a href=\"https:\/\/www.phivutabletennis.com\/wp-content\/uploads\/2023\/07\/GORIKI-2.jpeg\"><img loading=\"lazy\" decoding=\"async\" class=\"alignnone size-full wp-image-3235\" src=\"https:\/\/www.phivutabletennis.com\/wp-content\/uploads\/2023\/07\/GORIKI-2.jpeg\" alt=\"\" width=\"1205\" height=\"671\" srcset=\"https:\/\/www.phivutabletennis.com\/wp-content\/uploads\/2023\/07\/GORIKI-2.jpeg 1205w, https:\/\/www.phivutabletennis.com\/wp-content\/uploads\/2023\/07\/GORIKI-2-300x167.jpeg 300w, https:\/\/www.phivutabletennis.com\/wp-content\/uploads\/2023\/07\/GORIKI-2-1024x570.jpeg 1024w, https:\/\/www.phivutabletennis.com\/wp-content\/uploads\/2023\/07\/GORIKI-2-768x428.jpeg 768w, https:\/\/www.phivutabletennis.com\/wp-content\/uploads\/2023\/07\/GORIKI-2-600x334.jpeg 600w\" sizes=\"auto, (max-width: 1205px) 100vw, 1205px\" \/><\/a><\/p>\n<p><strong>H\u00e0ng ch\u00ednh h\u00e3ng b\u1ea3o h\u00e0nh 1 th\u00e1ng<\/strong><br \/>\n<strong>Theo th\u00f4ng s\u1ed1 chu\u1ea9n c\u1ee7a h\u00e3ng Nittaku\u00a0<\/strong><\/p>\n<p><strong><img decoding=\"async\" src=\"https:\/\/bongban.asia\/image\/data\/GORIKI%202.jpeg\" alt=\"\" \/><\/strong><\/p>\n","protected":false},"excerpt":{"rendered":"<p>H\u00c0NG CH\u00cdNH H\u00c3NG NITTAKU S\u1ea2N XU\u1ea4T T\u1ea0I NH\u1eacT B\u1ea2N &#8211; MADE IN JAPAN\u00a0 C\u1ed1t v\u1ee3t 7 l\u1edbp g\u1ed7 \u00f3c ch\u00f3\u00a0\u0111\u1ea7y c\u00e1 t\u00ednh V\u0169 kh\u00ed chi\u1ebfn \u0111\u1ea5u tuy\u1ec7t v\u1eddi V\u1ee3t s\u1ea3n xu\u1ea5t theo \u0111\u01a1n \u0111\u1eb7t h\u00e0ng C\u1ed1t v\u1ee3t \u0111\u00e3 \u0111\u1ed3ng h\u00e0nh c\u00f9ng c\u00e1c V\u0110V v\u00f4 \u0111\u1ecbch t\u1ea1i c\u00e1c gi\u1ea3i: Gi\u1ea3i v\u00f4 \u0111\u1ecbch Doanh nghi\u1ec7p to\u00e0n qu\u1ed1c, [&hellip;]<\/p>\n","protected":false},"featured_media":3236,"comment_status":"open","ping_status":"closed","template":"","meta":{"_eb_attr":""},"product_cat":[142,26],"product_tag":[],"class_list":["post-3234","product","type-product","status-publish","has-post-thumbnail","hentry","product_cat-cot-vot-nittaku","product_cat-cot-vot"],"_links":{"self":[{"href":"https:\/\/www.phivutabletennis.com\/index.php\/wp-json\/wp\/v2\/product\/3234","targetHints":{"allow":["GET"]}}],"collection":[{"href":"https:\/\/www.phivutabletennis.com\/index.php\/wp-json\/wp\/v2\/product"}],"about":[{"href":"https:\/\/www.phivutabletennis.com\/index.php\/wp-json\/wp\/v2\/types\/product"}],"replies":[{"embeddable":true,"href":"https:\/\/www.phivutabletennis.com\/index.php\/wp-json\/wp\/v2\/comments?post=3234"}],"wp:featuredmedia":[{"embeddable":true,"href":"https:\/\/www.phivutabletennis.com\/index.php\/wp-json\/wp\/v2\/media\/3236"}],"wp:attachment":[{"href":"https:\/\/www.phivutabletennis.com\/index.php\/wp-json\/wp\/v2\/media?parent=3234"}],"wp:term":[{"taxonomy":"product_cat","embeddable":true,"href":"https:\/\/www.phivutabletennis.com\/index.php\/wp-json\/wp\/v2\/product_cat?post=3234"},{"taxonomy":"product_tag","embeddable":true,"href":"https:\/\/www.phivutabletennis.com\/index.php\/wp-json\/wp\/v2\/product_tag?post=3234"}],"curies":[{"name":"wp","href":"https:\/\/api.w.org\/{rel}","templated":true}]}}