{"id":3237,"date":"2023-07-05T20:25:28","date_gmt":"2023-07-05T13:25:28","guid":{"rendered":"https:\/\/www.phivutabletennis.com\/?post_type=product&#038;p=3237"},"modified":"2023-07-05T20:25:28","modified_gmt":"2023-07-05T13:25:28","slug":"goriki-danshi","status":"publish","type":"product","link":"https:\/\/www.phivutabletennis.com\/index.php\/product\/goriki-danshi\/","title":{"rendered":"GORIKI DANSHI"},"content":{"rendered":"<p><strong>H\u00c0NG CH\u00cdNH H\u00c3NG NITTAKU S\u1ea2N XU\u1ea4T T\u1ea0I NH\u1eacT B\u1ea2N &#8211; MADE IN JAPAN<\/strong><\/p>\n<p><strong>GORIKI DANSHI<\/strong>\u00a0v\u0169 kh\u00ed chi\u1ebfn \u0111\u1ea5u c\u1ee7a ph\u00e1i m\u1ea1nh.<\/p>\n<p>C\u1ed1t v\u1ee3t\u00a0<strong>GORIKI DANSHI<\/strong><strong>\u00a0\u2013<\/strong>\u00a0<strong>chuy\u00ean v\u1ec1 t\u1ea5n c\u00f4ng,<\/strong><strong>\u00a0\u0111\u01b0\u1ee3c s\u1ea3n xu\u1ea5t b\u1eb1ng quy tr\u00ecnh v\u00e0 c\u00f4ng ngh\u1ec7 ti\u00ean ti\u1ebfn\u00a0<\/strong>v\u1edbi c\u1ea5u t\u1ea1o<strong>\u00a0<\/strong>7 l\u1edbp g\u1ed7, \u0111\u1eb7c\u00a0bi\u1ec7t 3 l\u1edbp g\u1ed7 trung t\u00e2m \u0111\u01b0\u1ee3c thi\u1ebft k\u1ebf d\u00e0y h\u01a1n nh\u1eb1m t\u0103ng c\u01b0\u1eddng t\u1ed1c \u0111\u1ed9.<\/p>\n<p>C\u1ed1t v\u1ee3t\u00a0<strong>GORIKI DANSHI<\/strong>\u00a0c\u00f3 \u0111\u1ed9 c\u1ee9ng cao, khi k\u1ebft h\u1ee3p v\u1edbi m\u1eb7t v\u1ee3t m\u1ec1m t\u1ea1o \u0111\u1ed9 \u1ed5n \u0111\u1ecbnh v\u00e0 c\u1ea3m gi\u00e1c b\u00f3ng t\u1ed1t. Ng\u01b0\u1eddi ch\u01a1i c\u00f3 th\u1ec3 c\u00f4ng ph\u00e1 \u0111\u1ed1i ph\u01b0\u01a1ng v\u1edbi c\u00fa gi\u1eadt b\u00f3ng \u0111\u1ea7y uy l\u1ef1c, l\u1ed1i \u0111\u00e1nh \u00f4m b\u00e0n v\u1edbi \u0111\u1ed9 an to\u00e0n cao v\u00e0 gi\u00e0nh \u0111i\u1ec3m trong v\u00e1n \u0111\u1ea5u.<\/p>\n<p>V\u1edbi thi\u1ebft k\u1ebf tr\u1ecdng l\u01b0\u1ee3ng n\u1eb7ng, nh\u1eb1m t\u0103ng c\u01b0\u1eddng s\u1ee9c m\u1ea1nh t\u1ea5n c\u00f4ng cho ph\u00e1i m\u1ea1nh.<\/p>\n<table border=\"0\" cellspacing=\"1\" cellpadding=\"1\">\n<tbody>\n<tr>\n<td>C\u1ea5u t\u1ea1o<\/td>\n<td>: 7 l\u1edbp g\u1ed7 \u00f3c ch\u00f3<\/td>\n<\/tr>\n<tr>\n<td>T\u1ed1c \u0111\u1ed9<\/td>\n<td>: Trung b\u00ecnh nhanh<\/td>\n<\/tr>\n<tr>\n<td>C\u1ea3m gi\u00e1c<\/td>\n<td>: M\u1ec1m<\/td>\n<\/tr>\n<tr>\n<td>\u0110\u1ed9 d\u00e0y<\/td>\n<td>: 5.0 mm<\/td>\n<\/tr>\n<tr>\n<td>B\u1ea3ng v\u1ee3t<\/td>\n<td>: 160 x 155mm<\/td>\n<\/tr>\n<tr>\n<td>Tr\u1ecdng l\u01b0\u1ee3ng<\/td>\n<td>: \u00b1 105gr<\/td>\n<\/tr>\n<\/tbody>\n<\/table>\n<p><strong>Theo th\u00f4ng s\u1ed1 chu\u1ea9n c\u1ee7a h\u00e3ng Nittaku<\/strong><br \/>\n<strong>H\u00e0ng ch\u00ednh h\u00e3ng b\u1ea3o h\u00e0nh 1 th\u00e1ng<\/strong><\/p>\n","protected":false},"excerpt":{"rendered":"<p>H\u00c0NG CH\u00cdNH H\u00c3NG NITTAKU S\u1ea2N XU\u1ea4T T\u1ea0I NH\u1eacT B\u1ea2N &#8211; MADE IN JAPAN GORIKI DANSHI\u00a0v\u0169 kh\u00ed chi\u1ebfn \u0111\u1ea5u c\u1ee7a ph\u00e1i m\u1ea1nh. C\u1ed1t v\u1ee3t\u00a0GORIKI DANSHI\u00a0\u2013\u00a0chuy\u00ean v\u1ec1 t\u1ea5n c\u00f4ng,\u00a0\u0111\u01b0\u1ee3c s\u1ea3n xu\u1ea5t b\u1eb1ng quy tr\u00ecnh v\u00e0 c\u00f4ng ngh\u1ec7 ti\u00ean ti\u1ebfn\u00a0v\u1edbi c\u1ea5u t\u1ea1o\u00a07 l\u1edbp g\u1ed7, \u0111\u1eb7c\u00a0bi\u1ec7t 3 l\u1edbp g\u1ed7 trung t\u00e2m \u0111\u01b0\u1ee3c thi\u1ebft k\u1ebf d\u00e0y h\u01a1n nh\u1eb1m t\u0103ng c\u01b0\u1eddng [&hellip;]<\/p>\n","protected":false},"featured_media":3238,"comment_status":"open","ping_status":"closed","template":"","meta":{"_eb_attr":""},"product_cat":[142,26],"product_tag":[],"class_list":["post-3237","product","type-product","status-publish","has-post-thumbnail","hentry","product_cat-cot-vot-nittaku","product_cat-cot-vot"],"_links":{"self":[{"href":"https:\/\/www.phivutabletennis.com\/index.php\/wp-json\/wp\/v2\/product\/3237","targetHints":{"allow":["GET"]}}],"collection":[{"href":"https:\/\/www.phivutabletennis.com\/index.php\/wp-json\/wp\/v2\/product"}],"about":[{"href":"https:\/\/www.phivutabletennis.com\/index.php\/wp-json\/wp\/v2\/types\/product"}],"replies":[{"embeddable":true,"href":"https:\/\/www.phivutabletennis.com\/index.php\/wp-json\/wp\/v2\/comments?post=3237"}],"wp:featuredmedia":[{"embeddable":true,"href":"https:\/\/www.phivutabletennis.com\/index.php\/wp-json\/wp\/v2\/media\/3238"}],"wp:attachment":[{"href":"https:\/\/www.phivutabletennis.com\/index.php\/wp-json\/wp\/v2\/media?parent=3237"}],"wp:term":[{"taxonomy":"product_cat","embeddable":true,"href":"https:\/\/www.phivutabletennis.com\/index.php\/wp-json\/wp\/v2\/product_cat?post=3237"},{"taxonomy":"product_tag","embeddable":true,"href":"https:\/\/www.phivutabletennis.com\/index.php\/wp-json\/wp\/v2\/product_tag?post=3237"}],"curies":[{"name":"wp","href":"https:\/\/api.w.org\/{rel}","templated":true}]}}