{"id":3239,"date":"2023-07-05T20:26:39","date_gmt":"2023-07-05T13:26:39","guid":{"rendered":"https:\/\/www.phivutabletennis.com\/?post_type=product&#038;p=3239"},"modified":"2023-07-05T20:26:39","modified_gmt":"2023-07-05T13:26:39","slug":"goriki-super-cut","status":"publish","type":"product","link":"https:\/\/www.phivutabletennis.com\/index.php\/product\/goriki-super-cut\/","title":{"rendered":"GORIKI SUPER CUT"},"content":{"rendered":"<p><strong>H\u00c0NG CH\u00cdNH H\u00c3NG NITTAKU S\u1ea2N XU\u1ea4T T\u1ea0I NH\u1eacT B\u1ea2N &#8211; MADE IN JAPAN<\/strong><\/p>\n<p>S\u1ee9c m\u1ea1nh\u00a0<strong>GORIKI SUPER CUT\u00a0<\/strong><\/p>\n<p><strong>C\u1ed1t v\u1ee3t\u00a0<\/strong><strong>GORIKI SUPER CUT\u00a0<\/strong><strong>\u2013 chuy\u00ean v\u1ec1 c\u1eaft b\u00f3ng v\u00e0 ph\u00f2ng th\u1ee7 v\u1edbi \u0111\u1ed9 \u1ed5n \u0111\u1ecbnh cao,\u00a0<\/strong><strong>\u0111\u01b0\u1ee3c s\u1ea3n xu\u1ea5t b\u1eb1ng quy tr\u00ecnh v\u00e0 c\u00f4ng ngh\u1ec7 ti\u00ean ti\u1ebfn\u00a0<\/strong>v\u1edbi c\u1ea5u t\u1ea1o\u00a07 l\u1edbp g\u1ed7 \u0111ang xen \u0111\u1ec1u nhau.<\/p>\n<p>V\u1edbi thi\u1ebft k\u1ebf tr\u1ecdng l\u01b0\u1ee3ng n\u1eb7ng, \u0111\u1ed9 \u0111\u00e0n h\u1ed3i cao, khi ph\u00e1t l\u1ef1c c\u1eaft b\u00f3ng t\u1ea1o \u0111\u01b0\u1eddng b\u00f3ng h\u00ecnh v\u00f2ng cung s\u1eafc b\u00e9n v\u00e0 \u0111\u1ed9 ki\u1ec3m so\u00e1t b\u00f3ng tuy\u1ec7t v\u1eddi.<\/p>\n<p>H\u01a1n th\u1ebf n\u1eefa, ng\u01b0\u1eddi ch\u01a1i c\u00f3 th\u1ec3 l\u00e0m kh\u00f3 \u0111\u1ed1i ph\u01b0\u01a1ng b\u1eb1ng k\u1ef9 thu\u1eadt ph\u1ea3n c\u00f4ng nhanh, b\u1ea1t b\u00f3ng m\u1ea1nh \u0111\u1ec3 d\u00e0nh \u01b0u th\u1ebf.<\/p>\n<table border=\"0\" cellspacing=\"1\" cellpadding=\"1\">\n<tbody>\n<tr>\n<td>C\u1ea5u t\u1ea1o<\/td>\n<td>: 7 l\u1edbp g\u1ed7<\/td>\n<\/tr>\n<tr>\n<td>T\u1ed1c \u0111\u1ed9<\/td>\n<td>: Trung b\u00ecnh ch\u1eadm<\/td>\n<\/tr>\n<tr>\n<td>C\u1ea3m gi\u00e1c<\/td>\n<td>: M\u1ec1m<\/td>\n<\/tr>\n<tr>\n<td>\u0110\u1ed9 d\u00e0y<\/td>\n<td>: 4.9 mm<\/td>\n<\/tr>\n<tr>\n<td>B\u1ea3ng v\u1ee3t<\/td>\n<td>: 165 x 156mm<\/td>\n<\/tr>\n<tr>\n<td>Tr\u1ecdng l\u01b0\u1ee3ng<\/td>\n<td>: \u00b1 105gr<\/td>\n<\/tr>\n<\/tbody>\n<\/table>\n<p><strong>Theo th\u00f4ng s\u1ed1 chu\u1ea9n c\u1ee7a h\u00e3ng Nittaku<\/strong><br \/>\n<strong>H\u00e0ng ch\u00ednh h\u00e3ng b\u1ea3o h\u00e0nh 1 th\u00e1ng<\/strong><\/p>\n<p><img decoding=\"async\" src=\"https:\/\/bongban.asia\/image\/data\/demo\/cut%20CHINH.jpg\" alt=\"\" \/><\/p>\n","protected":false},"excerpt":{"rendered":"<p>H\u00c0NG CH\u00cdNH H\u00c3NG NITTAKU S\u1ea2N XU\u1ea4T T\u1ea0I NH\u1eacT B\u1ea2N &#8211; MADE IN JAPAN S\u1ee9c m\u1ea1nh\u00a0GORIKI SUPER CUT\u00a0 C\u1ed1t v\u1ee3t\u00a0GORIKI SUPER CUT\u00a0\u2013 chuy\u00ean v\u1ec1 c\u1eaft b\u00f3ng v\u00e0 ph\u00f2ng th\u1ee7 v\u1edbi \u0111\u1ed9 \u1ed5n \u0111\u1ecbnh cao,\u00a0\u0111\u01b0\u1ee3c s\u1ea3n xu\u1ea5t b\u1eb1ng quy tr\u00ecnh v\u00e0 c\u00f4ng ngh\u1ec7 ti\u00ean ti\u1ebfn\u00a0v\u1edbi c\u1ea5u t\u1ea1o\u00a07 l\u1edbp g\u1ed7 \u0111ang xen \u0111\u1ec1u nhau. V\u1edbi thi\u1ebft k\u1ebf tr\u1ecdng [&hellip;]<\/p>\n","protected":false},"featured_media":3241,"comment_status":"open","ping_status":"closed","template":"","meta":{"_eb_attr":""},"product_cat":[142,26],"product_tag":[],"class_list":["post-3239","product","type-product","status-publish","has-post-thumbnail","hentry","product_cat-cot-vot-nittaku","product_cat-cot-vot"],"_links":{"self":[{"href":"https:\/\/www.phivutabletennis.com\/index.php\/wp-json\/wp\/v2\/product\/3239","targetHints":{"allow":["GET"]}}],"collection":[{"href":"https:\/\/www.phivutabletennis.com\/index.php\/wp-json\/wp\/v2\/product"}],"about":[{"href":"https:\/\/www.phivutabletennis.com\/index.php\/wp-json\/wp\/v2\/types\/product"}],"replies":[{"embeddable":true,"href":"https:\/\/www.phivutabletennis.com\/index.php\/wp-json\/wp\/v2\/comments?post=3239"}],"wp:featuredmedia":[{"embeddable":true,"href":"https:\/\/www.phivutabletennis.com\/index.php\/wp-json\/wp\/v2\/media\/3241"}],"wp:attachment":[{"href":"https:\/\/www.phivutabletennis.com\/index.php\/wp-json\/wp\/v2\/media?parent=3239"}],"wp:term":[{"taxonomy":"product_cat","embeddable":true,"href":"https:\/\/www.phivutabletennis.com\/index.php\/wp-json\/wp\/v2\/product_cat?post=3239"},{"taxonomy":"product_tag","embeddable":true,"href":"https:\/\/www.phivutabletennis.com\/index.php\/wp-json\/wp\/v2\/product_tag?post=3239"}],"curies":[{"name":"wp","href":"https:\/\/api.w.org\/{rel}","templated":true}]}}