{"id":3242,"date":"2023-07-05T20:27:10","date_gmt":"2023-07-05T13:27:10","guid":{"rendered":"https:\/\/www.phivutabletennis.com\/?post_type=product&#038;p=3242"},"modified":"2023-07-05T20:27:11","modified_gmt":"2023-07-05T13:27:11","slug":"goriki-super-drive","status":"publish","type":"product","link":"https:\/\/www.phivutabletennis.com\/index.php\/product\/goriki-super-drive\/","title":{"rendered":"GORIKI SUPER DRIVE"},"content":{"rendered":"<p><strong>H\u00c0NG CH\u00cdNH H\u00c3NG NITTAKU S\u1ea2N XU\u1ea4T T\u1ea0I NH\u1eacT B\u1ea2N &#8211; MADE IN JAPAN<\/strong><\/p>\n<p><strong>GORIKI SUPER DRIVE<\/strong>\u00a0&#8211; S\u1ef1 k\u1ef3 di\u1ec7u c\u1ee7a 6 l\u1edbp g\u1ed7<\/p>\n<p>S\u00e1u\u00a0l\u1edbp g\u1ed7 v\u1edbi s\u1ef1 c\u00e2n b\u1eb1ng quy\u1ebfn r\u0169.\u00a0\u0110\u1ed9 d\u1ea7y 7.0 v\u1edbi s\u1ee9c m\u1ea1nh t\u1ed1c \u0111\u1ed9 v\u01b0\u1ee3t tr\u1ed9i, kh\u00f4ng nh\u1eefng lu\u00f4n \u00e1p \u0111\u1ea3o tinh th\u1ea7n \u0111\u1ed1i ph\u01b0\u01a1ng m\u00e0 c\u00f2n l\u00e0m ch\u1ee7 trong nh\u1eefng pha t\u1ea5n c\u00f4ng d\u1ee9t \u0111i\u1ec3m \u0111\u1ea7y uy l\u1ef1c.<\/p>\n<table border=\"0\" cellspacing=\"1\" cellpadding=\"1\">\n<tbody>\n<tr>\n<td>C\u1ea5u t\u1ea1o<\/td>\n<td>: 6 l\u1edbp g\u1ed7<\/td>\n<\/tr>\n<tr>\n<td>T\u1ed1c \u0111\u1ed9<\/td>\n<td>: Trung b\u00ecnh nhanh<\/td>\n<\/tr>\n<tr>\n<td>C\u1ea3m gi\u00e1c<\/td>\n<td>: Trung b\u00ecnh<\/td>\n<\/tr>\n<tr>\n<td>\u0110\u1ed9 d\u00e0y<\/td>\n<td>: 7.0mm<\/td>\n<\/tr>\n<tr>\n<td>B\u1ea3ng v\u1ee3t<\/td>\n<td>: 160x154mm<\/td>\n<\/tr>\n<tr>\n<td>Tr\u1ecdng l\u01b0\u1ee3ng<\/td>\n<td>: \u00b1 95gr<\/td>\n<\/tr>\n<\/tbody>\n<\/table>\n<p><strong>H\u00e0ng ch\u00ednh h\u00e3ng b\u1ea3o h\u00e0nh 1 th\u00e1ng<\/strong><\/p>\n<p><strong>Theo th\u00f4ng s\u1ed1 chu\u1ea9n c\u1ee7a h\u00e3ng Nittaku<\/strong><\/p>\n<p>&nbsp;<\/p>\n<p><img decoding=\"async\" src=\"https:\/\/bongban.asia\/image\/data\/SPGO.jpg\" alt=\"\" \/><\/p>\n","protected":false},"excerpt":{"rendered":"<p>H\u00c0NG CH\u00cdNH H\u00c3NG NITTAKU S\u1ea2N XU\u1ea4T T\u1ea0I NH\u1eacT B\u1ea2N &#8211; MADE IN JAPAN GORIKI SUPER DRIVE\u00a0&#8211; S\u1ef1 k\u1ef3 di\u1ec7u c\u1ee7a 6 l\u1edbp g\u1ed7 S\u00e1u\u00a0l\u1edbp g\u1ed7 v\u1edbi s\u1ef1 c\u00e2n b\u1eb1ng quy\u1ebfn r\u0169.\u00a0\u0110\u1ed9 d\u1ea7y 7.0 v\u1edbi s\u1ee9c m\u1ea1nh t\u1ed1c \u0111\u1ed9 v\u01b0\u1ee3t tr\u1ed9i, kh\u00f4ng nh\u1eefng lu\u00f4n \u00e1p \u0111\u1ea3o tinh th\u1ea7n \u0111\u1ed1i ph\u01b0\u01a1ng m\u00e0 c\u00f2n l\u00e0m ch\u1ee7 trong nh\u1eefng [&hellip;]<\/p>\n","protected":false},"featured_media":3240,"comment_status":"open","ping_status":"closed","template":"","meta":{"_eb_attr":""},"product_cat":[142,26],"product_tag":[],"class_list":["post-3242","product","type-product","status-publish","has-post-thumbnail","hentry","product_cat-cot-vot-nittaku","product_cat-cot-vot"],"_links":{"self":[{"href":"https:\/\/www.phivutabletennis.com\/index.php\/wp-json\/wp\/v2\/product\/3242","targetHints":{"allow":["GET"]}}],"collection":[{"href":"https:\/\/www.phivutabletennis.com\/index.php\/wp-json\/wp\/v2\/product"}],"about":[{"href":"https:\/\/www.phivutabletennis.com\/index.php\/wp-json\/wp\/v2\/types\/product"}],"replies":[{"embeddable":true,"href":"https:\/\/www.phivutabletennis.com\/index.php\/wp-json\/wp\/v2\/comments?post=3242"}],"wp:featuredmedia":[{"embeddable":true,"href":"https:\/\/www.phivutabletennis.com\/index.php\/wp-json\/wp\/v2\/media\/3240"}],"wp:attachment":[{"href":"https:\/\/www.phivutabletennis.com\/index.php\/wp-json\/wp\/v2\/media?parent=3242"}],"wp:term":[{"taxonomy":"product_cat","embeddable":true,"href":"https:\/\/www.phivutabletennis.com\/index.php\/wp-json\/wp\/v2\/product_cat?post=3242"},{"taxonomy":"product_tag","embeddable":true,"href":"https:\/\/www.phivutabletennis.com\/index.php\/wp-json\/wp\/v2\/product_tag?post=3242"}],"curies":[{"name":"wp","href":"https:\/\/api.w.org\/{rel}","templated":true}]}}