{"id":3243,"date":"2023-07-05T20:28:30","date_gmt":"2023-07-05T13:28:30","guid":{"rendered":"https:\/\/www.phivutabletennis.com\/?post_type=product&#038;p=3243"},"modified":"2023-07-05T20:28:30","modified_gmt":"2023-07-05T13:28:30","slug":"mima-ito-carbon","status":"publish","type":"product","link":"https:\/\/www.phivutabletennis.com\/index.php\/product\/mima-ito-carbon\/","title":{"rendered":"MIMA ITO CARBON"},"content":{"rendered":"<p><strong>H\u00c0NG CH\u00cdNH H\u00c3NG NITTAKU S\u1ea2N XU\u1ea4T T\u1ea0I NH\u1eacT B\u1ea2N &#8211;\u00a0<\/strong><strong>MADE IN JAPAN\u00a0<\/strong><\/p>\n<p><strong>Phi\u00ean b\u1ea3n c\u1ed1t v\u1ee3t<\/strong><strong>\u00a0MIMA ITO CARBON\u00a0<\/strong>ra m\u1eaft nh\u00e2n d\u1ecbp k\u1ef7 ni\u1ec7m sinh nh\u1eadt l\u1ea7n th\u1ee9 20 c\u1ee7a v\u1eadn \u0111\u1ed9ng vi\u00ean Mima Ito, s\u1ea3n xu\u1ea5t d\u1ef1a tr\u00ean d\u00f2ng c\u1ed1t v\u1ee3t Acoustic Carbon \u0111\u01b0\u1ee3c V\u0110V Mima Ito y\u00eau th\u00edch v\u00e0 s\u1eed d\u1ee5ng trong nhi\u1ec1u n\u0103m li\u1ec1n.<br \/>\nTh\u00e2n c\u00e1n ph\u1ed1i theo gam m\u00e0u y\u00eau th\u00edch do V\u0110V Mima Ito l\u1ef1a ch\u1ecdn, th\u1ec3 hi\u1ec7n n\u00e9t tr\u1ebb v\u00e0 s\u00e1ng t\u1ea1o. B\u1ea3ng v\u1ee3t c\u00f3 ch\u1eef k\u00fd \u00e1nh v\u00e0ng c\u1ee7a V\u1eadn \u0111\u1ed9ng vi\u00ean Mima Ito v\u00e0 bi\u1ec3u t\u01b0\u1ee3ng t\u01b0 th\u1ebf \u0111ang \u0111\u00e1nh b\u00f3ng nh\u1eb1m t\u1ea1o d\u1ea5u \u1ea5n ri\u00eang.<br \/>\nV\u1eadn \u0111\u1ed9ng vi\u00ean Mima Ito chia s\u1ebb &#8220;T\u00f4i mu\u1ed1n tr\u1edf th\u00e0nh v\u1eadn \u0111\u1ed9ng vi\u00ean s\u1ed1 1, ch\u1ec9 duy nh\u1ea5t tr\u00ean th\u1ebf gi\u1edbi m\u00e0 kh\u00f4ng c\u00f3 ng\u01b0\u1eddi th\u1ee9 2. M\u00e0u s\u1eafc c\u00e1n v\u1ee3t l\u00e0 m\u00e0u nguy\u00ean b\u1ea3n do ch\u00ednh t\u00f4i ch\u1ecdn l\u1ef1a\u201d<\/p>\n<p><strong>C\u1ed1t v\u1ee3t MIMA ITO CARBON &#8211;\u00a0<\/strong>Thi\u1ebft\u00a0k\u1ebf 5 l\u1edbp g\u1ed7 k\u1ebft h\u1ee3p hai l\u1edbp s\u1ee3i FE Carbon n\u1eb1m g\u1ea7n l\u1edbp g\u1ed7 ngo\u00e0i c\u00f9ng b\u1ea3ng v\u1ee3t v\u1edbi \u0111\u1ed9 \u0111\u00e0n h\u1ed3i cao v\u00e0 \u1ed5n \u0111\u1ecbnh, gi\u00fap ng\u01b0\u1eddi ch\u01a1i d\u1ec5 d\u00e0ng t\u0103ng l\u1ef1c khi t\u1ea5n c\u00f4ng.Tr\u1ee3 th\u1ee7 \u0111\u1eafc l\u1ef1c h\u1ed7 tr\u1ee3 l\u1ed1i \u0111\u00e1nh t\u1ea5n c\u00f4ng to\u00e0n di\u1ec7n.<\/p>\n<table border=\"0\" cellspacing=\"1\" cellpadding=\"1\">\n<tbody>\n<tr>\n<td>C\u1ea5u t\u1ea1o<\/td>\n<td>:\u00a05 l\u1edbp g\u1ed7 + 2 l\u1edbp s\u1ee3i FE Carbon<\/td>\n<\/tr>\n<tr>\n<td>T\u1ed1c \u0111\u1ed9<\/td>\n<td>: Trung b\u00ecnh nhanh<\/td>\n<\/tr>\n<tr>\n<td>C\u1ea3m gi\u00e1c<\/td>\n<td>: C\u1ee9ng<\/td>\n<\/tr>\n<tr>\n<td>\u0110\u1ed9 d\u00e0y<\/td>\n<td>: 5.5mm<\/td>\n<\/tr>\n<tr>\n<td>B\u1ea3ng v\u1ee3t<\/td>\n<td>:\u00a0157 x 150mm<\/td>\n<\/tr>\n<tr>\n<td>Tr\u1ecdng l\u01b0\u1ee3ng<\/td>\n<td>: \u00b1 90gr<\/td>\n<\/tr>\n<\/tbody>\n<\/table>\n<p><strong>Theo th\u00f4ng s\u1ed1 chu\u1ea9n c\u1ee7a h\u00e3ng Nittaku<\/strong><br \/>\n<strong>H\u00e0ng ch\u00ednh h\u00e3ng b\u1ea3o h\u00e0nh 1 th\u00e1ng<\/strong><\/p>\n<p>V\u1eadn \u0111\u1ed9ng vi\u00ean Mima Ito \u0111\u1ea1t \u0111\u01b0\u1ee3c nhi\u1ec1u th\u00e0nh t\u00edch t\u1eeb n\u0103m 13 tu\u1ed5i \u0111\u1ebfn nay, trong \u0111\u00f3 c\u00f3 c\u00e1c th\u00e0nh t\u00edch n\u1ed5i b\u1eadt g\u1ea7n \u0111\u00e2y nh\u01b0:<\/p>\n<ul>\n<li>Huy ch\u01b0\u01a1ng V\u00e0ng \u0110\u01a1n n\u1eef t\u1ea1i Gi\u1ea3i b\u00f3ng b\u00e0n Th\u1ee5y \u0110i\u1ec3n m\u1edf r\u1ed9ng n\u0103m 2018<\/li>\n<li>Huy ch\u01b0\u01a1ng B\u1ea1c \u0110\u00f4i n\u1eef t\u1ea1i Gi\u1ea3i v\u00f4 \u0111\u1ecbch B\u00f3ng b\u00e0n Th\u1ebf Gi\u1edbi n\u0103m 2019<\/li>\n<li>Huy ch\u01b0\u01a1ng B\u1ea1c \u0110\u01a1n n\u1eef t\u1ea1i Gi\u1ea3i v\u00f4 \u0111\u1ecbch B\u00f3ng b\u00e0n Nh\u1eadt B\u1ea3n m\u1edf r\u1ed9ng n\u0103m 2021<\/li>\n<li>\u200bV\u00f4 \u0111\u1ecbch \u0110\u00f4i Nam N\u1eef t\u1ea1i Gi\u1ea3i v\u00f4 \u0111\u1ecbch b\u00f3ng b\u00e0n Nh\u1eadt B\u1ea3n m\u1edf r\u1ed9ng n\u0103m 2020 (3 l\u1ea7n li\u00ean ti\u1ebfp v\u00f4 \u0111\u1ecbch t\u1ea1i gi\u1ea3i)<\/li>\n<li>V\u00f4 \u0111\u1ecbch \u0110\u00f4i Nam N\u1eef t\u1ea1i Th\u1ebf v\u1eadn h\u1ed9i Olympic Tokyo 2020 n\u0103m 2021<\/li>\n<li>\u0110\u1ea1t ch\u1ee9ng nh\u1eadn k\u1ef7 l\u1ee5c Guinness th\u1ebf gi\u1edbi v\u1edbi kh\u1ea3 n\u0103ng \u0111\u00e1nh \u0111\u1ec1u c\u01b0\u1eddng \u0111\u1ed9 cao trong 1 ph\u00fat \u0111\u01b0\u1ee3c 180 l\u1ea7n (90 v\u00f2ng) \u2013 c\u1ed9ng t\u00e1c vi\u00ean \u0111\u01b0a b\u00f3ng anh Takumasa Arai (\u0110\u1ea1i di\u1ec7n ph\u00f2ng t\u1eadp b\u00f3ng b\u00e0n Marukobashi)<\/li>\n<\/ul>\n","protected":false},"excerpt":{"rendered":"<p>H\u00c0NG CH\u00cdNH H\u00c3NG NITTAKU S\u1ea2N XU\u1ea4T T\u1ea0I NH\u1eacT B\u1ea2N &#8211;\u00a0MADE IN JAPAN\u00a0 Phi\u00ean b\u1ea3n c\u1ed1t v\u1ee3t\u00a0MIMA ITO CARBON\u00a0ra m\u1eaft nh\u00e2n d\u1ecbp k\u1ef7 ni\u1ec7m sinh nh\u1eadt l\u1ea7n th\u1ee9 20 c\u1ee7a v\u1eadn \u0111\u1ed9ng vi\u00ean Mima Ito, s\u1ea3n xu\u1ea5t d\u1ef1a tr\u00ean d\u00f2ng c\u1ed1t v\u1ee3t Acoustic Carbon \u0111\u01b0\u1ee3c V\u0110V Mima Ito y\u00eau th\u00edch v\u00e0 s\u1eed d\u1ee5ng trong nhi\u1ec1u n\u0103m [&hellip;]<\/p>\n","protected":false},"featured_media":3244,"comment_status":"open","ping_status":"closed","template":"","meta":{"_eb_attr":""},"product_cat":[142,26],"product_tag":[],"class_list":["post-3243","product","type-product","status-publish","has-post-thumbnail","hentry","product_cat-cot-vot-nittaku","product_cat-cot-vot"],"_links":{"self":[{"href":"https:\/\/www.phivutabletennis.com\/index.php\/wp-json\/wp\/v2\/product\/3243","targetHints":{"allow":["GET"]}}],"collection":[{"href":"https:\/\/www.phivutabletennis.com\/index.php\/wp-json\/wp\/v2\/product"}],"about":[{"href":"https:\/\/www.phivutabletennis.com\/index.php\/wp-json\/wp\/v2\/types\/product"}],"replies":[{"embeddable":true,"href":"https:\/\/www.phivutabletennis.com\/index.php\/wp-json\/wp\/v2\/comments?post=3243"}],"wp:featuredmedia":[{"embeddable":true,"href":"https:\/\/www.phivutabletennis.com\/index.php\/wp-json\/wp\/v2\/media\/3244"}],"wp:attachment":[{"href":"https:\/\/www.phivutabletennis.com\/index.php\/wp-json\/wp\/v2\/media?parent=3243"}],"wp:term":[{"taxonomy":"product_cat","embeddable":true,"href":"https:\/\/www.phivutabletennis.com\/index.php\/wp-json\/wp\/v2\/product_cat?post=3243"},{"taxonomy":"product_tag","embeddable":true,"href":"https:\/\/www.phivutabletennis.com\/index.php\/wp-json\/wp\/v2\/product_tag?post=3243"}],"curies":[{"name":"wp","href":"https:\/\/api.w.org\/{rel}","templated":true}]}}