{"id":3245,"date":"2023-07-05T20:29:35","date_gmt":"2023-07-05T13:29:35","guid":{"rendered":"https:\/\/www.phivutabletennis.com\/?post_type=product&#038;p=3245"},"modified":"2023-07-05T20:29:35","modified_gmt":"2023-07-05T13:29:35","slug":"malong-carbon-2","status":"publish","type":"product","link":"https:\/\/www.phivutabletennis.com\/index.php\/product\/malong-carbon-2\/","title":{"rendered":"MALONG CARBON 2"},"content":{"rendered":"<p><strong>MALONG CARBON 2<\/strong><\/p>\n<p><strong><img decoding=\"async\" src=\"https:\/\/bongban.asia\/image\/data\/2019\/product_big_16972.jpeg\" alt=\"\" \/><\/strong><\/p>\n<p>C\u1ed1t v\u1ee3t\u00a0<strong>MALONG CARBON 2\u00a0<\/strong>d\u1ef1a tr\u00ean t\u00ednh n\u0103ng \u01b0u vi\u1ec7t c\u1ee7a c\u1ed1t v\u1ee3t\u00a0<strong>MA LONG CARBON<\/strong>\u00a0k\u1ebft h\u1ee3p kh\u00e9o l\u00e9o\u00a0c\u1ea5u t\u1ea1o gi\u1eefa l\u1edbp g\u1ed7 c\u1ee9ng v\u00e0 s\u1ee3i FE Carbon, \u0111\u1ed9 \u0111\u00e0n h\u1ed3i cao, t\u0103ng l\u1ef1c t\u1ea5n c\u00f4ng hai c\u00e0ng v\u00e0 \u00e1p \u0111\u1ea3o t\u00ecnh th\u1ebf.<\/p>\n<p>V\u1edbi thi\u1ebft\u00a0k\u1ebf t\u0103ng th\u00eam \u0111\u1ed9 d\u1ea7y c\u1ee7a l\u1edbp g\u1ed7 l\u00f5i trung t\u00e2m, k\u1ebft h\u1ee3p 2 l\u1edbp s\u1ee3i FE Carbon, h\u1ed7 tr\u1ee3 c\u00e2n b\u1eb1ng trong l\u1ed1i \u0111\u00e1nh t\u1ea5n c\u00f4ng v\u00e0 ph\u00f2ng th\u1ee7 to\u00e0n di\u1ec7n, \u0111\u1ed9 \u1ed5n \u0111\u1ecbnh cao, c\u1ea3m gi\u00e1c b\u00f3ng t\u1ed1t, gi\u00fap ng\u01b0\u1eddi ch\u01a1i d\u1ec5 d\u00e0ng h\u01a1n trong nh\u1eefng pha x\u1eed l\u00fd b\u00f3ng c\u1ea7n \u0111\u1ed9 ch\u00ednh x\u00e1c cao.<\/p>\n<p><img decoding=\"async\" src=\"https:\/\/bongban.asia\/image\/data\/BUTTERFLY\/cac-dung-cu-khac\/S1.jpg\" alt=\"\" \/><\/p>\n<ul>\n<li>C\u1ea5u t\u1ea1o \u00a0\u00a0\u00a0\u00a0\u00a0: 5 l\u1edbp g\u1ed7+ 2 l\u1edbp s\u1ee3i FE Carbon g\u1ea7n l\u1edbp l\u00f5i trung t\u00e2m<\/li>\n<li>T\u1ed1c \u0111\u1ed9 \u00a0\u00a0\u00a0\u00a0\u00a0\u00a0 : Nhanh<\/li>\n<li>C\u1ea3m gi\u00e1c\u00a0\u00a0\u00a0 : C\u1ee9ng<\/li>\n<li>\u0110\u1ed9 d\u00e0y\u00a0\u00a0\u00a0\u00a0\u00a0\u00a0\u00a0 : 5.8 mm<\/li>\n<li>B\u1ea3ng v\u1ee3t\u00a0\u00a0\u00a0\u00a0 : 160x 151mm<\/li>\n<li>Tr\u1ecdng l\u01b0\u1ee3ng: 90gr\u00b1<\/li>\n<\/ul>\n<p><strong>Theo th\u00f4ng s\u1ed1 chu\u1ea9n c\u1ee7a h\u00e3ng Nittaku<\/strong><\/p>\n<p><strong>H\u00e0ng ch\u00ednh h\u00e3ng b\u1ea3o h\u00e0nh 1 th\u00e1ng<\/strong><\/p>\n<p><strong>H\u00c0NG CH\u00cdNH H\u00c3NG NITTAKU S\u1ea2N XU\u1ea4T T\u1ea0I TRUNG QU\u1ed0C- MADE IN CHINA\u00a0<\/strong><\/p>\n","protected":false},"excerpt":{"rendered":"<p>MALONG CARBON 2 C\u1ed1t v\u1ee3t\u00a0MALONG CARBON 2\u00a0d\u1ef1a tr\u00ean t\u00ednh n\u0103ng \u01b0u vi\u1ec7t c\u1ee7a c\u1ed1t v\u1ee3t\u00a0MA LONG CARBON\u00a0k\u1ebft h\u1ee3p kh\u00e9o l\u00e9o\u00a0c\u1ea5u t\u1ea1o gi\u1eefa l\u1edbp g\u1ed7 c\u1ee9ng v\u00e0 s\u1ee3i FE Carbon, \u0111\u1ed9 \u0111\u00e0n h\u1ed3i cao, t\u0103ng l\u1ef1c t\u1ea5n c\u00f4ng hai c\u00e0ng v\u00e0 \u00e1p \u0111\u1ea3o t\u00ecnh th\u1ebf. V\u1edbi thi\u1ebft\u00a0k\u1ebf t\u0103ng th\u00eam \u0111\u1ed9 d\u1ea7y c\u1ee7a l\u1edbp g\u1ed7 l\u00f5i trung [&hellip;]<\/p>\n","protected":false},"featured_media":3246,"comment_status":"open","ping_status":"closed","template":"","meta":{"_eb_attr":""},"product_cat":[142,26],"product_tag":[],"class_list":["post-3245","product","type-product","status-publish","has-post-thumbnail","hentry","product_cat-cot-vot-nittaku","product_cat-cot-vot"],"_links":{"self":[{"href":"https:\/\/www.phivutabletennis.com\/index.php\/wp-json\/wp\/v2\/product\/3245","targetHints":{"allow":["GET"]}}],"collection":[{"href":"https:\/\/www.phivutabletennis.com\/index.php\/wp-json\/wp\/v2\/product"}],"about":[{"href":"https:\/\/www.phivutabletennis.com\/index.php\/wp-json\/wp\/v2\/types\/product"}],"replies":[{"embeddable":true,"href":"https:\/\/www.phivutabletennis.com\/index.php\/wp-json\/wp\/v2\/comments?post=3245"}],"wp:featuredmedia":[{"embeddable":true,"href":"https:\/\/www.phivutabletennis.com\/index.php\/wp-json\/wp\/v2\/media\/3246"}],"wp:attachment":[{"href":"https:\/\/www.phivutabletennis.com\/index.php\/wp-json\/wp\/v2\/media?parent=3245"}],"wp:term":[{"taxonomy":"product_cat","embeddable":true,"href":"https:\/\/www.phivutabletennis.com\/index.php\/wp-json\/wp\/v2\/product_cat?post=3245"},{"taxonomy":"product_tag","embeddable":true,"href":"https:\/\/www.phivutabletennis.com\/index.php\/wp-json\/wp\/v2\/product_tag?post=3245"}],"curies":[{"name":"wp","href":"https:\/\/api.w.org\/{rel}","templated":true}]}}