{"id":3247,"date":"2023-07-05T20:30:38","date_gmt":"2023-07-05T13:30:38","guid":{"rendered":"https:\/\/www.phivutabletennis.com\/?post_type=product&#038;p=3247"},"modified":"2023-07-05T20:30:39","modified_gmt":"2023-07-05T13:30:39","slug":"malong-carbon","status":"publish","type":"product","link":"https:\/\/www.phivutabletennis.com\/index.php\/product\/malong-carbon\/","title":{"rendered":"MALONG CARBON"},"content":{"rendered":"<p><strong>H\u00c0NG CH\u00cdNH H\u00c3NG NITTAKU S\u1ea2N XU\u1ea4T T\u1ea0I TRUNG QU\u1ed0C- MADE IN CHINA<\/strong><\/p>\n<p>\u0110\u01b0\u1ee3c trang b\u1ecb 2 l\u1edbp Glass Carbon \u0111\u00e0n h\u1ed3i cao, gi\u00fap v\u1ee3t Malong Carbon c\u00f3 uy l\u1ef1c v\u01b0\u1ee3t tr\u1ed9i v\u1ec1 t\u1ed1c \u0111\u1ed9.<\/p>\n<p>S\u1ef1 k\u1ebft h\u1ee3p kh\u00e9o l\u00e9o gi\u1eefa\u00a0c\u1ea5u t\u1ea1o c\u00e1c l\u1edbp g\u1ed7 m\u1ec1m v\u00e0 s\u1ee3i Carbon \u0111\u00e0n h\u1ed3i cao, gi\u00fap ng\u01b0\u1eddi ch\u01a1i d\u1ec5 d\u00e0ng t\u1ea1o xo\u00e1y, \u0111\u1ed3ng th\u1eddi t\u0103ng l\u1ef1c t\u1ea5n c\u00f4ng hai c\u00e0ng v\u00e0 \u00e1p \u0111\u1ea3o t\u00ecnh th\u1ebf.<\/p>\n<ul>\n<li>\u200bC\u1ea5u t\u1ea1o\u00a0\u00a0\u00a0\u00a0\u00a0: 5 l\u1edbp g\u1ed7 + 2 l\u1edbp Glass\u00a0Carbon g\u1ea7n l\u1edbp g\u1ed7 trung t\u00e2m<\/li>\n<li>T\u1ed1c \u0111\u1ed9\u00a0\u00a0\u00a0\u00a0\u00a0\u00a0: Trung b\u00ecnh nhanh<\/li>\n<li>C\u1ea3m gi\u00e1c\u00a0 : c\u1ee9ng<\/li>\n<li>\u0110\u1ed9 d\u1ea7y\u00a0 \u00a0 \u00a0 : 5.9\u00a0mm<\/li>\n<li>B\u1ea3ng v\u1ee3t\u00a0\u00a0 : 161x152mm<\/li>\n<li>Tr\u1ecdng l\u01b0\u1ee3ng: \u00b1 92\u00a0g<\/li>\n<\/ul>\n<p>H\u00e0ng ch\u00ednh h\u00e3ng b\u1ea3o h\u00e0nh 1 th\u00e1ng<\/p>\n<p><strong>Theo th\u00f4ng s\u1ed1 chu\u1ea9n c\u1ee7a h\u00e3ng Nittaku\u00a0<\/strong><\/p>\n<p>&nbsp;<\/p>\n<p>&nbsp;<\/p>\n<p><img decoding=\"async\" src=\"https:\/\/bongban.asia\/image\/data\/Tin_tuc\/product_big_11787.jpeg\" alt=\"\" \/><\/p>\n<p><img decoding=\"async\" src=\"https:\/\/bongban.asia\/image\/data\/Tin_tuc\/CAU%20TAO%20MALON.jpg\" alt=\"\" \/><\/p>\n<p><img decoding=\"async\" src=\"https:\/\/bongban.asia\/image\/data\/Tin_tuc\/product_big_11622.jpeg\" alt=\"\" \/><\/p>\n","protected":false},"excerpt":{"rendered":"<p>H\u00c0NG CH\u00cdNH H\u00c3NG NITTAKU S\u1ea2N XU\u1ea4T T\u1ea0I TRUNG QU\u1ed0C- MADE IN CHINA \u0110\u01b0\u1ee3c trang b\u1ecb 2 l\u1edbp Glass Carbon \u0111\u00e0n h\u1ed3i cao, gi\u00fap v\u1ee3t Malong Carbon c\u00f3 uy l\u1ef1c v\u01b0\u1ee3t tr\u1ed9i v\u1ec1 t\u1ed1c \u0111\u1ed9. S\u1ef1 k\u1ebft h\u1ee3p kh\u00e9o l\u00e9o gi\u1eefa\u00a0c\u1ea5u t\u1ea1o c\u00e1c l\u1edbp g\u1ed7 m\u1ec1m v\u00e0 s\u1ee3i Carbon \u0111\u00e0n h\u1ed3i cao, gi\u00fap ng\u01b0\u1eddi ch\u01a1i d\u1ec5 [&hellip;]<\/p>\n","protected":false},"featured_media":3248,"comment_status":"open","ping_status":"closed","template":"","meta":{"_eb_attr":""},"product_cat":[142,26],"product_tag":[],"class_list":["post-3247","product","type-product","status-publish","has-post-thumbnail","hentry","product_cat-cot-vot-nittaku","product_cat-cot-vot"],"_links":{"self":[{"href":"https:\/\/www.phivutabletennis.com\/index.php\/wp-json\/wp\/v2\/product\/3247","targetHints":{"allow":["GET"]}}],"collection":[{"href":"https:\/\/www.phivutabletennis.com\/index.php\/wp-json\/wp\/v2\/product"}],"about":[{"href":"https:\/\/www.phivutabletennis.com\/index.php\/wp-json\/wp\/v2\/types\/product"}],"replies":[{"embeddable":true,"href":"https:\/\/www.phivutabletennis.com\/index.php\/wp-json\/wp\/v2\/comments?post=3247"}],"wp:featuredmedia":[{"embeddable":true,"href":"https:\/\/www.phivutabletennis.com\/index.php\/wp-json\/wp\/v2\/media\/3248"}],"wp:attachment":[{"href":"https:\/\/www.phivutabletennis.com\/index.php\/wp-json\/wp\/v2\/media?parent=3247"}],"wp:term":[{"taxonomy":"product_cat","embeddable":true,"href":"https:\/\/www.phivutabletennis.com\/index.php\/wp-json\/wp\/v2\/product_cat?post=3247"},{"taxonomy":"product_tag","embeddable":true,"href":"https:\/\/www.phivutabletennis.com\/index.php\/wp-json\/wp\/v2\/product_tag?post=3247"}],"curies":[{"name":"wp","href":"https:\/\/api.w.org\/{rel}","templated":true}]}}