{"id":3251,"date":"2023-07-05T20:32:14","date_gmt":"2023-07-05T13:32:14","guid":{"rendered":"https:\/\/www.phivutabletennis.com\/?post_type=product&#038;p=3251"},"modified":"2023-07-05T20:32:14","modified_gmt":"2023-07-05T13:32:14","slug":"malong-carbon-3","status":"publish","type":"product","link":"https:\/\/www.phivutabletennis.com\/index.php\/product\/malong-carbon-3\/","title":{"rendered":"MALONG CARBON 3"},"content":{"rendered":"<p><strong>H\u00c0NG CH\u00cdNH H\u00c3NG NITTAKU S\u1ea2N XU\u1ea4T T\u1ea0I NH\u1eacT B\u1ea2N\u00a0&#8211; MADE IN JAPAN\u00a0<\/strong><\/p>\n<p>T\u00ednh n\u0103ng \u01b0u vi\u1ec7t v\u1edbi gi\u00e1 th\u00e0nh c\u1ea1nh tranh nh\u1ea5t trong d\u00f2ng c\u1ed1t v\u1ee3t series MALONG.<\/p>\n<p><strong>MALONG\u00a0CARBON 3\u00a0<\/strong>v\u1edbi\u00a0thi\u1ebft\u00a0k\u1ebf k\u1ebft h\u1ee3p l\u1edbp s\u1ee3i FE Kevlar \u0111\u1ed9c quy\u1ec1n v\u00e0 s\u1ee3i Carbon g\u1ea7n l\u1edbp g\u1ed7 ngo\u00e0i b\u1ea3ng v\u1ee3t v\u1edbi \u0111\u1ed9 \u0111\u00e0n h\u1ed3i cao, gi\u00fap ng\u01b0\u1eddi ch\u01a1i d\u1ec5 d\u00e0ng x\u1eed l\u00fd nh\u1eefng pha b\u00f3ng c\u1ea7n \u0111\u1ed9 ch\u00ednh x\u00e1c \u0111\u1ed3ng th\u1eddi h\u1ed7 tr\u1ee3 c\u00e2n b\u1eb1ng trong l\u1ed1i \u0111\u00e1nh t\u1ea5n c\u00f4ng v\u00e0 ph\u00f2ng th\u1ee7 to\u00e0n di\u1ec7n nh\u01b0ng v\u1eabn gi\u1eef \u0111\u01b0\u1ee3c c\u1ea3m gi\u00e1c g\u1ed7.<\/p>\n<p><strong>MALONG\u00a0CARBON 3-\u00a0<\/strong>s\u1ebd l\u00e0 tr\u1ee3 th\u1ee7 \u0111\u1eafc l\u1ef1c h\u1ed7 tr\u1ee3 c\u00e1c k\u1ef9 thu\u1eadt gi\u1eadt b\u00f3ng v\u1edbi qu\u1ef9 \u0111\u1ea1o b\u00f3ng b\u1ed5ng, v\u00f2ng cung cao.<\/p>\n<table border=\"0\" cellspacing=\"1\" cellpadding=\"1\">\n<tbody>\n<tr>\n<td>C\u1ea5u t\u1ea1o<\/td>\n<td>: 5 l\u1edbp g\u1ed7 + 2 l\u1edbp s\u1ee3i\u00a0FE Kevlar Carbon<\/td>\n<\/tr>\n<tr>\n<td>T\u1ed1c \u0111\u1ed9<\/td>\n<td>: Trung b\u00ecnh nhanh<\/td>\n<\/tr>\n<tr>\n<td>C\u1ea3m gi\u00e1c<\/td>\n<td>: C\u1ee9ng<\/td>\n<\/tr>\n<tr>\n<td>\u0110\u1ed9 d\u1ea7y<\/td>\n<td>: 5.7mm<\/td>\n<\/tr>\n<tr>\n<td>B\u1ea3ng v\u1ee3t<\/td>\n<td>: 160 x 151mm<\/td>\n<\/tr>\n<tr>\n<td>Tr\u1ecdng l\u01b0\u1ee3ng<\/td>\n<td>: 88gr\u00b1<\/td>\n<\/tr>\n<\/tbody>\n<\/table>\n<p>&nbsp;<\/p>\n<p><strong>Theo th\u00f4ng s\u1ed1 chu\u1ea9n c\u1ee7a h\u00e3ng Nittaku<\/strong><br \/>\n<strong>H\u00e0ng ch\u00ednh h\u00e3ng b\u1ea3o h\u00e0nh 1 th\u00e1ng<\/strong><\/p>\n","protected":false},"excerpt":{"rendered":"<p>H\u00c0NG CH\u00cdNH H\u00c3NG NITTAKU S\u1ea2N XU\u1ea4T T\u1ea0I NH\u1eacT B\u1ea2N\u00a0&#8211; MADE IN JAPAN\u00a0 T\u00ednh n\u0103ng \u01b0u vi\u1ec7t v\u1edbi gi\u00e1 th\u00e0nh c\u1ea1nh tranh nh\u1ea5t trong d\u00f2ng c\u1ed1t v\u1ee3t series MALONG. MALONG\u00a0CARBON 3\u00a0v\u1edbi\u00a0thi\u1ebft\u00a0k\u1ebf k\u1ebft h\u1ee3p l\u1edbp s\u1ee3i FE Kevlar \u0111\u1ed9c quy\u1ec1n v\u00e0 s\u1ee3i Carbon g\u1ea7n l\u1edbp g\u1ed7 ngo\u00e0i b\u1ea3ng v\u1ee3t v\u1edbi \u0111\u1ed9 \u0111\u00e0n h\u1ed3i cao, gi\u00fap ng\u01b0\u1eddi ch\u01a1i [&hellip;]<\/p>\n","protected":false},"featured_media":3252,"comment_status":"open","ping_status":"closed","template":"","meta":{"_eb_attr":""},"product_cat":[142,26],"product_tag":[],"class_list":["post-3251","product","type-product","status-publish","has-post-thumbnail","hentry","product_cat-cot-vot-nittaku","product_cat-cot-vot"],"_links":{"self":[{"href":"https:\/\/www.phivutabletennis.com\/index.php\/wp-json\/wp\/v2\/product\/3251","targetHints":{"allow":["GET"]}}],"collection":[{"href":"https:\/\/www.phivutabletennis.com\/index.php\/wp-json\/wp\/v2\/product"}],"about":[{"href":"https:\/\/www.phivutabletennis.com\/index.php\/wp-json\/wp\/v2\/types\/product"}],"replies":[{"embeddable":true,"href":"https:\/\/www.phivutabletennis.com\/index.php\/wp-json\/wp\/v2\/comments?post=3251"}],"wp:featuredmedia":[{"embeddable":true,"href":"https:\/\/www.phivutabletennis.com\/index.php\/wp-json\/wp\/v2\/media\/3252"}],"wp:attachment":[{"href":"https:\/\/www.phivutabletennis.com\/index.php\/wp-json\/wp\/v2\/media?parent=3251"}],"wp:term":[{"taxonomy":"product_cat","embeddable":true,"href":"https:\/\/www.phivutabletennis.com\/index.php\/wp-json\/wp\/v2\/product_cat?post=3251"},{"taxonomy":"product_tag","embeddable":true,"href":"https:\/\/www.phivutabletennis.com\/index.php\/wp-json\/wp\/v2\/product_tag?post=3251"}],"curies":[{"name":"wp","href":"https:\/\/api.w.org\/{rel}","templated":true}]}}