{"id":3253,"date":"2023-07-05T20:33:03","date_gmt":"2023-07-05T13:33:03","guid":{"rendered":"https:\/\/www.phivutabletennis.com\/?post_type=product&#038;p=3253"},"modified":"2023-07-05T20:33:04","modified_gmt":"2023-07-05T13:33:04","slug":"malong-5","status":"publish","type":"product","link":"https:\/\/www.phivutabletennis.com\/index.php\/product\/malong-5\/","title":{"rendered":"MALONG 5"},"content":{"rendered":"<p><strong>H\u00c0NG CH\u00cdNH H\u00c3NG NITTAKU H\u1ee2P T\u00c1C DHS S\u1ea2N XU\u1ea4T T\u1ea0I TRUNG QU\u1ed0C- MADE IN CHINA<\/strong><\/p>\n<p><strong>MALONG FIVE<\/strong>&#8211; D\u1ec5 d\u00e0ng t\u1ea1o xo\u00e1y v\u1edbi qu\u1ef9 \u0111\u1ea1o b\u00f3ng \u1ed5n \u0111\u1ecbnh.<br \/>\nTh\u1eddi gian gi\u1eef b\u00f3ng l\u00e2u, d\u1ec5 d\u00e0ng t\u1ea1o xo\u00e1y v\u00e0 th\u1ef1c hi\u1ec7n c\u00e1c \u0111\u1ed9ng t\u00e1c k\u1ef9 thu\u1eadt t\u1ea5n c\u00f4ng \u0111\u1ea7y uy l\u1ef1c.<br \/>\n5 l\u1edbp g\u1ed7 thu\u1ea7n h\u1ed7 tr\u1ee3 t\u1ed1i \u0111a c\u00e1c \u0111\u1ed9ng t\u00e1c gi\u1eadt ph\u1ea3i v\u00e0 tr\u00e1i v\u1edbi \u0111\u1ed9 c\u00e2n b\u1eb1ng v\u00e0 \u1ed5n \u0111\u1ecbnh cao.<br \/>\nD\u1ec5 d\u00e0ng x\u1eed l\u00fd v\u00e0 th\u1ef1c hi\u1ec7n hi\u1ec7n c\u00e1c k\u1ef9 thu\u1eadt \u0111\u1ee1 giao b\u00f3ng v\u00e0 giao b\u00f3ng \u00f4m b\u00e0n m\u1ed9t c\u00e1ch ch\u00ednh x\u00e1c.<br \/>\nV\u0110V Malong b\u00ecnh lu\u1eadn: &#8220;C\u1ed1t v\u1ee3t Malong 5 th\u00edch h\u1ee3p v\u1edbi V\u1eadn \u0111\u1ed9ng vi\u00ean v\u00e0 ng\u01b0\u1eddi ch\u01a1i c\u1ea7n \u0111\u1ecbnh h\u01b0\u1edbng \u1ed5n \u0111\u1ecbnh ,n\u00e2ng t\u1ea7m k\u1ef9 thu\u1eadt x\u1eed l\u00fd b\u00f3ng cho ng\u01b0\u1eddi s\u1eed d\u1ee5ng&#8221;<\/p>\n<ul>\n<li>C\u1ea5u t\u1ea1o\u00a0 \u00a0 \u00a0: 5 l\u1edbp g\u1ed7<\/li>\n<li>T\u1ed1c \u0111\u1ed9\u00a0\u00a0\u00a0\u00a0\u00a0 : Trung b\u00ecnh<\/li>\n<li>C\u1ea3m gi\u00e1c\u00a0 :\u00a0M\u1ec1m<\/li>\n<li>\u0110\u1ed9 d\u00e0y\u00a0\u00a0\u00a0\u00a0\u00a0 : 6.0mm<\/li>\n<li>B\u1ea3ng v\u1ee3t\u00a0\u00a0 : 161 x 152mm<\/li>\n<li>Tr\u1ecdng l\u01b0\u1ee3ng: \u00b186gr<\/li>\n<\/ul>\n<p>H\u00e0ng ch\u00ednh h\u00e3ng b\u1ea3o h\u00e0nh 1 th\u00e1ng<\/p>\n<p><strong>Theo th\u00f4ng s\u1ed1 chu\u1ea9n c\u1ee7a h\u00e3ng Nittaku\u00a0<\/strong><\/p>\n<p>&nbsp;<\/p>\n<p><img decoding=\"async\" src=\"https:\/\/bongban.asia\/image\/data\/mlong5.jpg\" alt=\"\" \/><\/p>\n<p>&nbsp;<\/p>\n","protected":false},"excerpt":{"rendered":"<p>H\u00c0NG CH\u00cdNH H\u00c3NG NITTAKU H\u1ee2P T\u00c1C DHS S\u1ea2N XU\u1ea4T T\u1ea0I TRUNG QU\u1ed0C- MADE IN CHINA MALONG FIVE&#8211; D\u1ec5 d\u00e0ng t\u1ea1o xo\u00e1y v\u1edbi qu\u1ef9 \u0111\u1ea1o b\u00f3ng \u1ed5n \u0111\u1ecbnh. Th\u1eddi gian gi\u1eef b\u00f3ng l\u00e2u, d\u1ec5 d\u00e0ng t\u1ea1o xo\u00e1y v\u00e0 th\u1ef1c hi\u1ec7n c\u00e1c \u0111\u1ed9ng t\u00e1c k\u1ef9 thu\u1eadt t\u1ea5n c\u00f4ng \u0111\u1ea7y uy l\u1ef1c. 5 l\u1edbp g\u1ed7 thu\u1ea7n h\u1ed7 tr\u1ee3 [&hellip;]<\/p>\n","protected":false},"featured_media":3254,"comment_status":"open","ping_status":"closed","template":"","meta":{"_eb_attr":""},"product_cat":[142,26],"product_tag":[],"class_list":["post-3253","product","type-product","status-publish","has-post-thumbnail","hentry","product_cat-cot-vot-nittaku","product_cat-cot-vot"],"_links":{"self":[{"href":"https:\/\/www.phivutabletennis.com\/index.php\/wp-json\/wp\/v2\/product\/3253","targetHints":{"allow":["GET"]}}],"collection":[{"href":"https:\/\/www.phivutabletennis.com\/index.php\/wp-json\/wp\/v2\/product"}],"about":[{"href":"https:\/\/www.phivutabletennis.com\/index.php\/wp-json\/wp\/v2\/types\/product"}],"replies":[{"embeddable":true,"href":"https:\/\/www.phivutabletennis.com\/index.php\/wp-json\/wp\/v2\/comments?post=3253"}],"wp:featuredmedia":[{"embeddable":true,"href":"https:\/\/www.phivutabletennis.com\/index.php\/wp-json\/wp\/v2\/media\/3254"}],"wp:attachment":[{"href":"https:\/\/www.phivutabletennis.com\/index.php\/wp-json\/wp\/v2\/media?parent=3253"}],"wp:term":[{"taxonomy":"product_cat","embeddable":true,"href":"https:\/\/www.phivutabletennis.com\/index.php\/wp-json\/wp\/v2\/product_cat?post=3253"},{"taxonomy":"product_tag","embeddable":true,"href":"https:\/\/www.phivutabletennis.com\/index.php\/wp-json\/wp\/v2\/product_tag?post=3253"}],"curies":[{"name":"wp","href":"https:\/\/api.w.org\/{rel}","templated":true}]}}