{"id":3259,"date":"2023-07-05T20:35:36","date_gmt":"2023-07-05T13:35:36","guid":{"rendered":"https:\/\/www.phivutabletennis.com\/?post_type=product&#038;p=3259"},"modified":"2023-07-05T20:35:37","modified_gmt":"2023-07-05T13:35:37","slug":"tonado-king-power","status":"publish","type":"product","link":"https:\/\/www.phivutabletennis.com\/index.php\/product\/tonado-king-power\/","title":{"rendered":"TONADO KING POWER"},"content":{"rendered":"<p><strong>H\u00c0NG CH\u00cdNH H\u00c3NG NITTAKU S\u1ea2N XU\u1ea4T T\u1ea0I NH\u1eacT B\u1ea2N- MADE IN JAPAN\u00a0<\/strong><\/p>\n<table border=\"0\" cellspacing=\"1\" cellpadding=\"1\">\n<tbody>\n<tr>\n<td>C\u1ea5u t\u1ea1o<\/td>\n<td>:\u00a05 l\u1edbp g\u1ed7 + 2 Kelvar Carbon g\u1ea7n l\u1edbp g\u1ed7 trung t\u00e2m<\/td>\n<\/tr>\n<tr>\n<td><span style=\"font-family: arial, helvetica, sans-serif;\">T\u1ed1c \u0111\u1ed9<\/span><\/td>\n<td>: Trung b\u00ecnh nhanh<\/td>\n<\/tr>\n<tr>\n<td><span style=\"font-family: arial, helvetica, sans-serif;\">\u0110\u1ed9 d\u1ea7y<\/span><\/td>\n<td>: C\u1ee9ng<\/td>\n<\/tr>\n<tr>\n<td>\u0110\u1ed9 d\u00e0y<\/td>\n<td>:\u00a05.8\u00a0mm<\/td>\n<\/tr>\n<tr>\n<td>B\u1ea3ng v\u1ee3t<\/td>\n<td>:\u00a0157 x 150mm<\/td>\n<\/tr>\n<\/tbody>\n<\/table>\n<p><strong>H\u00e0ng ch\u00ednh h\u00e3ng b\u1ea3o h\u00e0nh 1 th\u00e1ng<\/strong><br \/>\n<strong>Theo th\u00f4ng s\u1ed1 chu\u1ea9n c\u1ee7a h\u00e3ng Nittaku\u00a0<\/strong><\/p>\n<p><img decoding=\"async\" src=\"https:\/\/bongban.asia\/image\/data\/Tin_tuc\/product_big_13051.jpeg\" alt=\"\" \/><\/p>\n<p><img decoding=\"async\" src=\"https:\/\/bongban.asia\/image\/data\/Tin_tuc\/TORNADO%20KING%20POWER.png\" alt=\"\" \/><\/p>\n","protected":false},"excerpt":{"rendered":"<p>H\u00c0NG CH\u00cdNH H\u00c3NG NITTAKU S\u1ea2N XU\u1ea4T T\u1ea0I NH\u1eacT B\u1ea2N- MADE IN JAPAN\u00a0 C\u1ea5u t\u1ea1o :\u00a05 l\u1edbp g\u1ed7 + 2 Kelvar Carbon g\u1ea7n l\u1edbp g\u1ed7 trung t\u00e2m T\u1ed1c \u0111\u1ed9 : Trung b\u00ecnh nhanh \u0110\u1ed9 d\u1ea7y : C\u1ee9ng \u0110\u1ed9 d\u00e0y :\u00a05.8\u00a0mm B\u1ea3ng v\u1ee3t :\u00a0157 x 150mm H\u00e0ng ch\u00ednh h\u00e3ng b\u1ea3o h\u00e0nh 1 th\u00e1ng Theo th\u00f4ng s\u1ed1 chu\u1ea9n [&hellip;]<\/p>\n","protected":false},"featured_media":3260,"comment_status":"open","ping_status":"closed","template":"","meta":{"_eb_attr":""},"product_cat":[142,26],"product_tag":[],"class_list":["post-3259","product","type-product","status-publish","has-post-thumbnail","hentry","product_cat-cot-vot-nittaku","product_cat-cot-vot"],"_links":{"self":[{"href":"https:\/\/www.phivutabletennis.com\/index.php\/wp-json\/wp\/v2\/product\/3259","targetHints":{"allow":["GET"]}}],"collection":[{"href":"https:\/\/www.phivutabletennis.com\/index.php\/wp-json\/wp\/v2\/product"}],"about":[{"href":"https:\/\/www.phivutabletennis.com\/index.php\/wp-json\/wp\/v2\/types\/product"}],"replies":[{"embeddable":true,"href":"https:\/\/www.phivutabletennis.com\/index.php\/wp-json\/wp\/v2\/comments?post=3259"}],"wp:featuredmedia":[{"embeddable":true,"href":"https:\/\/www.phivutabletennis.com\/index.php\/wp-json\/wp\/v2\/media\/3260"}],"wp:attachment":[{"href":"https:\/\/www.phivutabletennis.com\/index.php\/wp-json\/wp\/v2\/media?parent=3259"}],"wp:term":[{"taxonomy":"product_cat","embeddable":true,"href":"https:\/\/www.phivutabletennis.com\/index.php\/wp-json\/wp\/v2\/product_cat?post=3259"},{"taxonomy":"product_tag","embeddable":true,"href":"https:\/\/www.phivutabletennis.com\/index.php\/wp-json\/wp\/v2\/product_tag?post=3259"}],"curies":[{"name":"wp","href":"https:\/\/api.w.org\/{rel}","templated":true}]}}