{"id":3261,"date":"2023-07-05T20:36:28","date_gmt":"2023-07-05T13:36:28","guid":{"rendered":"https:\/\/www.phivutabletennis.com\/?post_type=product&#038;p=3261"},"modified":"2023-07-05T20:36:28","modified_gmt":"2023-07-05T13:36:28","slug":"kasumi-special","status":"publish","type":"product","link":"https:\/\/www.phivutabletennis.com\/index.php\/product\/kasumi-special\/","title":{"rendered":"KASUMI SPECIAL"},"content":{"rendered":"<div>\n<p><strong>H\u00c0NG CH\u00cdNH H\u00c3NG NITTAKU S\u1ea2N XU\u1ea4T T\u1ea0I NH\u1eacT B\u1ea2N- MADE IN JAPAN<\/strong><\/p>\n<p><strong>KASUMI SPECIAL-<\/strong>\u00a0\u0111\u01b0\u1ee3c s\u1ea3n xu\u1ea5t d\u1ef1a tr\u00ean \u00fd ki\u1ebfn, th\u00f4ng qua ti\u00eau ch\u00ed quan tr\u1ecdng v\u00e0 s\u1ef1 \u0111\u00e1nh gi\u00e1 c\u1ee7a V\u1eadn \u0111\u1ed9ng vi\u00ean Kasumi (th\u00e0nh vi\u00ean tr\u1ee5 c\u1ed9t trong \u0111\u1ed9i tuy\u1ec3n N\u1eef &#8211; Nh\u1eadt B\u1ea3n), nh\u1eb1m \u0111em l\u1ea1i cho ng\u01b0\u1eddi ch\u01a1i c\u1ea3m gi\u00e1c \u1ed5n \u0111\u1ecbnh, s\u1ef1 quy\u1ebft \u0111o\u00e1n trong c\u00e1c tr\u1eadn b\u00f3ng c\u0103ng th\u1eb3ng \u0111\u1ec3 d\u00e0nh \u0111i\u1ec3m s\u1ed1.<\/p>\n<div>C\u1ed1t v\u1ee3t c\u00f3 t\u00ednh \u0111\u00e0n h\u1ed3i t\u1ed1t v\u00e0 \u0111\u1ed9 n\u1ea3y \u1ed5n \u0111\u1ecbnh.<\/div>\n<ul>\n<li>C\u1ea5u t\u1ea1o: 5 l\u1edbp g\u1ed7 + 2 l\u1edbp FE Carbon<\/li>\n<li>T\u1ed1c \u0111\u1ed9: trung b\u00ecnh nhanh<\/li>\n<li>C\u1ea3m gi\u00e1c c\u1ee9ng<\/li>\n<li>\u0110\u1ed9 d\u1ea7y m\u1eb7t v\u1ee3t : 5.5 mm<\/li>\n<li>Tr\u1ecdng l\u01b0\u1ee3ng:\u00a0<b>\u00b185<\/b>\u00a0gr<\/li>\n<\/ul>\n<div>H\u00e0ng ch\u00ednh h\u00e3ng b\u1ea3o h\u00e0nh 1 th\u00e1ng<\/div>\n<div><strong>Theo th\u00f4ng s\u1ed1 chu\u1ea9n c\u1ee7a h\u00e3ng Nittaku<\/strong><\/div>\n<div><\/div>\n<\/div>\n<div><img decoding=\"async\" src=\"https:\/\/bongban.asia\/image\/data\/NITTAKU\/cot-vot-thang\/3\/product_hosoku_6525.jpg\" \/><\/div>\n","protected":false},"excerpt":{"rendered":"<p>H\u00c0NG CH\u00cdNH H\u00c3NG NITTAKU S\u1ea2N XU\u1ea4T T\u1ea0I NH\u1eacT B\u1ea2N- MADE IN JAPAN KASUMI SPECIAL-\u00a0\u0111\u01b0\u1ee3c s\u1ea3n xu\u1ea5t d\u1ef1a tr\u00ean \u00fd ki\u1ebfn, th\u00f4ng qua ti\u00eau ch\u00ed quan tr\u1ecdng v\u00e0 s\u1ef1 \u0111\u00e1nh gi\u00e1 c\u1ee7a V\u1eadn \u0111\u1ed9ng vi\u00ean Kasumi (th\u00e0nh vi\u00ean tr\u1ee5 c\u1ed9t trong \u0111\u1ed9i tuy\u1ec3n N\u1eef &#8211; Nh\u1eadt B\u1ea3n), nh\u1eb1m \u0111em l\u1ea1i cho ng\u01b0\u1eddi ch\u01a1i c\u1ea3m gi\u00e1c \u1ed5n [&hellip;]<\/p>\n","protected":false},"featured_media":3262,"comment_status":"open","ping_status":"closed","template":"","meta":{"_eb_attr":""},"product_cat":[142,26],"product_tag":[],"class_list":["post-3261","product","type-product","status-publish","has-post-thumbnail","hentry","product_cat-cot-vot-nittaku","product_cat-cot-vot"],"_links":{"self":[{"href":"https:\/\/www.phivutabletennis.com\/index.php\/wp-json\/wp\/v2\/product\/3261","targetHints":{"allow":["GET"]}}],"collection":[{"href":"https:\/\/www.phivutabletennis.com\/index.php\/wp-json\/wp\/v2\/product"}],"about":[{"href":"https:\/\/www.phivutabletennis.com\/index.php\/wp-json\/wp\/v2\/types\/product"}],"replies":[{"embeddable":true,"href":"https:\/\/www.phivutabletennis.com\/index.php\/wp-json\/wp\/v2\/comments?post=3261"}],"wp:featuredmedia":[{"embeddable":true,"href":"https:\/\/www.phivutabletennis.com\/index.php\/wp-json\/wp\/v2\/media\/3262"}],"wp:attachment":[{"href":"https:\/\/www.phivutabletennis.com\/index.php\/wp-json\/wp\/v2\/media?parent=3261"}],"wp:term":[{"taxonomy":"product_cat","embeddable":true,"href":"https:\/\/www.phivutabletennis.com\/index.php\/wp-json\/wp\/v2\/product_cat?post=3261"},{"taxonomy":"product_tag","embeddable":true,"href":"https:\/\/www.phivutabletennis.com\/index.php\/wp-json\/wp\/v2\/product_tag?post=3261"}],"curies":[{"name":"wp","href":"https:\/\/api.w.org\/{rel}","templated":true}]}}