{"id":3263,"date":"2023-07-05T20:37:08","date_gmt":"2023-07-05T13:37:08","guid":{"rendered":"https:\/\/www.phivutabletennis.com\/?post_type=product&#038;p=3263"},"modified":"2023-07-05T20:37:08","modified_gmt":"2023-07-05T13:37:08","slug":"tenor","status":"publish","type":"product","link":"https:\/\/www.phivutabletennis.com\/index.php\/product\/tenor\/","title":{"rendered":"TENOR"},"content":{"rendered":"<p><strong>H\u00c0NG CH\u00cdNH H\u00c3NG NITTAKU S\u1ea2N XU\u1ea4T T\u1ea0I NH\u1eacT B\u1ea2N- MADE IN JAPAN\u00a0<\/strong><\/p>\n<ul>\n<li>C\u1ea5u t\u1ea1o : 5 l\u1edbp g\u1ed7<\/li>\n<li>T\u1ed1c \u0111\u1ed9 : Trung B\u00ecnh<\/li>\n<li>C\u1ea3m gi\u00e1c : C\u1ee9ng<\/li>\n<li>\u0110\u1ed9 d\u1ea7y m\u1eb7t v\u1ee3t : 6.0 mm<\/li>\n<li>Tr\u1ecdng l\u01b0\u1ee3ng trung b\u00ecnh: \u00b192 gr<\/li>\n<li>B\u1ea3ng v\u1ee3t: 158&#215;151 mm<\/li>\n<\/ul>\n<p><strong>H\u00e0ng ch\u00ednh h\u00e3ng b\u1ea3o h\u00e0nh 1 th\u00e1ng<\/strong><\/p>\n<p><strong>Theo th\u00f4ng s\u1ed1 chu\u1ea9n c\u1ee7a h\u00e3ng Nittaku<\/strong><\/p>\n","protected":false},"excerpt":{"rendered":"<p>H\u00c0NG CH\u00cdNH H\u00c3NG NITTAKU S\u1ea2N XU\u1ea4T T\u1ea0I NH\u1eacT B\u1ea2N- MADE IN JAPAN\u00a0 C\u1ea5u t\u1ea1o : 5 l\u1edbp g\u1ed7 T\u1ed1c \u0111\u1ed9 : Trung B\u00ecnh C\u1ea3m gi\u00e1c : C\u1ee9ng \u0110\u1ed9 d\u1ea7y m\u1eb7t v\u1ee3t : 6.0 mm Tr\u1ecdng l\u01b0\u1ee3ng trung b\u00ecnh: \u00b192 gr B\u1ea3ng v\u1ee3t: 158&#215;151 mm H\u00e0ng ch\u00ednh h\u00e3ng b\u1ea3o h\u00e0nh 1 th\u00e1ng Theo th\u00f4ng s\u1ed1 chu\u1ea9n [&hellip;]<\/p>\n","protected":false},"featured_media":3264,"comment_status":"open","ping_status":"closed","template":"","meta":{"_eb_attr":""},"product_cat":[142,26],"product_tag":[],"class_list":["post-3263","product","type-product","status-publish","has-post-thumbnail","hentry","product_cat-cot-vot-nittaku","product_cat-cot-vot"],"_links":{"self":[{"href":"https:\/\/www.phivutabletennis.com\/index.php\/wp-json\/wp\/v2\/product\/3263","targetHints":{"allow":["GET"]}}],"collection":[{"href":"https:\/\/www.phivutabletennis.com\/index.php\/wp-json\/wp\/v2\/product"}],"about":[{"href":"https:\/\/www.phivutabletennis.com\/index.php\/wp-json\/wp\/v2\/types\/product"}],"replies":[{"embeddable":true,"href":"https:\/\/www.phivutabletennis.com\/index.php\/wp-json\/wp\/v2\/comments?post=3263"}],"wp:featuredmedia":[{"embeddable":true,"href":"https:\/\/www.phivutabletennis.com\/index.php\/wp-json\/wp\/v2\/media\/3264"}],"wp:attachment":[{"href":"https:\/\/www.phivutabletennis.com\/index.php\/wp-json\/wp\/v2\/media?parent=3263"}],"wp:term":[{"taxonomy":"product_cat","embeddable":true,"href":"https:\/\/www.phivutabletennis.com\/index.php\/wp-json\/wp\/v2\/product_cat?post=3263"},{"taxonomy":"product_tag","embeddable":true,"href":"https:\/\/www.phivutabletennis.com\/index.php\/wp-json\/wp\/v2\/product_tag?post=3263"}],"curies":[{"name":"wp","href":"https:\/\/api.w.org\/{rel}","templated":true}]}}