{"id":3265,"date":"2023-07-05T20:38:01","date_gmt":"2023-07-05T13:38:01","guid":{"rendered":"https:\/\/www.phivutabletennis.com\/?post_type=product&#038;p=3265"},"modified":"2023-07-05T20:38:02","modified_gmt":"2023-07-05T13:38:02","slug":"septear-carbon","status":"publish","type":"product","link":"https:\/\/www.phivutabletennis.com\/index.php\/product\/septear-carbon\/","title":{"rendered":"SEPTEAR CARBON"},"content":{"rendered":"<p><strong>H\u00c0NG CH\u00cdNH H\u00c3NG NITTAKU S\u1ea2N XU\u1ea4T T\u1ea0I NH\u1eacT B\u1ea2N- MADE IN JAPAN<\/strong><\/p>\n<p><strong><img decoding=\"async\" src=\"https:\/\/bongban.asia\/image\/data\/SEPTEAR%20CARBON%203.jpeg\" alt=\"\" \/><\/strong><\/p>\n<p><b>SEPTEAR CARBON<\/b>\u00a0\u2013 m\u1ed9t s\u1ea3n ph\u1ea9m \u0111\u1ed9c \u0111\u00e1o v\u00e0 tinh x\u1ea3o \u0111\u01b0\u1ee3c s\u1ea3n xu\u1ea5t b\u1eb1ng\u00a0g\u1ed7 cao c\u1ea5p Kiso Hinoki v\u1edbi m\u00f9i th\u01a1m d\u1ecbu d\u00e0ng b\u1edfi\u00a0b\u00e0n tay kh\u00e9o l\u00e9o c\u1ee7a c\u00e1c ngh\u1ec7 nh\u00e2n.<\/p>\n<p>G\u1ed7 Kiso Hinoki \u0111\u01b0\u1ee3c thi\u00ean nhi\u00ean \u01b0u \u0111\u00e3i v\u1edbi c\u00e1c ti\u00eau chu\u1ea9n \u0111\u00e1p \u1ee9ng nhu c\u1ea7u c\u1ee7a ng\u01b0\u1eddi ch\u01a1i b\u00f3ng b\u00e0n v\u1ec1 c\u1ea3m gi\u00e1c b\u00f3ng, t\u1ed1c \u0111\u1ed9 v\u00e0 d\u1ec5 s\u1eed d\u1ee5ng, gi\u00fap ng\u01b0\u1eddi ch\u01a1i d\u1ec5 th\u00edch nghi v\u00e0 ho\u00e0n thi\u1ec7n k\u1ef9 n\u0103ng \u0111\u00e1nh b\u00f3ng.<\/p>\n<p><img decoding=\"async\" src=\"https:\/\/bongban.asia\/image\/data\/SEPTEAR%20CARBON%202.jpeg\" alt=\"\" \/><\/p>\n<ul>\n<li>C\u1ea5u t\u1ea1o: 7 l\u1edbp g\u1ed7 cao c\u1ea5p Kiso Hinoki + l\u1edbp Carbon AD c\u00f3 \u0111\u1ed9 \u0111\u00e0n h\u1ed3i cao.<\/li>\n<li>T\u1ed1c \u0111\u1ed9 : trung b\u00ecnh nhanh<\/li>\n<li>C\u1ea3m gi\u00e1c: c\u1ee9ng<\/li>\n<li>\u0110\u1ed9 d\u1ea7y b\u1ea3n v\u1ee3t: 5.8 mm<\/li>\n<li>B\u1ea3ng v\u1ee3t: 157 x 150 mm<\/li>\n<li>Tr\u1ecdng l\u01b0\u1ee3ng: \u00b1 88gr<\/li>\n<\/ul>\n<p>H\u00e0ng ch\u00ednh h\u00e3ng b\u1ea3o h\u00e0nh 1 th\u00e1ng<\/p>\n<p><strong>Theo th\u00f4ng s\u1ed1 chu\u1ea9n c\u1ee7a h\u00e3ng Nittaku<\/strong><\/p>\n","protected":false},"excerpt":{"rendered":"<p>H\u00c0NG CH\u00cdNH H\u00c3NG NITTAKU S\u1ea2N XU\u1ea4T T\u1ea0I NH\u1eacT B\u1ea2N- MADE IN JAPAN SEPTEAR CARBON\u00a0\u2013 m\u1ed9t s\u1ea3n ph\u1ea9m \u0111\u1ed9c \u0111\u00e1o v\u00e0 tinh x\u1ea3o \u0111\u01b0\u1ee3c s\u1ea3n xu\u1ea5t b\u1eb1ng\u00a0g\u1ed7 cao c\u1ea5p Kiso Hinoki v\u1edbi m\u00f9i th\u01a1m d\u1ecbu d\u00e0ng b\u1edfi\u00a0b\u00e0n tay kh\u00e9o l\u00e9o c\u1ee7a c\u00e1c ngh\u1ec7 nh\u00e2n. G\u1ed7 Kiso Hinoki \u0111\u01b0\u1ee3c thi\u00ean nhi\u00ean \u01b0u \u0111\u00e3i v\u1edbi c\u00e1c ti\u00eau chu\u1ea9n [&hellip;]<\/p>\n","protected":false},"featured_media":3266,"comment_status":"open","ping_status":"closed","template":"","meta":{"_eb_attr":""},"product_cat":[142,26],"product_tag":[],"class_list":["post-3265","product","type-product","status-publish","has-post-thumbnail","hentry","product_cat-cot-vot-nittaku","product_cat-cot-vot"],"_links":{"self":[{"href":"https:\/\/www.phivutabletennis.com\/index.php\/wp-json\/wp\/v2\/product\/3265","targetHints":{"allow":["GET"]}}],"collection":[{"href":"https:\/\/www.phivutabletennis.com\/index.php\/wp-json\/wp\/v2\/product"}],"about":[{"href":"https:\/\/www.phivutabletennis.com\/index.php\/wp-json\/wp\/v2\/types\/product"}],"replies":[{"embeddable":true,"href":"https:\/\/www.phivutabletennis.com\/index.php\/wp-json\/wp\/v2\/comments?post=3265"}],"wp:featuredmedia":[{"embeddable":true,"href":"https:\/\/www.phivutabletennis.com\/index.php\/wp-json\/wp\/v2\/media\/3266"}],"wp:attachment":[{"href":"https:\/\/www.phivutabletennis.com\/index.php\/wp-json\/wp\/v2\/media?parent=3265"}],"wp:term":[{"taxonomy":"product_cat","embeddable":true,"href":"https:\/\/www.phivutabletennis.com\/index.php\/wp-json\/wp\/v2\/product_cat?post=3265"},{"taxonomy":"product_tag","embeddable":true,"href":"https:\/\/www.phivutabletennis.com\/index.php\/wp-json\/wp\/v2\/product_tag?post=3265"}],"curies":[{"name":"wp","href":"https:\/\/api.w.org\/{rel}","templated":true}]}}