{"id":3267,"date":"2023-07-05T20:38:51","date_gmt":"2023-07-05T13:38:51","guid":{"rendered":"https:\/\/www.phivutabletennis.com\/?post_type=product&#038;p=3267"},"modified":"2023-07-05T20:38:51","modified_gmt":"2023-07-05T13:38:51","slug":"septear","status":"publish","type":"product","link":"https:\/\/www.phivutabletennis.com\/index.php\/product\/septear\/","title":{"rendered":"SEPTEAR"},"content":{"rendered":"<p><strong>H\u00c0NG CH\u00cdNH H\u00c3NG NITTAKU S\u1ea2N XU\u1ea4T T\u1ea0I NH\u1eacT B\u1ea2N- MADE IN JAPAN<\/strong><\/p>\n<p>C\u1ed1t v\u1ee3t Septear v\u1edbi c\u1ea5u t\u1ea1o 7 l\u1edbp g\u1ed7 cao c\u1ea5p Hinoki, t\u1ea1o cho ng\u01b0\u1eddi ch\u01a1i c\u00f3 c\u1ea3m gi\u00e1c b\u00f3ng t\u1ed1t, d\u1ec5 c\u1ea3m nh\u1eadn v\u00e0 \u0111i\u1ec1u khi\u1ec3n d\u1ec5 d\u00e0ng l\u1ef1c \u0111i c\u1ee7a b\u00f3ng.<\/p>\n<ul>\n<li>C\u1ea5u t\u1ea1o : 7 l\u1edbp g\u1ed7 Hinoki<\/li>\n<li>T\u1ed1c \u0111\u1ed9\u00a0 : Off<\/li>\n<li>\u0110\u1ed9 d\u1ea7y m\u1eb7t g\u1ed7 c\u1ed1t v\u1ee3t : 6.7 mm<\/li>\n<li>Tr\u1ecdng l\u01b0\u1ee3ng trung b\u00ecnh : 85 gr\u00b1<\/li>\n<\/ul>\n<p><span style=\"font-family: times new roman, times, serif;\">H\u00e0ng ch\u00ednh h\u00e3ng b\u1ea3o h\u00e0nh 1 th\u00e1ng<\/span><\/p>\n<p><strong><span style=\"color: #000000;\">Theo th\u00f4ng s\u1ed1 chu\u1ea9n c\u1ee7a h\u00e3ng Nittaku<\/span><\/strong><\/p>\n<p>&nbsp;<\/p>\n<p><b><img decoding=\"async\" src=\"https:\/\/bongban.asia\/image\/data\/NITTAKU\/cot-vot-thang\/2\/SEPTEAR_FL_50add7a505fbb.jpg\" alt=\"alt\" \/><\/b><\/p>\n","protected":false},"excerpt":{"rendered":"<p>H\u00c0NG CH\u00cdNH H\u00c3NG NITTAKU S\u1ea2N XU\u1ea4T T\u1ea0I NH\u1eacT B\u1ea2N- MADE IN JAPAN C\u1ed1t v\u1ee3t Septear v\u1edbi c\u1ea5u t\u1ea1o 7 l\u1edbp g\u1ed7 cao c\u1ea5p Hinoki, t\u1ea1o cho ng\u01b0\u1eddi ch\u01a1i c\u00f3 c\u1ea3m gi\u00e1c b\u00f3ng t\u1ed1t, d\u1ec5 c\u1ea3m nh\u1eadn v\u00e0 \u0111i\u1ec1u khi\u1ec3n d\u1ec5 d\u00e0ng l\u1ef1c \u0111i c\u1ee7a b\u00f3ng. C\u1ea5u t\u1ea1o : 7 l\u1edbp g\u1ed7 Hinoki T\u1ed1c \u0111\u1ed9\u00a0 : [&hellip;]<\/p>\n","protected":false},"featured_media":3268,"comment_status":"open","ping_status":"closed","template":"","meta":{"_eb_attr":""},"product_cat":[142,26],"product_tag":[],"class_list":["post-3267","product","type-product","status-publish","has-post-thumbnail","hentry","product_cat-cot-vot-nittaku","product_cat-cot-vot"],"_links":{"self":[{"href":"https:\/\/www.phivutabletennis.com\/index.php\/wp-json\/wp\/v2\/product\/3267","targetHints":{"allow":["GET"]}}],"collection":[{"href":"https:\/\/www.phivutabletennis.com\/index.php\/wp-json\/wp\/v2\/product"}],"about":[{"href":"https:\/\/www.phivutabletennis.com\/index.php\/wp-json\/wp\/v2\/types\/product"}],"replies":[{"embeddable":true,"href":"https:\/\/www.phivutabletennis.com\/index.php\/wp-json\/wp\/v2\/comments?post=3267"}],"wp:featuredmedia":[{"embeddable":true,"href":"https:\/\/www.phivutabletennis.com\/index.php\/wp-json\/wp\/v2\/media\/3268"}],"wp:attachment":[{"href":"https:\/\/www.phivutabletennis.com\/index.php\/wp-json\/wp\/v2\/media?parent=3267"}],"wp:term":[{"taxonomy":"product_cat","embeddable":true,"href":"https:\/\/www.phivutabletennis.com\/index.php\/wp-json\/wp\/v2\/product_cat?post=3267"},{"taxonomy":"product_tag","embeddable":true,"href":"https:\/\/www.phivutabletennis.com\/index.php\/wp-json\/wp\/v2\/product_tag?post=3267"}],"curies":[{"name":"wp","href":"https:\/\/api.w.org\/{rel}","templated":true}]}}