{"id":3269,"date":"2023-07-05T20:39:33","date_gmt":"2023-07-05T13:39:33","guid":{"rendered":"https:\/\/www.phivutabletennis.com\/?post_type=product&#038;p=3269"},"modified":"2023-07-05T20:39:33","modified_gmt":"2023-07-05T13:39:33","slug":"hinoblaze","status":"publish","type":"product","link":"https:\/\/www.phivutabletennis.com\/index.php\/product\/hinoblaze\/","title":{"rendered":"HINOBLAZE"},"content":{"rendered":"<p><strong>H\u00c0NG CH\u00cdNH H\u00c3NG NITTAKU S\u1ea2N XU\u1ea4T T\u1ea0I NH\u1eacT B\u1ea2N- MADE IN JAPAN<\/strong><\/p>\n<ul>\n<li>C\u1ea5u t\u1ea1o : 5 l\u1edbp g\u1ed7<\/li>\n<li>T\u1ed1c \u0111\u1ed9 \u00a0\u00a0: Trung b\u00ecnh<\/li>\n<li>C\u1ea3m gi\u00e1c: C\u1ee9ng<\/li>\n<li>\u0110\u1ed9 d\u1ea7y\u00a0\u00a0\u00a0 : 6.6 mm<\/li>\n<li>Tr\u1ecdng l\u01b0\u1ee3ng: \u00b1 85gr<\/li>\n<\/ul>\n<p>H\u00e0ng ch\u00ednh h\u00e3ng b\u1ea3o h\u00e0nh 1 th\u00e1ng<\/p>\n<p><strong>Theo th\u00f4ng s\u1ed1 chu\u1ea9n c\u1ee7a h\u00e3ng Nittaku<\/strong><\/p>\n","protected":false},"excerpt":{"rendered":"<p>H\u00c0NG CH\u00cdNH H\u00c3NG NITTAKU S\u1ea2N XU\u1ea4T T\u1ea0I NH\u1eacT B\u1ea2N- MADE IN JAPAN C\u1ea5u t\u1ea1o : 5 l\u1edbp g\u1ed7 T\u1ed1c \u0111\u1ed9 \u00a0\u00a0: Trung b\u00ecnh C\u1ea3m gi\u00e1c: C\u1ee9ng \u0110\u1ed9 d\u1ea7y\u00a0\u00a0\u00a0 : 6.6 mm Tr\u1ecdng l\u01b0\u1ee3ng: \u00b1 85gr H\u00e0ng ch\u00ednh h\u00e3ng b\u1ea3o h\u00e0nh 1 th\u00e1ng Theo th\u00f4ng s\u1ed1 chu\u1ea9n c\u1ee7a h\u00e3ng Nittaku<\/p>\n","protected":false},"featured_media":3270,"comment_status":"open","ping_status":"closed","template":"","meta":{"_eb_attr":""},"product_cat":[142,26],"product_tag":[],"class_list":["post-3269","product","type-product","status-publish","has-post-thumbnail","hentry","product_cat-cot-vot-nittaku","product_cat-cot-vot"],"_links":{"self":[{"href":"https:\/\/www.phivutabletennis.com\/index.php\/wp-json\/wp\/v2\/product\/3269","targetHints":{"allow":["GET"]}}],"collection":[{"href":"https:\/\/www.phivutabletennis.com\/index.php\/wp-json\/wp\/v2\/product"}],"about":[{"href":"https:\/\/www.phivutabletennis.com\/index.php\/wp-json\/wp\/v2\/types\/product"}],"replies":[{"embeddable":true,"href":"https:\/\/www.phivutabletennis.com\/index.php\/wp-json\/wp\/v2\/comments?post=3269"}],"wp:featuredmedia":[{"embeddable":true,"href":"https:\/\/www.phivutabletennis.com\/index.php\/wp-json\/wp\/v2\/media\/3270"}],"wp:attachment":[{"href":"https:\/\/www.phivutabletennis.com\/index.php\/wp-json\/wp\/v2\/media?parent=3269"}],"wp:term":[{"taxonomy":"product_cat","embeddable":true,"href":"https:\/\/www.phivutabletennis.com\/index.php\/wp-json\/wp\/v2\/product_cat?post=3269"},{"taxonomy":"product_tag","embeddable":true,"href":"https:\/\/www.phivutabletennis.com\/index.php\/wp-json\/wp\/v2\/product_tag?post=3269"}],"curies":[{"name":"wp","href":"https:\/\/api.w.org\/{rel}","templated":true}]}}