{"id":3271,"date":"2023-07-05T20:40:26","date_gmt":"2023-07-05T13:40:26","guid":{"rendered":"https:\/\/www.phivutabletennis.com\/?post_type=product&#038;p=3271"},"modified":"2023-07-05T20:40:26","modified_gmt":"2023-07-05T13:40:26","slug":"factive-carbon","status":"publish","type":"product","link":"https:\/\/www.phivutabletennis.com\/index.php\/product\/factive-carbon\/","title":{"rendered":"FACTIVE CARBON"},"content":{"rendered":"<p><strong>H\u00c0NG CH\u00cdNH H\u00c3NG NITTAKU S\u1ea2N XU\u1ea4T T\u1ea0I TRUNG QU\u1ed0C- MADE IN CHINA<\/strong><\/p>\n<p>&#8211; C\u1ed1t v\u1ee3t l\u00e0 v\u0169 kh\u00ed quan tr\u1ecdng, gi\u00fap ng\u01b0\u1eddi ch\u01a1i ph\u00e1t huy s\u1ee9c m\u1ea1nh, t\u1eebng b\u01b0\u1edbc \u0111i \u0111\u1ebfn con \u0111\u01b0\u1eddng v\u1eadn \u0111\u1ed9ng vi\u00ean chuy\u00ean nghi\u1ec7p.<\/p>\n<p>&#8211; T\u0103ng t\u1ed1c \u0111\u1ec3 kh\u00e1m ph\u00e1 ch\u00ednh m\u00ecnh!<\/p>\n<p>&#8211; Ph\u1ea3n x\u1ea1 v\u00e0 x\u1eed l\u00fd b\u00f3ng t\u1ed1t s\u1ebd gi\u00fap m\u00f4n b\u00f3ng b\u00e0n tr\u1edf n\u00ean th\u00fa v\u1ecb.<\/p>\n<p>&#8211; C\u1ed1t v\u1ee3t = S\u1ef1 m\u1ea1nh m\u1ebd<\/p>\n<p>&#8211; Combo t\u0103ng c\u01b0\u1eddng s\u1ee9c m\u1ea1nh v\u00e0 s\u1ef1 \u1ed5n \u0111\u1ecbnh<\/p>\n<p>&#8211; V\u1edbi t\u00ednh n\u0103ng \u1ed5n \u0111\u1ecbnh, \u01b0u \u0111i\u1ec3m v\u1ec1 \u0111\u1ed9 b\u00e1m xo\u00e1y, m\u1eb7t v\u1ee3t Factive l\u00e0 l\u1ef1a ch\u1ecdn ho\u00e0n h\u1ea3o cho c\u1ed1t v\u1ee3t Factive Carbon.<\/p>\n<ul>\n<li>C\u1ea5u t\u1ea1o : 5 l\u1edbp g\u1ed7 + 2 l\u1edbp s\u1ee3i Carbon si\u00eau m\u1ecfng<\/li>\n<li>T\u1ed1c \u0111\u1ed9 : \u00a0\u00a0Trung b\u00ecnh<\/li>\n<li>\u0110\u1ed9 d\u00e0y m\u1eb7t g\u1ed7 c\u1ed1t v\u1ee3t : 6.6 mm<\/li>\n<li>B\u1ea3ng v\u1ee3t : 157x150mm<\/li>\n<li>\u0110\u1ed9 l\u1edbn c\u00e1n v\u1ee3t : FL 100 x 24.5 mm<\/li>\n<li>Tr\u1ecdng l\u01b0\u1ee3ng trung b\u00ecnh \u00a0: \u00b182 gr<\/li>\n<\/ul>\n<p>H\u00e0ng ch\u00ednh h\u00e3ng gi\u00e1 tr\u1ecb \u0111\u00edch th\u1ef1c<\/p>\n<p><strong>Theo th\u00f4ng s\u1ed1 chu\u1ea9n c\u1ee7a h\u00e3ng Nittaku<\/strong><\/p>\n<p>&nbsp;<\/p>\n<p><img decoding=\"async\" src=\"https:\/\/bongban.asia\/image\/data\/Factive%20Carbon%201.jpeg\" alt=\"\" \/><\/p>\n","protected":false},"excerpt":{"rendered":"<p>H\u00c0NG CH\u00cdNH H\u00c3NG NITTAKU S\u1ea2N XU\u1ea4T T\u1ea0I TRUNG QU\u1ed0C- MADE IN CHINA &#8211; C\u1ed1t v\u1ee3t l\u00e0 v\u0169 kh\u00ed quan tr\u1ecdng, gi\u00fap ng\u01b0\u1eddi ch\u01a1i ph\u00e1t huy s\u1ee9c m\u1ea1nh, t\u1eebng b\u01b0\u1edbc \u0111i \u0111\u1ebfn con \u0111\u01b0\u1eddng v\u1eadn \u0111\u1ed9ng vi\u00ean chuy\u00ean nghi\u1ec7p. &#8211; T\u0103ng t\u1ed1c \u0111\u1ec3 kh\u00e1m ph\u00e1 ch\u00ednh m\u00ecnh! &#8211; Ph\u1ea3n x\u1ea1 v\u00e0 x\u1eed l\u00fd b\u00f3ng t\u1ed1t s\u1ebd [&hellip;]<\/p>\n","protected":false},"featured_media":3272,"comment_status":"open","ping_status":"closed","template":"","meta":{"_eb_attr":""},"product_cat":[142,26],"product_tag":[],"class_list":["post-3271","product","type-product","status-publish","has-post-thumbnail","hentry","product_cat-cot-vot-nittaku","product_cat-cot-vot"],"_links":{"self":[{"href":"https:\/\/www.phivutabletennis.com\/index.php\/wp-json\/wp\/v2\/product\/3271","targetHints":{"allow":["GET"]}}],"collection":[{"href":"https:\/\/www.phivutabletennis.com\/index.php\/wp-json\/wp\/v2\/product"}],"about":[{"href":"https:\/\/www.phivutabletennis.com\/index.php\/wp-json\/wp\/v2\/types\/product"}],"replies":[{"embeddable":true,"href":"https:\/\/www.phivutabletennis.com\/index.php\/wp-json\/wp\/v2\/comments?post=3271"}],"wp:featuredmedia":[{"embeddable":true,"href":"https:\/\/www.phivutabletennis.com\/index.php\/wp-json\/wp\/v2\/media\/3272"}],"wp:attachment":[{"href":"https:\/\/www.phivutabletennis.com\/index.php\/wp-json\/wp\/v2\/media?parent=3271"}],"wp:term":[{"taxonomy":"product_cat","embeddable":true,"href":"https:\/\/www.phivutabletennis.com\/index.php\/wp-json\/wp\/v2\/product_cat?post=3271"},{"taxonomy":"product_tag","embeddable":true,"href":"https:\/\/www.phivutabletennis.com\/index.php\/wp-json\/wp\/v2\/product_tag?post=3271"}],"curies":[{"name":"wp","href":"https:\/\/api.w.org\/{rel}","templated":true}]}}