{"id":3273,"date":"2023-07-05T20:41:12","date_gmt":"2023-07-05T13:41:12","guid":{"rendered":"https:\/\/www.phivutabletennis.com\/?post_type=product&#038;p=3273"},"modified":"2023-07-05T20:41:13","modified_gmt":"2023-07-05T13:41:13","slug":"flyatt-carbon","status":"publish","type":"product","link":"https:\/\/www.phivutabletennis.com\/index.php\/product\/flyatt-carbon\/","title":{"rendered":"FLYATT CARBON"},"content":{"rendered":"<p><strong>H\u00c0NG CH\u00cdNH H\u00c3NG NITTAKU S\u1ea2N XU\u1ea4T T\u1ea0I TRUNG QU\u1ed0C- MADE IN CHINA<\/strong><\/p>\n<p><strong>FLYATT CARBON-\u00a0<\/strong>V\u1edbi c\u1ea5u t\u1ea1o 5 l\u1edbp g\u1ed7 v\u00e0 2 l\u1edbp Carbon si\u00eau m\u1ecfng, tr\u1ecdng l\u01b0\u1ee3ng nh\u1eb9, gi\u00fap ng\u01b0\u1eddi ch\u01a1i c\u1ea3m nh\u1eadn t\u1ed1i \u0111a \u0111i\u1ec3m ti\u1ebfp x\u00fac b\u00f3ng \u0111\u1ed3ng th\u1eddi t\u0103ng hi\u1ec7u su\u1ea5t t\u1ed1c \u0111\u1ed9 khi \u0111\u00e1nh.<\/p>\n<p>S\u1ef1 c\u00e2n b\u1eb1ng v\u1ec1 \u0111\u1ed9 d\u00e0y<\/p>\n<p>B\u1eb1ng c\u00e1ch thi\u1ebft l\u1eadp \u0111\u1ed9 d\u00e0y 6mm, ng\u01b0\u1eddi ch\u01a1i c\u00f3 th\u1ec3 d\u1ec5 d\u00e0ng x\u1eed l\u00fd b\u00f3ng v\u1edbi nh\u1eefng c\u00fa gi\u1eadt \u1ed5n \u0111\u1ecbnh nh\u01b0ng v\u1eabn \u0111\u1ea3m b\u1ea3o t\u1ed1c \u0111\u1ed9 v\u00e0 uy l\u1ef1c.<\/p>\n<p>B\u1ea1n s\u1ebd c\u1ea3m nh\u1eadn \u0111\u01b0\u1ee3c s\u1ef1 tuy\u1ec7t v\u1eddi v\u1ec1 s\u1ee9c m\u1ea1nh t\u1ed1c \u0111\u1ed9, nh\u1eefng c\u00fa gi\u1eadt b\u00f3ng li\u00ean t\u1ee5c, \u1ed5n \u0111\u1ecbnh v\u00e0 lu\u00f4n \u0111\u1ea7y uy l\u1ef1c khi k\u1ebft h\u1ee3p C\u1ed1t v\u1ee3t Flyatt v\u00e0 d\u00f2ng s\u1ea3n ph\u1ea9m m\u1eb7t v\u1ee3t Flyatt.<\/p>\n<p>S\u1ef1 k\u1ebft h\u1ee3p tuy\u1ec7t v\u1eddi v\u1edbi d\u00f2ng m\u1eb7t v\u1ee3t Flyatt<\/p>\n<ul>\n<li>C\u1ea5u t\u1ea1o : 5 l\u1edbp g\u1ed7 + 2 l\u1edbp Carbon si\u00eau m\u1ecfng<\/li>\n<li>T\u1ed1c \u0111\u1ed9 : Trung b\u00ecnh<\/li>\n<li>\u0110\u1ed9 d\u1ea7y: 6.0 mm<\/li>\n<li>Tr\u1ecdng l\u01b0\u1ee3ng: 82 gr \u00b1<\/li>\n<\/ul>\n<p>H\u00e0ng ch\u00ednh h\u00e3ng b\u1ea3o h\u00e0nh 1 th\u00e1ng<\/p>\n<p><strong>Theo th\u00f4ng s\u1ed1 chu\u1ea9n c\u1ee7a h\u00e3ng Nittaku\u00a0<\/strong><\/p>\n","protected":false},"excerpt":{"rendered":"<p>H\u00c0NG CH\u00cdNH H\u00c3NG NITTAKU S\u1ea2N XU\u1ea4T T\u1ea0I TRUNG QU\u1ed0C- MADE IN CHINA FLYATT CARBON-\u00a0V\u1edbi c\u1ea5u t\u1ea1o 5 l\u1edbp g\u1ed7 v\u00e0 2 l\u1edbp Carbon si\u00eau m\u1ecfng, tr\u1ecdng l\u01b0\u1ee3ng nh\u1eb9, gi\u00fap ng\u01b0\u1eddi ch\u01a1i c\u1ea3m nh\u1eadn t\u1ed1i \u0111a \u0111i\u1ec3m ti\u1ebfp x\u00fac b\u00f3ng \u0111\u1ed3ng th\u1eddi t\u0103ng hi\u1ec7u su\u1ea5t t\u1ed1c \u0111\u1ed9 khi \u0111\u00e1nh. S\u1ef1 c\u00e2n b\u1eb1ng v\u1ec1 \u0111\u1ed9 d\u00e0y B\u1eb1ng [&hellip;]<\/p>\n","protected":false},"featured_media":3274,"comment_status":"open","ping_status":"closed","template":"","meta":{"_eb_attr":""},"product_cat":[142,26],"product_tag":[],"class_list":["post-3273","product","type-product","status-publish","has-post-thumbnail","hentry","product_cat-cot-vot-nittaku","product_cat-cot-vot"],"_links":{"self":[{"href":"https:\/\/www.phivutabletennis.com\/index.php\/wp-json\/wp\/v2\/product\/3273","targetHints":{"allow":["GET"]}}],"collection":[{"href":"https:\/\/www.phivutabletennis.com\/index.php\/wp-json\/wp\/v2\/product"}],"about":[{"href":"https:\/\/www.phivutabletennis.com\/index.php\/wp-json\/wp\/v2\/types\/product"}],"replies":[{"embeddable":true,"href":"https:\/\/www.phivutabletennis.com\/index.php\/wp-json\/wp\/v2\/comments?post=3273"}],"wp:featuredmedia":[{"embeddable":true,"href":"https:\/\/www.phivutabletennis.com\/index.php\/wp-json\/wp\/v2\/media\/3274"}],"wp:attachment":[{"href":"https:\/\/www.phivutabletennis.com\/index.php\/wp-json\/wp\/v2\/media?parent=3273"}],"wp:term":[{"taxonomy":"product_cat","embeddable":true,"href":"https:\/\/www.phivutabletennis.com\/index.php\/wp-json\/wp\/v2\/product_cat?post=3273"},{"taxonomy":"product_tag","embeddable":true,"href":"https:\/\/www.phivutabletennis.com\/index.php\/wp-json\/wp\/v2\/product_tag?post=3273"}],"curies":[{"name":"wp","href":"https:\/\/api.w.org\/{rel}","templated":true}]}}