{"id":3306,"date":"2023-07-05T21:17:44","date_gmt":"2023-07-05T14:17:44","guid":{"rendered":"https:\/\/www.phivutabletennis.com\/?post_type=product&#038;p=3306"},"modified":"2023-07-05T21:17:44","modified_gmt":"2023-07-05T14:17:44","slug":"khan-nittaku-wave-mid-towel-purple-nl-9259","status":"publish","type":"product","link":"https:\/\/www.phivutabletennis.com\/index.php\/product\/khan-nittaku-wave-mid-towel-purple-nl-9259\/","title":{"rendered":"KH\u0102N NITTAKU WAVE MID TOWEL PURPLE (NL 9259)"},"content":{"rendered":"<div><strong>M\u00e0u s\u1eafc<\/strong>: H\u1ed3ng, Xanh l\u00e1, T\u00edm<\/div>\n<div>\u2022 <strong>Ch\u1ea5t li\u1ec7u:<\/strong>\u00a0100% cotton c\u00f4ng ngh\u00ea\u0323 d\u1ec7t Jacquard<\/div>\n<div>\u2022 <strong>K\u00edch th\u01b0\u1edbc:<\/strong>\u00a0D\u00e0i 35 x R\u1ed9ng 85cm<\/div>\n<div>\u2022 <strong>Xu\u1ea5t x\u1ee9:<\/strong>\u00a0Nh\u1eadt B\u1ea3n.<\/div>\n<div>Kh\u0103n bo\u0301ng ba\u0300n chuy\u00ean du\u0323ng la\u0300 phu\u0323 ki\u00ea\u0323n kh\u00f4ng th\u00ea\u0309 thi\u00ea\u0301u b\u00ean ca\u0323nh ng\u01b0\u01a1\u0300i ch\u01a1i bo\u0301ng ba\u0300n.<\/div>\n<div>Ch\u1ea5t li\u1ec7u s\u1ee3i 100% cotton d\u1ec7t theo c\u00f4ng ngh\u1ec7 Jacquard \u0111\u01b0\u1ee3c \u0111\u00e1nh gi\u00e1 cao v\u1ec1 \u0111\u1ed9 b\u1ec1n sau th\u1eddi gian da\u0300i s\u1eed d\u1ee5ng v\u1edbi s\u1ee3i v\u1ea3i \u00edt b\u1ecb bi\u1ebfn d\u1ea1ng, \u00edt phai m\u00e0u v\u00e0 th\u1ea5m h\u00fat t\u1ed1t, gi\u00fap ng\u01b0\u1eddi s\u1eed d\u1ee5ng lu\u00f4n kh\u00f4 tho\u00e1ng nhanh ch\u00f3ng trong m\u00f4\u0303i bu\u1ed5i t\u1eadp v\u00e0 thi \u0111\u1ea5u.<\/div>\n<div>Thi\u00ea\u0301t k\u00ea\u0301 h\u1ed9p \u0111\u1ef1ng ti\u1ec7n l\u1ee3i s\u01b0\u0309 du\u0323ng la\u0300m qua\u0300 t\u0103\u0323ng.<\/div>\n<div><strong>L\u01b0u y\u0301:\u00a0<\/strong><\/div>\n<div>\u2022 Kh\u00f4ng s\u1eed d\u1ee5ng c\u00e1c ch\u1ea5t t\u1ea9y m\u1ea1nh.<\/div>\n<div>\n<strong>H\u00c0NG CH\u00cdNH H\u00c3NG NITTAKU\u00a0S\u1ea2N XU\u1ea4T T\u1ea0I NH\u00c2\u0323T BA\u0309N &#8211; MADE IN JAPAN<\/strong><\/div>\n","protected":false},"excerpt":{"rendered":"<p>M\u00e0u s\u1eafc: H\u1ed3ng, Xanh l\u00e1, T\u00edm \u2022 Ch\u1ea5t li\u1ec7u:\u00a0100% cotton c\u00f4ng ngh\u00ea\u0323 d\u1ec7t Jacquard \u2022 K\u00edch th\u01b0\u1edbc:\u00a0D\u00e0i 35 x R\u1ed9ng 85cm \u2022 Xu\u1ea5t x\u1ee9:\u00a0Nh\u1eadt B\u1ea3n. Kh\u0103n bo\u0301ng ba\u0300n chuy\u00ean du\u0323ng la\u0300 phu\u0323 ki\u00ea\u0323n kh\u00f4ng th\u00ea\u0309 thi\u00ea\u0301u b\u00ean ca\u0323nh ng\u01b0\u01a1\u0300i ch\u01a1i bo\u0301ng ba\u0300n. Ch\u1ea5t li\u1ec7u s\u1ee3i 100% cotton d\u1ec7t theo c\u00f4ng ngh\u1ec7 Jacquard \u0111\u01b0\u1ee3c \u0111\u00e1nh gi\u00e1 [&hellip;]<\/p>\n","protected":false},"featured_media":3308,"comment_status":"open","ping_status":"closed","template":"","meta":{"_eb_attr":""},"product_cat":[145,67],"product_tag":[],"class_list":["post-3306","product","type-product","status-publish","has-post-thumbnail","hentry","product_cat-phu-kien-nittaku","product_cat-phu-kien"],"_links":{"self":[{"href":"https:\/\/www.phivutabletennis.com\/index.php\/wp-json\/wp\/v2\/product\/3306","targetHints":{"allow":["GET"]}}],"collection":[{"href":"https:\/\/www.phivutabletennis.com\/index.php\/wp-json\/wp\/v2\/product"}],"about":[{"href":"https:\/\/www.phivutabletennis.com\/index.php\/wp-json\/wp\/v2\/types\/product"}],"replies":[{"embeddable":true,"href":"https:\/\/www.phivutabletennis.com\/index.php\/wp-json\/wp\/v2\/comments?post=3306"}],"wp:featuredmedia":[{"embeddable":true,"href":"https:\/\/www.phivutabletennis.com\/index.php\/wp-json\/wp\/v2\/media\/3308"}],"wp:attachment":[{"href":"https:\/\/www.phivutabletennis.com\/index.php\/wp-json\/wp\/v2\/media?parent=3306"}],"wp:term":[{"taxonomy":"product_cat","embeddable":true,"href":"https:\/\/www.phivutabletennis.com\/index.php\/wp-json\/wp\/v2\/product_cat?post=3306"},{"taxonomy":"product_tag","embeddable":true,"href":"https:\/\/www.phivutabletennis.com\/index.php\/wp-json\/wp\/v2\/product_tag?post=3306"}],"curies":[{"name":"wp","href":"https:\/\/api.w.org\/{rel}","templated":true}]}}