{"id":3313,"date":"2023-07-05T21:19:49","date_gmt":"2023-07-05T14:19:49","guid":{"rendered":"https:\/\/www.phivutabletennis.com\/?post_type=product&#038;p=3313"},"modified":"2023-07-05T21:19:49","modified_gmt":"2023-07-05T14:19:49","slug":"vien-vot-coat-guard-tape","status":"publish","type":"product","link":"https:\/\/www.phivutabletennis.com\/index.php\/product\/vien-vot-coat-guard-tape\/","title":{"rendered":"VI\u1ec0N V\u1ee2T COAT GUARD TAPE"},"content":{"rendered":"<p><strong>H\u00c0NG CH\u00cdNH H\u00c3NG NITTAKU\u00a0S\u1ea2N XU\u1ea4T T\u1ea0I NH\u1eacT B\u1ea2N \u2013 MADE IN JAPAN<\/strong><\/p>\n<p>Vi\u1ec1n v\u1ee3t\u00a0ch\u00ednh h\u00e3ng gi\u00fap b\u1ea3o v\u1ec7 c\u1ed1t\u00a0v\u1ee3t kh\u1ecfi va ch\u1ea1m.<\/p>\n<table border=\"0\" cellspacing=\"1\" cellpadding=\"1\">\n<tbody>\n<tr>\n<td><strong>M\u00e0u s\u1eafc<\/strong><\/td>\n<td>: \u0110en v\u00e0ng, \u0110en h\u1ed3ng<\/td>\n<\/tr>\n<\/tbody>\n<\/table>\n","protected":false},"excerpt":{"rendered":"<p>H\u00c0NG CH\u00cdNH H\u00c3NG NITTAKU\u00a0S\u1ea2N XU\u1ea4T T\u1ea0I NH\u1eacT B\u1ea2N \u2013 MADE IN JAPAN Vi\u1ec1n v\u1ee3t\u00a0ch\u00ednh h\u00e3ng gi\u00fap b\u1ea3o v\u1ec7 c\u1ed1t\u00a0v\u1ee3t kh\u1ecfi va ch\u1ea1m. M\u00e0u s\u1eafc : \u0110en v\u00e0ng, \u0110en h\u1ed3ng<\/p>\n","protected":false},"featured_media":3314,"comment_status":"open","ping_status":"closed","template":"","meta":{"_eb_attr":""},"product_cat":[145,67],"product_tag":[],"class_list":["post-3313","product","type-product","status-publish","has-post-thumbnail","hentry","product_cat-phu-kien-nittaku","product_cat-phu-kien"],"_links":{"self":[{"href":"https:\/\/www.phivutabletennis.com\/index.php\/wp-json\/wp\/v2\/product\/3313","targetHints":{"allow":["GET"]}}],"collection":[{"href":"https:\/\/www.phivutabletennis.com\/index.php\/wp-json\/wp\/v2\/product"}],"about":[{"href":"https:\/\/www.phivutabletennis.com\/index.php\/wp-json\/wp\/v2\/types\/product"}],"replies":[{"embeddable":true,"href":"https:\/\/www.phivutabletennis.com\/index.php\/wp-json\/wp\/v2\/comments?post=3313"}],"wp:featuredmedia":[{"embeddable":true,"href":"https:\/\/www.phivutabletennis.com\/index.php\/wp-json\/wp\/v2\/media\/3314"}],"wp:attachment":[{"href":"https:\/\/www.phivutabletennis.com\/index.php\/wp-json\/wp\/v2\/media?parent=3313"}],"wp:term":[{"taxonomy":"product_cat","embeddable":true,"href":"https:\/\/www.phivutabletennis.com\/index.php\/wp-json\/wp\/v2\/product_cat?post=3313"},{"taxonomy":"product_tag","embeddable":true,"href":"https:\/\/www.phivutabletennis.com\/index.php\/wp-json\/wp\/v2\/product_tag?post=3313"}],"curies":[{"name":"wp","href":"https:\/\/api.w.org\/{rel}","templated":true}]}}