{"id":3317,"date":"2023-07-05T21:20:50","date_gmt":"2023-07-05T14:20:50","guid":{"rendered":"https:\/\/www.phivutabletennis.com\/?post_type=product&#038;p=3317"},"modified":"2023-07-05T21:20:50","modified_gmt":"2023-07-05T14:20:50","slug":"ve-sinh-mat-vot-clean-mist-2","status":"publish","type":"product","link":"https:\/\/www.phivutabletennis.com\/index.php\/product\/ve-sinh-mat-vot-clean-mist-2\/","title":{"rendered":"V\u1ec6 SINH M\u1eb6T V\u1ee2T CLEAN MIST 2"},"content":{"rendered":"<p><strong>CHAI X\u1ecaT PHUN S\u01af\u01a0NG GI\u00daP LO\u1ea0I B\u1ece B\u1ee4I B\u1ea8N KH\u1eceI M\u1eb6T V\u1ee2T &#8211; CLEAN MIST 2<br \/>\nDung t\u00edch: 100\u00a0ml<\/strong><\/p>\n<div>\u2022 Dung d\u1ecbch v\u1ec7 sinh m\u1eb7t v\u1ee3t, th\u00e2n thi\u1ec7n v\u1edbi m\u00f4i tr\u01b0\u1eddng v\u00e0 s\u1ee9c kh\u1ecfe ng\u01b0\u1eddi s\u1eed d\u1ee5ng. C\u00f3 th\u1ec3 s\u1eed d\u1ee5ng cho m\u1eb7t v\u1ee3t l\u00e1n v\u00e0 m\u1eb7t v\u1ee3t gai.<\/div>\n<div>\u2022 N\u01b0\u1edbc r\u1eeda m\u1eb7t v\u1ee3t phun s\u01b0\u01a1ng d\u1ea1ng n\u01b0\u1edbc kh\u00f4ng s\u1eed d\u1ee5ng kh\u00ed ga.<\/div>\n<div>\u2022 T\u1ea1o m\u1ed9t l\u1edbp m\u00e0ng b\u1ea3o v\u1ec7 cho m\u1eb7t v\u1ee3t, l\u1ea5y s\u1ea1ch b\u1ee5i b\u1ea9n, gi\u00fap tu\u1ed5i th\u1ecd c\u1ee7a m\u1eb7t v\u1ee3t l\u00e2u h\u01a1n.<\/div>\n<div>\u2022 Kh\u00f4ng s\u1eed d\u1ee5ng kh\u00ed Freon.<\/div>\n<div>\u2022 K\u00edch th\u01b0\u1edbc g\u1ecdn, ti\u1ec7n mang theo.<\/div>\n<div>\u2022 Ch\u1ea5t ho\u1ea1t \u0111\u1ed9ng tr\u00ean b\u1ec1 m\u1eb7t s\u1eed d\u1ee5ng trong s\u1ea3n ph\u1ea9m n\u00e0y c\u00f3 th\u1ec3 lo\u1ea1i b\u1ecf vi r\u00fat Corona ch\u1ee7ng m\u1edbi \u0111\u01b0\u1ee3c c\u01a1 quan h\u00e0nh ch\u00ednh \u0111\u1ed9c l\u1eadp \u2013 Vi\u1ec7n c\u00f4ng ngh\u1ec7 v\u00e0 \u0111\u00e1nh gi\u00e1 s\u1ea3n ph\u1ea9m qu\u1ed1c gia Nh\u1eadt B\u1ea3n (NITE) ch\u1ee9ng nh\u1eadn.<\/div>\n<p><u>H\u01b0\u1edbng\u00a0<\/u><u>d\u1eabn<\/u><u>\u00a0s\u1eed d\u1ee5ng:<\/u><\/p>\n<div>\u2022 L\u1eafc nh\u1eb9 v\u00e0i l\u1ea7n, sau \u0111\u00f3 x\u1ecbt m\u1ed9t l\u01b0\u1ee3ng v\u1eeba \u0111\u1ee7 l\u00ean m\u1eb7t v\u1ee3t.<\/div>\n<div>\u2022 S\u1eed d\u1ee5ng\u00a0 tr\u01b0\u1edbc ho\u1eb7c sau khi \u0111\u00e1nh kho\u1ea3ng 30 ph\u00fat.<\/div>\n<div>\u2022 D\u00f9ng m\u00fat chuy\u00ean d\u1ee5ng c\u1ee7a Nittaku v\u00e0 Butterfly\u2026 ch\u1ecdn m\u1eb7t m\u1ec1m\u00a0thoa \u0111\u1ec1u, sau \u0111\u00f3 lau s\u1ea1ch b\u1eb1ng m\u1eb7t c\u00f3 \u0111\u1ed9 c\u1ee9ng\u00a0v\u00e0 \u0111\u1ee3i kh\u00f4.<\/div>\n<p><u>L\u01b0u<\/u><u>\u00a0\u00fd:<\/u><\/p>\n<div>\u2022 Kh\u00f4ng \u0111\u1ec3 g\u1ea7n l\u1eeda v\u00e0 n\u01a1i c\u00f3 nhi\u1ec7t \u0111\u1ed9 cao.<\/div>\n<div>\u2022 Kh\u00f4ng \u0111\u1ec3 trong c\u1ed1p xe m\u00e1y.<\/div>\n<div>\u2022 Kh\u00f4ng s\u1eed d\u1ee5ng cho m\u1ee5c \u0111\u00edch kh\u00e1c ngo\u00e0i m\u1eb7t v\u1ee3t cao su.<\/div>\n<div>\u2022 Tr\u00e1nh xa t\u1ea7m tay tr\u1ebb em.<\/div>\n<p><strong>H\u00c0NG CH\u00cdNH H\u00c3NG NITTAKU S\u1ea2N XU\u1ea4T T\u1ea0I NH\u1eacT B\u1ea2N &#8211; MADE IN JAPAN<\/strong><\/p>\n","protected":false},"excerpt":{"rendered":"<p>CHAI X\u1ecaT PHUN S\u01af\u01a0NG GI\u00daP LO\u1ea0I B\u1ece B\u1ee4I B\u1ea8N KH\u1eceI M\u1eb6T V\u1ee2T &#8211; CLEAN MIST 2 Dung t\u00edch: 100\u00a0ml \u2022 Dung d\u1ecbch v\u1ec7 sinh m\u1eb7t v\u1ee3t, th\u00e2n thi\u1ec7n v\u1edbi m\u00f4i tr\u01b0\u1eddng v\u00e0 s\u1ee9c kh\u1ecfe ng\u01b0\u1eddi s\u1eed d\u1ee5ng. C\u00f3 th\u1ec3 s\u1eed d\u1ee5ng cho m\u1eb7t v\u1ee3t l\u00e1n v\u00e0 m\u1eb7t v\u1ee3t gai. \u2022 N\u01b0\u1edbc r\u1eeda m\u1eb7t v\u1ee3t phun [&hellip;]<\/p>\n","protected":false},"featured_media":3318,"comment_status":"open","ping_status":"closed","template":"","meta":{"_eb_attr":""},"product_cat":[145,67],"product_tag":[],"class_list":["post-3317","product","type-product","status-publish","has-post-thumbnail","hentry","product_cat-phu-kien-nittaku","product_cat-phu-kien"],"_links":{"self":[{"href":"https:\/\/www.phivutabletennis.com\/index.php\/wp-json\/wp\/v2\/product\/3317","targetHints":{"allow":["GET"]}}],"collection":[{"href":"https:\/\/www.phivutabletennis.com\/index.php\/wp-json\/wp\/v2\/product"}],"about":[{"href":"https:\/\/www.phivutabletennis.com\/index.php\/wp-json\/wp\/v2\/types\/product"}],"replies":[{"embeddable":true,"href":"https:\/\/www.phivutabletennis.com\/index.php\/wp-json\/wp\/v2\/comments?post=3317"}],"wp:featuredmedia":[{"embeddable":true,"href":"https:\/\/www.phivutabletennis.com\/index.php\/wp-json\/wp\/v2\/media\/3318"}],"wp:attachment":[{"href":"https:\/\/www.phivutabletennis.com\/index.php\/wp-json\/wp\/v2\/media?parent=3317"}],"wp:term":[{"taxonomy":"product_cat","embeddable":true,"href":"https:\/\/www.phivutabletennis.com\/index.php\/wp-json\/wp\/v2\/product_cat?post=3317"},{"taxonomy":"product_tag","embeddable":true,"href":"https:\/\/www.phivutabletennis.com\/index.php\/wp-json\/wp\/v2\/product_tag?post=3317"}],"curies":[{"name":"wp","href":"https:\/\/api.w.org\/{rel}","templated":true}]}}