{"id":3321,"date":"2023-07-05T21:22:51","date_gmt":"2023-07-05T14:22:51","guid":{"rendered":"https:\/\/www.phivutabletennis.com\/?post_type=product&#038;p=3321"},"modified":"2023-07-05T21:22:51","modified_gmt":"2023-07-05T14:22:51","slug":"keo-sua-khong-tang-luc-e-zip","status":"publish","type":"product","link":"https:\/\/www.phivutabletennis.com\/index.php\/product\/keo-sua-khong-tang-luc-e-zip\/","title":{"rendered":"KEO S\u1eeeA KH\u00d4NG T\u0102NG L\u1ef0C E &#8211; ZIP"},"content":{"rendered":"<p><strong>H\u00c0NG CH\u00cdNH H\u00c3NG NITTAKU S\u1ea2N XU\u1ea4T T\u1ea0I \u0110\u1ee8C\u00a0&#8211; MADE IN GERMANY<\/strong><\/p>\n<p><strong>T\u1ea1i sao n\u00ean d\u00f9ng KEO KH\u00d4NG T\u0102NG L\u1ef0C<em>\u00a0?<\/em><\/strong><\/p>\n<p>Keo t\u0103ng l\u1ef1c ngo\u00e0i \u01b0u \u0111i\u1ec3m l\u00e0m c\u0103ng m\u1eb7t v\u1ee3t \u0111\u1ec3 h\u1ed7 tr\u1ee3 l\u1ef1c khi \u0111\u00e1nh c\u00f2n c\u00f3 nhi\u1ec1u nh\u01b0\u1ee3c \u0111i\u1ec3m kh\u00e1c nh\u01b0: n\u1ed3ng \u0111\u1ed9 \u0111\u1ed9c h\u1ea1i VOC cao, \u1ea3nh h\u01b0\u1edfng \u0111\u1ebfn s\u1ee9c kh\u1ecfe c\u1ee7a ng\u01b0\u1eddi s\u1eed d\u1ee5ng, l\u00e0m d\u00e3n v\u00e0 c\u0103ng qu\u00e1 \u0111\u1ed9 nh\u1eefng m\u1eb7t v\u1ee3t c\u00f3 c\u00f4ng ngh\u1ec7 m\u1edbi, c\u00f4ng ngh\u1ec7 b\u1ecdt kh\u00ed nh\u01b0: Butterfly Dignics, Tenergy, Rozena,\u00a0Nittaku Fastarc, Yasaka Rakza \u2026d\u1eabn \u0111\u1ebfn t\u00ecnh tr\u1ea1ng m\u1eb7t v\u1ee3t mau r\u00e1ch, t\u00e9t khi b\u1ecb t\u00e1c \u0111\u1ed9ng m\u1ed9t l\u1ef1c l\u1edbn.<\/p>\n","protected":false},"excerpt":{"rendered":"<p>H\u00c0NG CH\u00cdNH H\u00c3NG NITTAKU S\u1ea2N XU\u1ea4T T\u1ea0I \u0110\u1ee8C\u00a0&#8211; MADE IN GERMANY T\u1ea1i sao n\u00ean d\u00f9ng KEO KH\u00d4NG T\u0102NG L\u1ef0C\u00a0? Keo t\u0103ng l\u1ef1c ngo\u00e0i \u01b0u \u0111i\u1ec3m l\u00e0m c\u0103ng m\u1eb7t v\u1ee3t \u0111\u1ec3 h\u1ed7 tr\u1ee3 l\u1ef1c khi \u0111\u00e1nh c\u00f2n c\u00f3 nhi\u1ec1u nh\u01b0\u1ee3c \u0111i\u1ec3m kh\u00e1c nh\u01b0: n\u1ed3ng \u0111\u1ed9 \u0111\u1ed9c h\u1ea1i VOC cao, \u1ea3nh h\u01b0\u1edfng \u0111\u1ebfn s\u1ee9c kh\u1ecfe c\u1ee7a ng\u01b0\u1eddi [&hellip;]<\/p>\n","protected":false},"featured_media":3322,"comment_status":"open","ping_status":"closed","template":"","meta":{"_eb_attr":""},"product_cat":[54,145,67],"product_tag":[],"class_list":["post-3321","product","type-product","status-publish","has-post-thumbnail","hentry","product_cat-keo-sua","product_cat-phu-kien-nittaku","product_cat-phu-kien"],"_links":{"self":[{"href":"https:\/\/www.phivutabletennis.com\/index.php\/wp-json\/wp\/v2\/product\/3321","targetHints":{"allow":["GET"]}}],"collection":[{"href":"https:\/\/www.phivutabletennis.com\/index.php\/wp-json\/wp\/v2\/product"}],"about":[{"href":"https:\/\/www.phivutabletennis.com\/index.php\/wp-json\/wp\/v2\/types\/product"}],"replies":[{"embeddable":true,"href":"https:\/\/www.phivutabletennis.com\/index.php\/wp-json\/wp\/v2\/comments?post=3321"}],"wp:featuredmedia":[{"embeddable":true,"href":"https:\/\/www.phivutabletennis.com\/index.php\/wp-json\/wp\/v2\/media\/3322"}],"wp:attachment":[{"href":"https:\/\/www.phivutabletennis.com\/index.php\/wp-json\/wp\/v2\/media?parent=3321"}],"wp:term":[{"taxonomy":"product_cat","embeddable":true,"href":"https:\/\/www.phivutabletennis.com\/index.php\/wp-json\/wp\/v2\/product_cat?post=3321"},{"taxonomy":"product_tag","embeddable":true,"href":"https:\/\/www.phivutabletennis.com\/index.php\/wp-json\/wp\/v2\/product_tag?post=3321"}],"curies":[{"name":"wp","href":"https:\/\/api.w.org\/{rel}","templated":true}]}}