{"id":3325,"date":"2023-07-05T21:24:24","date_gmt":"2023-07-05T14:24:24","guid":{"rendered":"https:\/\/www.phivutabletennis.com\/?post_type=product&#038;p=3325"},"modified":"2023-07-05T21:24:25","modified_gmt":"2023-07-05T14:24:25","slug":"mut-lau-vot-clean-sponge","status":"publish","type":"product","link":"https:\/\/www.phivutabletennis.com\/index.php\/product\/mut-lau-vot-clean-sponge\/","title":{"rendered":"M\u00daT LAU V\u1ee2T- CLEAN SPONGE"},"content":{"rendered":"<p><strong>H\u00c0NG CH\u00cdNH H\u00c3NG NITTAKU S\u1ea2N XU\u1ea4T T\u1ea0I NH\u1eacT B\u1ea2N &#8211; MADE IN JAPAN<\/strong><\/p>\n<p>M\u00fat v\u1ec7 sinh m\u1eb7t v\u1ee3t &#8211;\u00a0<strong>CLEAN SPONGE<\/strong><\/p>\n<ul>\n<li>Thi\u1ebft k\u1ebf nh\u1ecf g\u1ecdn ti\u1ec7n d\u1ee5ng d\u1ec5 d\u00e0ng mang theo,<\/li>\n<li>Ti\u1ebft ki\u1ec7m di\u1ec7n t\u00edch trong khoang ch\u1ee9a \u0111\u1ed3.<\/li>\n<li>Th\u1ea5m h\u00fat t\u1ed1t v\u1edbi 2 b\u1ec1 m\u1eb7t \u0111\u1ed9 c\u1ee9ng kh\u00e1c nhau<\/li>\n<\/ul>\n<p><strong><u>Ch\u00fa \u00fd\u00a0<\/u>:\u00a0<\/strong><\/p>\n<ul>\n<li>S\u1eed d\u1ee5ng chung\u00a0v\u1edbi\u00a0n\u01b0\u1edbc lau v\u1ee3t chuy\u00ean d\u1ee5ng\u00a0d\u00e0nh cho m\u1eb7t v\u1ee3t b\u00f3ng b\u00e0n.<\/li>\n<li>Kh\u00f4ng \u0111\u1ec3 g\u1ea7n l\u1eeda v\u00e0 n\u01a1i c\u00f3 nhi\u1ec7t \u0111\u1ed9 cao h\u01a1n 40 \u0111\u1ed9.<\/li>\n<li>\u00a0Kh\u00f4ng s\u1eed d\u1ee5ng cho m\u1ee5c \u0111\u00edch kh\u00e1c ngo\u00e0i m\u1eb7t v\u1ee3t cao su.<\/li>\n<li>Tr\u00e1nh xa t\u1ea7m tay tr\u1ebb em<\/li>\n<\/ul>\n","protected":false},"excerpt":{"rendered":"<p>H\u00c0NG CH\u00cdNH H\u00c3NG NITTAKU S\u1ea2N XU\u1ea4T T\u1ea0I NH\u1eacT B\u1ea2N &#8211; MADE IN JAPAN M\u00fat v\u1ec7 sinh m\u1eb7t v\u1ee3t &#8211;\u00a0CLEAN SPONGE Thi\u1ebft k\u1ebf nh\u1ecf g\u1ecdn ti\u1ec7n d\u1ee5ng d\u1ec5 d\u00e0ng mang theo, Ti\u1ebft ki\u1ec7m di\u1ec7n t\u00edch trong khoang ch\u1ee9a \u0111\u1ed3. Th\u1ea5m h\u00fat t\u1ed1t v\u1edbi 2 b\u1ec1 m\u1eb7t \u0111\u1ed9 c\u1ee9ng kh\u00e1c nhau Ch\u00fa \u00fd\u00a0:\u00a0 S\u1eed d\u1ee5ng chung\u00a0v\u1edbi\u00a0n\u01b0\u1edbc lau [&hellip;]<\/p>\n","protected":false},"featured_media":3326,"comment_status":"open","ping_status":"closed","template":"","meta":{"_eb_attr":""},"product_cat":[145,67],"product_tag":[],"class_list":["post-3325","product","type-product","status-publish","has-post-thumbnail","hentry","product_cat-phu-kien-nittaku","product_cat-phu-kien"],"_links":{"self":[{"href":"https:\/\/www.phivutabletennis.com\/index.php\/wp-json\/wp\/v2\/product\/3325","targetHints":{"allow":["GET"]}}],"collection":[{"href":"https:\/\/www.phivutabletennis.com\/index.php\/wp-json\/wp\/v2\/product"}],"about":[{"href":"https:\/\/www.phivutabletennis.com\/index.php\/wp-json\/wp\/v2\/types\/product"}],"replies":[{"embeddable":true,"href":"https:\/\/www.phivutabletennis.com\/index.php\/wp-json\/wp\/v2\/comments?post=3325"}],"wp:featuredmedia":[{"embeddable":true,"href":"https:\/\/www.phivutabletennis.com\/index.php\/wp-json\/wp\/v2\/media\/3326"}],"wp:attachment":[{"href":"https:\/\/www.phivutabletennis.com\/index.php\/wp-json\/wp\/v2\/media?parent=3325"}],"wp:term":[{"taxonomy":"product_cat","embeddable":true,"href":"https:\/\/www.phivutabletennis.com\/index.php\/wp-json\/wp\/v2\/product_cat?post=3325"},{"taxonomy":"product_tag","embeddable":true,"href":"https:\/\/www.phivutabletennis.com\/index.php\/wp-json\/wp\/v2\/product_tag?post=3325"}],"curies":[{"name":"wp","href":"https:\/\/api.w.org\/{rel}","templated":true}]}}