{"id":3327,"date":"2023-07-05T21:25:15","date_gmt":"2023-07-05T14:25:15","guid":{"rendered":"https:\/\/www.phivutabletennis.com\/?post_type=product&#038;p=3327"},"modified":"2023-07-05T21:25:16","modified_gmt":"2023-07-05T14:25:16","slug":"film-bao-ve-mat-vot-adhesive-rubber-protect-set-2-mat-co-keo","status":"publish","type":"product","link":"https:\/\/www.phivutabletennis.com\/index.php\/product\/film-bao-ve-mat-vot-adhesive-rubber-protect-set-2-mat-co-keo\/","title":{"rendered":"FILM B\u1ea2O V\u1ec6 M\u1eb6T V\u1ee2T + ADHESIVE RUBBER PROTECT + SET\/ 2 M\u1eb6T (C\u00d3 KEO)"},"content":{"rendered":"<p><strong>MI\u1ebeNG\u00a0B\u1ea2O V\u1ec6 M\u1eb6T V\u1ee2T NITTAKU C\u00d3 KEO \u2013 ADHESIVE RUBBER PROTECT<\/strong><\/p>\n<p>C\u00f4ng d\u1ee5ng:<\/p>\n<div>\u2022Mi\u1ebfng d\u00e1n b\u1ea3o v\u1ec7 m\u1eb7t v\u1ee3t kh\u1ecfi b\u1ee5i b\u1ea9n v\u00e0 tr\u1ea7y x\u01b0\u1edbc, h\u1ea1n ch\u1ebf qu\u00e1 tr\u00ecnh oxy h\u00f3a c\u1ee7a m\u1eb7t v\u1ee3t.<\/div>\n<p><strong><u>H\u01b0\u1edbng\u00a0<\/u><u>d\u1eabn<\/u><u>\u00a0s\u1eed d\u1ee5ng:<\/u><\/strong><\/p>\n<div>\u2022M\u1eb7t c\u00f3 logo Nittaku \u0111\u1ec3 h\u01b0\u1edbng ra\u00a0ngo\u00e0i.<\/div>\n<div>\u2022\u0110\u1ec3 nguy\u00ean m\u1eb7t vu\u00f4ng hay c\u1eaft theo h\u00ecnh c\u00e2y v\u1ee3t khi s\u1eed d\u1ee5ng.<\/div>\n<div>\u2022N\u00ean \u00e1p s\u00e1t mi\u1ebfng b\u1ea3o v\u1ec7 v\u00e0o m\u1eb7t v\u1ee3t v\u00e0 kh\u00f4ng \u0111\u1ec3\u00a0kh\u00f4ng kh\u00ed v\u00e0o.<\/div>\n<div>\u2022H\u1ed7 tr\u1ee3 t\u1ed1t cho m\u1eb7t v\u1ee3t c\u00f3 l\u1edbp keo d\u00ednh tr\u00ean b\u1ec1 m\u1eb7t (m\u1eb7t t\u00e0u)<\/div>\n<p>L\u01b0u \u00fd: Khi g\u1ee1 film b\u1ea3o v\u1ec7, c\u00f3 th\u1ec3 th\u1ea5y v\u1ebft h\u1eb1n tr\u00ean m\u1eb7t v\u1ee3t do kh\u00f4ng \u00e9p h\u1ebft b\u1ecdt kh\u00ed khi d\u00e1n. T\u00ecnh tr\u1ea1ng n\u00e0y s\u1ebd h\u1ebft sau khi s\u1eed d\u1ee5ng v\u00e0 kh\u00f4ng \u1ea3nh h\u01b0\u1edfng \u0111\u1ebfn t\u00ednh n\u0103ng c\u1ee7a m\u1eb7t v\u1ee3t.<\/p>\n<p><strong>H\u00c0NG CH\u00cdNH H\u00c3NG NITTAKU S\u1ea2N XU\u1ea4T T\u1ea0I NH\u1eacT B\u1ea2N &#8211; MADE IN JAPAN<\/strong><\/p>\n","protected":false},"excerpt":{"rendered":"<p>MI\u1ebeNG\u00a0B\u1ea2O V\u1ec6 M\u1eb6T V\u1ee2T NITTAKU C\u00d3 KEO \u2013 ADHESIVE RUBBER PROTECT C\u00f4ng d\u1ee5ng: \u2022Mi\u1ebfng d\u00e1n b\u1ea3o v\u1ec7 m\u1eb7t v\u1ee3t kh\u1ecfi b\u1ee5i b\u1ea9n v\u00e0 tr\u1ea7y x\u01b0\u1edbc, h\u1ea1n ch\u1ebf qu\u00e1 tr\u00ecnh oxy h\u00f3a c\u1ee7a m\u1eb7t v\u1ee3t. H\u01b0\u1edbng\u00a0d\u1eabn\u00a0s\u1eed d\u1ee5ng: \u2022M\u1eb7t c\u00f3 logo Nittaku \u0111\u1ec3 h\u01b0\u1edbng ra\u00a0ngo\u00e0i. \u2022\u0110\u1ec3 nguy\u00ean m\u1eb7t vu\u00f4ng hay c\u1eaft theo h\u00ecnh c\u00e2y v\u1ee3t khi s\u1eed [&hellip;]<\/p>\n","protected":false},"featured_media":3328,"comment_status":"open","ping_status":"closed","template":"","meta":{"_eb_attr":""},"product_cat":[145,67],"product_tag":[],"class_list":["post-3327","product","type-product","status-publish","has-post-thumbnail","hentry","product_cat-phu-kien-nittaku","product_cat-phu-kien"],"_links":{"self":[{"href":"https:\/\/www.phivutabletennis.com\/index.php\/wp-json\/wp\/v2\/product\/3327","targetHints":{"allow":["GET"]}}],"collection":[{"href":"https:\/\/www.phivutabletennis.com\/index.php\/wp-json\/wp\/v2\/product"}],"about":[{"href":"https:\/\/www.phivutabletennis.com\/index.php\/wp-json\/wp\/v2\/types\/product"}],"replies":[{"embeddable":true,"href":"https:\/\/www.phivutabletennis.com\/index.php\/wp-json\/wp\/v2\/comments?post=3327"}],"wp:featuredmedia":[{"embeddable":true,"href":"https:\/\/www.phivutabletennis.com\/index.php\/wp-json\/wp\/v2\/media\/3328"}],"wp:attachment":[{"href":"https:\/\/www.phivutabletennis.com\/index.php\/wp-json\/wp\/v2\/media?parent=3327"}],"wp:term":[{"taxonomy":"product_cat","embeddable":true,"href":"https:\/\/www.phivutabletennis.com\/index.php\/wp-json\/wp\/v2\/product_cat?post=3327"},{"taxonomy":"product_tag","embeddable":true,"href":"https:\/\/www.phivutabletennis.com\/index.php\/wp-json\/wp\/v2\/product_tag?post=3327"}],"curies":[{"name":"wp","href":"https:\/\/api.w.org\/{rel}","templated":true}]}}