{"id":3345,"date":"2023-07-05T21:35:01","date_gmt":"2023-07-05T14:35:01","guid":{"rendered":"https:\/\/www.phivutabletennis.com\/?post_type=product&#038;p=3345"},"modified":"2023-07-05T21:35:01","modified_gmt":"2023-07-05T14:35:01","slug":"hammond-z2","status":"publish","type":"product","link":"https:\/\/www.phivutabletennis.com\/index.php\/product\/hammond-z2\/","title":{"rendered":"HAMMOND Z2"},"content":{"rendered":"<p><strong>M\u1eb6T V\u1ee2T\u00a0NITTAKU HAMMOND Z2<\/strong><\/p>\n<p><strong>S\u1ea3n xu\u1ea5t t\u1ea1i Nh\u1eadt B\u1ea3n<\/strong><\/p>\n<p>&#8220;T\u00f4i s\u1ebd kh\u00f4ng thua b\u1edfi v\u00ec t\u00f4i kh\u00f4ng t\u1eeb b\u1ecf&#8221;<\/p>\n<p>L\u1edbp l\u00f3t b\u1ecdt kh\u00ed \u0111\u01b0\u1ee3c l\u1ea5y \u00fd t\u01b0\u1edfng t\u1eeb m\u00e0u \u0111\u1ecf bi\u1ec3u t\u01b0\u1ee3ng logo th\u01b0\u01a1ng hi\u1ec7u Nittaku, nh\u01b0 m\u1ed9t t\u01b0\u1eddng th\u00e0nh v\u1eefng ch\u1eafc gi\u00fap t\u0103ng c\u01b0\u1eddng l\u1ef1c \u0111\u1ea9y v\u00e0 gi\u1ea3m th\u1ea5t tho\u00e1t n\u0103ng l\u01b0\u1ee3ng.<\/p>\n<p>Th\u00e0nh ph\u1ea7n cao su thi\u00ean nhi\u00ean cao, m\u1eadt \u0111\u1ed9 cao su thi\u00ean nhi\u00ean \u0111\u01b0\u1ee3c bao ph\u1ee7 r\u1ed9ng kh\u1eafp m\u1eb7t sheet, n\u00ean d\u00f9 m\u1eb7t v\u1ee3t ti\u1ebfp x\u00fac nh\u1eb9, uy l\u1ef1c t\u00e1c \u0111\u1ed9ng l\u00ean b\u00f3ng v\u1eabn r\u1ea5t l\u1edbn.<\/p>\n<p>C\u1ef1 ly trung hay xa b\u00e0n, b\u1ea1n v\u1eabn c\u00f3 th\u1ec3 tr\u1ea3 b\u00f3ng xo\u00e1y c\u1ee7a \u0111\u1ed1i ph\u01b0\u01a1ng b\u1eb1ng nh\u1eefng c\u00fa gi\u1eadt b\u00f3ng \u0111\u1ea7y uy l\u1ef1c nh\u01b0 m\u1ed9t v\u0169 kh\u00ed lao th\u1eb3ng v\u00e0o \u0111\u1ed1i ph\u01b0\u01a1ng \u0111\u1ec3 gi\u00e0nh chi\u1ebfn th\u1eafng.<\/p>\n<p>Hammon Z2 k\u1ebf th\u1eeba v\u00e0 \u0111\u1ed5i m\u1edbi t\u1eeb phi\u00ean b\u1ea3n b\u00e1n ch\u1ea1y nh\u1ea5t c\u1ee7a d\u00f2ng series \u201cHammond\u201d, k\u1ebft h\u1ee3p v\u1edbi \u0111\u1eb7c \u0111i\u1ec3m k\u1ef9 thu\u1eadt m\u1eb7t v\u1ee3t h\u00e0ng \u0111\u1ea7u, h\u1ed7 tr\u1ee3 ng\u01b0\u1eddi ch\u01a1i h\u01b0\u1edbng \u0111\u1ebfn l\u1ed1i \u0111\u00e1nh k\u1ef9 thu\u1eadt \u0111\u1ec9nh cao.<\/p>\n<table border=\"0\" cellspacing=\"1\" cellpadding=\"1\">\n<tbody>\n<tr>\n<td>T\u1ed1c \u0111\u1ed9<\/td>\n<td>: 16.00<\/td>\n<\/tr>\n<tr>\n<td>\u0110\u1ed9 xo\u00e1y<\/td>\n<td>: 13.00<\/td>\n<\/tr>\n<tr>\n<td>\u0110\u1ed9 c\u1ee9ng<\/td>\n<td>: 40.00<\/td>\n<\/tr>\n<tr>\n<td>\u0110\u1ed9 d\u00e0y<\/td>\n<td>: 2.0 mm<\/td>\n<\/tr>\n<\/tbody>\n<\/table>\n<p><strong>Theo th\u00f4ng s\u1ed1 chu\u1ea9n c\u1ee7a h\u00e3ng Nittaku\u00a0<\/strong><\/p>\n<p><u><strong>Khuy\u1ebfn c\u00e1o t\u1eeb nh\u00e0 s\u1ea3n xu\u1ea5t:<\/strong><\/u><\/p>\n<p>Trong c\u00e1c d\u00f2ng s\u1ea3n ph\u1ea9m m\u1eb7t v\u1ee3t th\u01b0\u01a1ng hi\u1ec7u Nittaku, m\u1eb7t v\u1ee3t Hammond Z2 c\u00f3 th\u00e0nh ph\u1ea7n cao su thi\u00ean nhi\u00ean cao n\u00ean r\u1ea5t d\u1ec5 b\u1ecb \u1ea3nh h\u01b0\u1edfng b\u1edfi t\u00e1c \u0111\u1ed9ng c\u1ee7a m\u00f4i tr\u01b0\u1eddng b\u00ean ngo\u00e0i nh\u01b0: oxy h\u00f3a, tia c\u1ef1c t\u00edm, c\u00e1c lo\u1ea1i h\u00f3a ch\u1ea5t \u2026 l\u00e0m t\u00ednh n\u0103ng m\u1eb7t v\u1ee3t gi\u1ea3m theo th\u1eddi gian sau khi s\u1eed d\u1ee5ng.<\/p>\n<p>\u0110\u1ec3 b\u1ea3o qu\u1ea3n m\u1eb7t v\u1ee3t \u0111\u01b0\u1ee3c t\u1ed1i \u01b0u nh\u1ea5t, Qu\u00fd kh\u00e1ch n\u00ean s\u1eed d\u1ee5ng film b\u1ea3o v\u1ec7 m\u1eb7t v\u1ee3t k\u00e8m theo v\u00e0 s\u1ea3n ph\u1ea9m b\u1ea3o d\u01b0\u1ee1ng m\u1eb7t v\u1ee3t nh\u01b0 Clean Mist 2.<\/p>\n<p><img decoding=\"async\" src=\"https:\/\/bongban.asia\/image\/data\/NITTAKU\/hamonz26.jpg\" alt=\"\" \/><\/p>\n<p>&nbsp;<\/p>\n<p>&nbsp;<\/p>\n<p><img decoding=\"async\" src=\"https:\/\/bongban.asia\/image\/data\/NITTAKU\/hamonz22.jpg\" alt=\"\" \/><\/p>\n<p>&nbsp;<\/p>\n<p>&nbsp;<\/p>\n<p><img decoding=\"async\" src=\"https:\/\/bongban.asia\/image\/data\/NITTAKU\/hamonz24.jpg\" alt=\"\" \/><\/p>\n","protected":false},"excerpt":{"rendered":"<p>M\u1eb6T V\u1ee2T\u00a0NITTAKU HAMMOND Z2 S\u1ea3n xu\u1ea5t t\u1ea1i Nh\u1eadt B\u1ea3n &#8220;T\u00f4i s\u1ebd kh\u00f4ng thua b\u1edfi v\u00ec t\u00f4i kh\u00f4ng t\u1eeb b\u1ecf&#8221; L\u1edbp l\u00f3t b\u1ecdt kh\u00ed \u0111\u01b0\u1ee3c l\u1ea5y \u00fd t\u01b0\u1edfng t\u1eeb m\u00e0u \u0111\u1ecf bi\u1ec3u t\u01b0\u1ee3ng logo th\u01b0\u01a1ng hi\u1ec7u Nittaku, nh\u01b0 m\u1ed9t t\u01b0\u1eddng th\u00e0nh v\u1eefng ch\u1eafc gi\u00fap t\u0103ng c\u01b0\u1eddng l\u1ef1c \u0111\u1ea9y v\u00e0 gi\u1ea3m th\u1ea5t tho\u00e1t n\u0103ng l\u01b0\u1ee3ng. Th\u00e0nh ph\u1ea7n [&hellip;]<\/p>\n","protected":false},"featured_media":3333,"comment_status":"open","ping_status":"closed","template":"","meta":{"_eb_attr":""},"product_cat":[153,29],"product_tag":[],"class_list":["post-3345","product","type-product","status-publish","has-post-thumbnail","hentry","product_cat-matvot-nittaku","product_cat-mat-vot"],"_links":{"self":[{"href":"https:\/\/www.phivutabletennis.com\/index.php\/wp-json\/wp\/v2\/product\/3345","targetHints":{"allow":["GET"]}}],"collection":[{"href":"https:\/\/www.phivutabletennis.com\/index.php\/wp-json\/wp\/v2\/product"}],"about":[{"href":"https:\/\/www.phivutabletennis.com\/index.php\/wp-json\/wp\/v2\/types\/product"}],"replies":[{"embeddable":true,"href":"https:\/\/www.phivutabletennis.com\/index.php\/wp-json\/wp\/v2\/comments?post=3345"}],"wp:featuredmedia":[{"embeddable":true,"href":"https:\/\/www.phivutabletennis.com\/index.php\/wp-json\/wp\/v2\/media\/3333"}],"wp:attachment":[{"href":"https:\/\/www.phivutabletennis.com\/index.php\/wp-json\/wp\/v2\/media?parent=3345"}],"wp:term":[{"taxonomy":"product_cat","embeddable":true,"href":"https:\/\/www.phivutabletennis.com\/index.php\/wp-json\/wp\/v2\/product_cat?post=3345"},{"taxonomy":"product_tag","embeddable":true,"href":"https:\/\/www.phivutabletennis.com\/index.php\/wp-json\/wp\/v2\/product_tag?post=3345"}],"curies":[{"name":"wp","href":"https:\/\/api.w.org\/{rel}","templated":true}]}}