{"id":3348,"date":"2023-07-05T21:37:49","date_gmt":"2023-07-05T14:37:49","guid":{"rendered":"https:\/\/www.phivutabletennis.com\/?post_type=product&#038;p=3348"},"modified":"2024-10-04T17:27:22","modified_gmt":"2024-10-04T10:27:22","slug":"hurricane-neo-3","status":"publish","type":"product","link":"https:\/\/www.phivutabletennis.com\/index.php\/product\/hurricane-neo-3\/","title":{"rendered":"DHS HURRICANE 3 NEO CH\u1ee2 l\u00f3t cam 2.1mm: 39-40 \u0111\u1ed9"},"content":{"rendered":"<p><strong>M\u1eb6T V\u1ee2T\u00a0 HURRICANE NEO 3<\/strong><\/p>\n<p>D\u00f2ng s\u1ea3n ph\u1ea9m \u0111\u1eb7c tr\u01b0ng d\u00e0nh cho kh\u00e1ch h\u00e0ng c\u00f3 nhu c\u1ea7u v\u1ec1 l\u1ed1i \u0111\u00e1nh gi\u1eadt b\u00e1m xo\u00e1y c\u1ee7a H\u00e3ng Nittaku v\u00e0 H\u00e3ng DHS ph\u1ed1i h\u1ee3p s\u1ea3n xu\u1ea5t d\u1ef1a tr\u00ean y\u00eau c\u1ea7u c\u1ee7a V\u1eadn \u0111\u1ed9ng vi\u00ean \u0111\u1ed9i tuy\u1ec3n.<\/p>\n<p>S\u1ea3n ph\u1ea9m \u0111\u01b0\u1ee3c ki\u1ec3m tra k\u1ef9 l\u01b0\u1ee1ng tr\u00ean t\u1eebng c\u00f4ng \u0111o\u1ea1n trong d\u00e2y chuy\u1ec1n s\u1ea3n xu\u1ea5t \u0111\u1ec3 cho ra s\u1ea3n ph\u1ea9m m\u1eb7t v\u1ee3t DHS Hurricane Neo 3.<\/p>\n<table border=\"0\" cellspacing=\"1\" cellpadding=\"1\">\n<tbody>\n<tr>\n<td>T\u1ed1c \u0111\u1ed9<\/td>\n<td>: 11.25<\/td>\n<\/tr>\n<tr>\n<td>\u0110\u1ed9 xo\u00e1y<\/td>\n<td>: 15.00<\/td>\n<\/tr>\n<tr>\n<td>\u0110\u1ed9 c\u1ee9ng<\/td>\n<td>: 42.5<\/td>\n<\/tr>\n<\/tbody>\n<\/table>\n<p>&nbsp;<\/p>\n","protected":false},"excerpt":{"rendered":"<p>M\u1eb6T V\u1ee2T\u00a0 HURRICANE NEO 3 D\u00f2ng s\u1ea3n ph\u1ea9m \u0111\u1eb7c tr\u01b0ng d\u00e0nh cho kh\u00e1ch h\u00e0ng c\u00f3 nhu c\u1ea7u v\u1ec1 l\u1ed1i \u0111\u00e1nh gi\u1eadt b\u00e1m xo\u00e1y c\u1ee7a H\u00e3ng Nittaku v\u00e0 H\u00e3ng DHS ph\u1ed1i h\u1ee3p s\u1ea3n xu\u1ea5t d\u1ef1a tr\u00ean y\u00eau c\u1ea7u c\u1ee7a V\u1eadn \u0111\u1ed9ng vi\u00ean \u0111\u1ed9i tuy\u1ec3n. S\u1ea3n ph\u1ea9m \u0111\u01b0\u1ee3c ki\u1ec3m tra k\u1ef9 l\u01b0\u1ee1ng tr\u00ean t\u1eebng c\u00f4ng \u0111o\u1ea1n trong [&hellip;]<\/p>\n","protected":false},"featured_media":4904,"comment_status":"open","ping_status":"closed","template":"","meta":{"_eb_attr":""},"product_cat":[172,29],"product_tag":[],"class_list":["post-3348","product","type-product","status-publish","has-post-thumbnail","hentry","product_cat-mat-tau","product_cat-mat-vot"],"_links":{"self":[{"href":"https:\/\/www.phivutabletennis.com\/index.php\/wp-json\/wp\/v2\/product\/3348","targetHints":{"allow":["GET"]}}],"collection":[{"href":"https:\/\/www.phivutabletennis.com\/index.php\/wp-json\/wp\/v2\/product"}],"about":[{"href":"https:\/\/www.phivutabletennis.com\/index.php\/wp-json\/wp\/v2\/types\/product"}],"replies":[{"embeddable":true,"href":"https:\/\/www.phivutabletennis.com\/index.php\/wp-json\/wp\/v2\/comments?post=3348"}],"wp:featuredmedia":[{"embeddable":true,"href":"https:\/\/www.phivutabletennis.com\/index.php\/wp-json\/wp\/v2\/media\/4904"}],"wp:attachment":[{"href":"https:\/\/www.phivutabletennis.com\/index.php\/wp-json\/wp\/v2\/media?parent=3348"}],"wp:term":[{"taxonomy":"product_cat","embeddable":true,"href":"https:\/\/www.phivutabletennis.com\/index.php\/wp-json\/wp\/v2\/product_cat?post=3348"},{"taxonomy":"product_tag","embeddable":true,"href":"https:\/\/www.phivutabletennis.com\/index.php\/wp-json\/wp\/v2\/product_tag?post=3348"}],"curies":[{"name":"wp","href":"https:\/\/api.w.org\/{rel}","templated":true}]}}