{"id":3349,"date":"2023-07-05T21:38:49","date_gmt":"2023-07-05T14:38:49","guid":{"rendered":"https:\/\/www.phivutabletennis.com\/?post_type=product&#038;p=3349"},"modified":"2023-07-05T21:38:49","modified_gmt":"2023-07-05T14:38:49","slug":"fastarc-c1","status":"publish","type":"product","link":"https:\/\/www.phivutabletennis.com\/index.php\/product\/fastarc-c1\/","title":{"rendered":"FASTARC C1"},"content":{"rendered":"<p><strong>M\u1eb6T V\u1ee2T\u00a0NITTAKU FASTARC C1<\/strong><br \/>\n<span style=\"color: #000000; font-family: arial, helvetica, sans-serif;\"><b>S\u1ea3n xu\u1ea5t t\u1ea1i \u0110\u1ee9c<\/b><\/span><br \/>\n<strong>Fastarc C-1<\/strong>\u00a0m\u1eb7t l\u00f3t c\u00f4ng ngh\u1ec7 b\u1ecdt kh\u00ed c\u1ea3m gi\u00e1c m\u1ec1m.<br \/>\nTh\u00edch h\u1ee3p cho ng\u01b0\u1eddi ch\u01a1i y\u00eau th\u00edch c\u00e2n b\u1eb1ng t\u1ed1c \u0111\u1ed9 v\u00e0 \u0111\u1ed9 xo\u00e1y v\u1edbi c\u1ea3m gi\u00e1c b\u00f3ng m\u1ec1m.<\/p>\n<table border=\"0\" cellspacing=\"1\" cellpadding=\"1\">\n<tbody>\n<tr>\n<td>T\u1ed1c \u0111\u1ed9<\/td>\n<td>: 15.25<\/td>\n<\/tr>\n<tr>\n<td>\u0110\u1ed9 xo\u00e1y<\/td>\n<td>: 12.25<\/td>\n<\/tr>\n<tr>\n<td>\u0110\u1ed9 c\u1ee9ng<\/td>\n<td>: 35.00<\/td>\n<\/tr>\n<\/tbody>\n<\/table>\n<p><b>Theo th\u00f4ng s\u1ed1 chu\u1ea9n c\u1ee7a h\u00e3ng Nittaku<\/b><\/p>\n<p><strong>B\u1ea2NG T\u1ed4NG H\u1ee2P T\u00cdNH N\u0102NG NITTAKU\u00a0FASTARC<\/strong><br \/>\n<img decoding=\"async\" src=\"https:\/\/bongban.asia\/image\/data\/2019\/TIN%20T%E1%BB%A8C%202019\/MV%20NITTAKU%20FASTARC%20s2.jpg\" alt=\"\" \/><\/p>\n<p><img decoding=\"async\" src=\"https:\/\/bongban.asia\/image\/data\/2019\/TIN%20T%E1%BB%A8C%202019\/MV%20NITTAKU%20FASTARC.jpg\" alt=\"\" \/><\/p>\n","protected":false},"excerpt":{"rendered":"<p>M\u1eb6T V\u1ee2T\u00a0NITTAKU FASTARC C1 S\u1ea3n xu\u1ea5t t\u1ea1i \u0110\u1ee9c Fastarc C-1\u00a0m\u1eb7t l\u00f3t c\u00f4ng ngh\u1ec7 b\u1ecdt kh\u00ed c\u1ea3m gi\u00e1c m\u1ec1m. Th\u00edch h\u1ee3p cho ng\u01b0\u1eddi ch\u01a1i y\u00eau th\u00edch c\u00e2n b\u1eb1ng t\u1ed1c \u0111\u1ed9 v\u00e0 \u0111\u1ed9 xo\u00e1y v\u1edbi c\u1ea3m gi\u00e1c b\u00f3ng m\u1ec1m. T\u1ed1c \u0111\u1ed9 : 15.25 \u0110\u1ed9 xo\u00e1y : 12.25 \u0110\u1ed9 c\u1ee9ng : 35.00 Theo th\u00f4ng s\u1ed1 chu\u1ea9n c\u1ee7a h\u00e3ng [&hellip;]<\/p>\n","protected":false},"featured_media":3335,"comment_status":"open","ping_status":"closed","template":"","meta":{"_eb_attr":""},"product_cat":[153,29],"product_tag":[],"class_list":["post-3349","product","type-product","status-publish","has-post-thumbnail","hentry","product_cat-matvot-nittaku","product_cat-mat-vot"],"_links":{"self":[{"href":"https:\/\/www.phivutabletennis.com\/index.php\/wp-json\/wp\/v2\/product\/3349","targetHints":{"allow":["GET"]}}],"collection":[{"href":"https:\/\/www.phivutabletennis.com\/index.php\/wp-json\/wp\/v2\/product"}],"about":[{"href":"https:\/\/www.phivutabletennis.com\/index.php\/wp-json\/wp\/v2\/types\/product"}],"replies":[{"embeddable":true,"href":"https:\/\/www.phivutabletennis.com\/index.php\/wp-json\/wp\/v2\/comments?post=3349"}],"wp:featuredmedia":[{"embeddable":true,"href":"https:\/\/www.phivutabletennis.com\/index.php\/wp-json\/wp\/v2\/media\/3335"}],"wp:attachment":[{"href":"https:\/\/www.phivutabletennis.com\/index.php\/wp-json\/wp\/v2\/media?parent=3349"}],"wp:term":[{"taxonomy":"product_cat","embeddable":true,"href":"https:\/\/www.phivutabletennis.com\/index.php\/wp-json\/wp\/v2\/product_cat?post=3349"},{"taxonomy":"product_tag","embeddable":true,"href":"https:\/\/www.phivutabletennis.com\/index.php\/wp-json\/wp\/v2\/product_tag?post=3349"}],"curies":[{"name":"wp","href":"https:\/\/api.w.org\/{rel}","templated":true}]}}