{"id":3353,"date":"2023-07-05T21:42:02","date_gmt":"2023-07-05T14:42:02","guid":{"rendered":"https:\/\/www.phivutabletennis.com\/?post_type=product&#038;p=3353"},"modified":"2023-07-05T21:42:02","modified_gmt":"2023-07-05T14:42:02","slug":"flyatt-soft","status":"publish","type":"product","link":"https:\/\/www.phivutabletennis.com\/index.php\/product\/flyatt-soft\/","title":{"rendered":"FLYATT SOFT"},"content":{"rendered":"<p><strong>M\u1eb6T V\u1ee2T\u00a0NITTAKU FLYATT SPIN<\/strong><br \/>\n<span style=\"color: #000000; font-family: arial, helvetica, sans-serif;\"><b>S\u1ea3n xu\u1ea5t t\u1ea1i Nh\u1eadt B\u1ea3n<\/b><\/span><\/p>\n<p>V\u1edbi k\u1ebf ho\u1ea1ch s\u1ea3n xu\u1ea5t ra m\u1eb7t v\u1ee3t c\u00f3 t\u00ednh \u1ed5n \u0111\u1ecbnh cao nh\u01b0ng v\u1eabn \u0111\u1ea1t \u0111\u01b0\u1ee3c t\u1ed1c \u0111\u1ed9 mong mu\u1ed1n khi ph\u00e1t l\u1ef1c, h\u00e3ng Nittaku \u0111\u00e3 nghi\u00ean c\u1ee9u v\u00e0 cho ra \u0111\u1eddi d\u00f2ng s\u1ea3n ph\u1ea9m th\u1ebf h\u1ec7 m\u1edbi v\u1edbi t\u00ean g\u1ecdi\u00a0<strong>FLYATT SOFT<\/strong><\/p>\n<p>M\u1eb7t v\u1ee3t\u00a0<strong>FLYATT SOFT<\/strong>\u00a0\u0111\u01b0\u1ee3c nghi\u00ean c\u1ee9u v\u00e0 s\u1ea3n xu\u1ea5t v\u1edbi m\u1ed9t quy tr\u00ecnh ch\u1ecdn l\u1ecdc, t\u0103ng c\u01b0\u1eddng c\u1ea5p \u0111\u1ed9 ph\u00e2n t\u1eed l\u00ean cao su thi\u00ean nhi\u00ean \u2013 th\u00e0nh ph\u1ea7n ch\u1ee7 y\u1ebfu \u0111\u1ec3 s\u1ea3n xu\u1ea5t m\u1eb7t sheet. V\u1edbi c\u00f4ng ngh\u1ec7 tr\u00ean, cao su thi\u00ean nhi\u00ean trong th\u00e0nh ph\u1ea7n c\u1ea5u t\u1ea1o c\u1ee7a m\u1eb7t v\u1ee3t s\u1ebd h\u1ed7 tr\u1ee3 t\u1ed1i \u0111a c\u00e1c y\u00eau c\u1ea7u v\u1ec1 t\u1ed1c \u0111\u1ed9 v\u00e0 t\u00ednh \u1ed5n \u0111\u1ecbnh.<\/p>\n<p><strong>FLYATT SOFT<\/strong>\u00a0\u00a0\u0111\u01b0\u1ee3c \u0111i\u1ec1u ch\u1ec9nh \u0111\u1ed9 c\u1ee9ng t\u1eeb 35 \u0111\u1ed9 xu\u1ed1ng 30 \u0111\u1ed9, gi\u00fap m\u1eb7t v\u1ee3t c\u00f3 c\u1ea3m gi\u00e1c m\u1ec1m h\u01a1n, th\u1eddi gian gi\u1eef b\u00f3ng b\u00f3ng h\u01a1n v\u00e0 d\u1ec5 \u0111i\u1ec1u khi\u1ec3n h\u01a1n Flyatt Hard.<\/p>\n<table border=\"0\" cellspacing=\"1\" cellpadding=\"1\">\n<tbody>\n<tr>\n<td>T\u1ed1c \u0111\u1ed9<\/td>\n<td>: 15.00<\/td>\n<\/tr>\n<tr>\n<td>\u0110\u1ed9 xo\u00e1y<\/td>\n<td>: 11.50<\/td>\n<\/tr>\n<tr>\n<td>\u0110\u1ed9 c\u1ee9ng<\/td>\n<td>: 30<\/td>\n<\/tr>\n<\/tbody>\n<\/table>\n<p><strong>Theo th\u00f4ng s\u1ed1 chu\u1ea9n c\u1ee7a h\u00e3ng Nittaku<\/strong><\/p>\n<p>&nbsp;<\/p>\n<p><img decoding=\"async\" src=\"https:\/\/bongban.asia\/image\/data\/NITTAKU\/mat-vot\/2\/flyatt.gif\" alt=\"alt\" \/><\/p>\n","protected":false},"excerpt":{"rendered":"<p>M\u1eb6T V\u1ee2T\u00a0NITTAKU FLYATT SPIN S\u1ea3n xu\u1ea5t t\u1ea1i Nh\u1eadt B\u1ea3n V\u1edbi k\u1ebf ho\u1ea1ch s\u1ea3n xu\u1ea5t ra m\u1eb7t v\u1ee3t c\u00f3 t\u00ednh \u1ed5n \u0111\u1ecbnh cao nh\u01b0ng v\u1eabn \u0111\u1ea1t \u0111\u01b0\u1ee3c t\u1ed1c \u0111\u1ed9 mong mu\u1ed1n khi ph\u00e1t l\u1ef1c, h\u00e3ng Nittaku \u0111\u00e3 nghi\u00ean c\u1ee9u v\u00e0 cho ra \u0111\u1eddi d\u00f2ng s\u1ea3n ph\u1ea9m th\u1ebf h\u1ec7 m\u1edbi v\u1edbi t\u00ean g\u1ecdi\u00a0FLYATT SOFT M\u1eb7t v\u1ee3t\u00a0FLYATT SOFT\u00a0\u0111\u01b0\u1ee3c [&hellip;]<\/p>\n","protected":false},"featured_media":3338,"comment_status":"open","ping_status":"closed","template":"","meta":{"_eb_attr":""},"product_cat":[153,29],"product_tag":[],"class_list":["post-3353","product","type-product","status-publish","has-post-thumbnail","hentry","product_cat-matvot-nittaku","product_cat-mat-vot"],"_links":{"self":[{"href":"https:\/\/www.phivutabletennis.com\/index.php\/wp-json\/wp\/v2\/product\/3353","targetHints":{"allow":["GET"]}}],"collection":[{"href":"https:\/\/www.phivutabletennis.com\/index.php\/wp-json\/wp\/v2\/product"}],"about":[{"href":"https:\/\/www.phivutabletennis.com\/index.php\/wp-json\/wp\/v2\/types\/product"}],"replies":[{"embeddable":true,"href":"https:\/\/www.phivutabletennis.com\/index.php\/wp-json\/wp\/v2\/comments?post=3353"}],"wp:featuredmedia":[{"embeddable":true,"href":"https:\/\/www.phivutabletennis.com\/index.php\/wp-json\/wp\/v2\/media\/3338"}],"wp:attachment":[{"href":"https:\/\/www.phivutabletennis.com\/index.php\/wp-json\/wp\/v2\/media?parent=3353"}],"wp:term":[{"taxonomy":"product_cat","embeddable":true,"href":"https:\/\/www.phivutabletennis.com\/index.php\/wp-json\/wp\/v2\/product_cat?post=3353"},{"taxonomy":"product_tag","embeddable":true,"href":"https:\/\/www.phivutabletennis.com\/index.php\/wp-json\/wp\/v2\/product_tag?post=3353"}],"curies":[{"name":"wp","href":"https:\/\/api.w.org\/{rel}","templated":true}]}}