{"id":3354,"date":"2023-07-05T21:43:02","date_gmt":"2023-07-05T14:43:02","guid":{"rendered":"https:\/\/www.phivutabletennis.com\/?post_type=product&#038;p=3354"},"modified":"2023-07-05T21:43:02","modified_gmt":"2023-07-05T14:43:02","slug":"flyatt-spin","status":"publish","type":"product","link":"https:\/\/www.phivutabletennis.com\/index.php\/product\/flyatt-spin\/","title":{"rendered":"FLYATT SPIN"},"content":{"rendered":"<p><strong>M\u1eb6T V\u1ee2T\u00a0NITTAKU FLYATT SPIN<\/strong><br \/>\n<span style=\"color: #000000; font-family: arial, helvetica, sans-serif;\"><b>S\u1ea3n xu\u1ea5t t\u1ea1i Nh\u1eadt B\u1ea3n<\/b><\/span><\/p>\n<p>V\u1edbi\u00a0<strong>FLYATT SPIN\u00a0<\/strong>ng\u01b0\u1eddi ch\u01a1i d\u1ec5 d\u00e0ng d\u00e0nh chi\u1ebfn th\u1eafng v\u1edbi k\u1ef9 thu\u1eadt gi\u1eadt b\u00f3ng xo\u00e1y\u00a0\u0111\u1ed1i kh\u00e1ng v\u00e0 h\u1ea5t b\u00f3ng tr\u00ean b\u00e0n.<\/p>\n<table border=\"0\" cellspacing=\"1\" cellpadding=\"1\">\n<tbody>\n<tr>\n<td>T\u1ed1c \u0111\u1ed9<\/td>\n<td>: 14.25<\/td>\n<\/tr>\n<tr>\n<td>\u0110\u1ed9 xo\u00e1y<\/td>\n<td>: 12.25<\/td>\n<\/tr>\n<tr>\n<td>\u0110\u1ed9 c\u1ee9ng<\/td>\n<td>: 35<\/td>\n<\/tr>\n<\/tbody>\n<\/table>\n<p><strong>Theo th\u00f4ng s\u1ed1 chu\u1ea9n c\u1ee7a h\u00e3ng Nittaku<\/strong><\/p>\n<p><a href=\"https:\/\/www.phivutabletennis.com\/wp-content\/uploads\/2023\/07\/BANG-SO-SANH-FLYATT.jpg\"><img loading=\"lazy\" decoding=\"async\" class=\"alignnone size-full wp-image-3355\" src=\"https:\/\/www.phivutabletennis.com\/wp-content\/uploads\/2023\/07\/BANG-SO-SANH-FLYATT.jpg\" alt=\"\" width=\"1133\" height=\"617\" srcset=\"https:\/\/www.phivutabletennis.com\/wp-content\/uploads\/2023\/07\/BANG-SO-SANH-FLYATT.jpg 1133w, https:\/\/www.phivutabletennis.com\/wp-content\/uploads\/2023\/07\/BANG-SO-SANH-FLYATT-300x163.jpg 300w, https:\/\/www.phivutabletennis.com\/wp-content\/uploads\/2023\/07\/BANG-SO-SANH-FLYATT-1024x558.jpg 1024w, https:\/\/www.phivutabletennis.com\/wp-content\/uploads\/2023\/07\/BANG-SO-SANH-FLYATT-768x418.jpg 768w, https:\/\/www.phivutabletennis.com\/wp-content\/uploads\/2023\/07\/BANG-SO-SANH-FLYATT-600x327.jpg 600w\" sizes=\"auto, (max-width: 1133px) 100vw, 1133px\" \/><\/a><\/p>\n","protected":false},"excerpt":{"rendered":"<p>M\u1eb6T V\u1ee2T\u00a0NITTAKU FLYATT SPIN S\u1ea3n xu\u1ea5t t\u1ea1i Nh\u1eadt B\u1ea3n V\u1edbi\u00a0FLYATT SPIN\u00a0ng\u01b0\u1eddi ch\u01a1i d\u1ec5 d\u00e0ng d\u00e0nh chi\u1ebfn th\u1eafng v\u1edbi k\u1ef9 thu\u1eadt gi\u1eadt b\u00f3ng xo\u00e1y\u00a0\u0111\u1ed1i kh\u00e1ng v\u00e0 h\u1ea5t b\u00f3ng tr\u00ean b\u00e0n. T\u1ed1c \u0111\u1ed9 : 14.25 \u0110\u1ed9 xo\u00e1y : 12.25 \u0110\u1ed9 c\u1ee9ng : 35 Theo th\u00f4ng s\u1ed1 chu\u1ea9n c\u1ee7a h\u00e3ng Nittaku<\/p>\n","protected":false},"featured_media":3343,"comment_status":"open","ping_status":"closed","template":"","meta":{"_eb_attr":""},"product_cat":[153,29],"product_tag":[],"class_list":["post-3354","product","type-product","status-publish","has-post-thumbnail","hentry","product_cat-matvot-nittaku","product_cat-mat-vot"],"_links":{"self":[{"href":"https:\/\/www.phivutabletennis.com\/index.php\/wp-json\/wp\/v2\/product\/3354","targetHints":{"allow":["GET"]}}],"collection":[{"href":"https:\/\/www.phivutabletennis.com\/index.php\/wp-json\/wp\/v2\/product"}],"about":[{"href":"https:\/\/www.phivutabletennis.com\/index.php\/wp-json\/wp\/v2\/types\/product"}],"replies":[{"embeddable":true,"href":"https:\/\/www.phivutabletennis.com\/index.php\/wp-json\/wp\/v2\/comments?post=3354"}],"wp:featuredmedia":[{"embeddable":true,"href":"https:\/\/www.phivutabletennis.com\/index.php\/wp-json\/wp\/v2\/media\/3343"}],"wp:attachment":[{"href":"https:\/\/www.phivutabletennis.com\/index.php\/wp-json\/wp\/v2\/media?parent=3354"}],"wp:term":[{"taxonomy":"product_cat","embeddable":true,"href":"https:\/\/www.phivutabletennis.com\/index.php\/wp-json\/wp\/v2\/product_cat?post=3354"},{"taxonomy":"product_tag","embeddable":true,"href":"https:\/\/www.phivutabletennis.com\/index.php\/wp-json\/wp\/v2\/product_tag?post=3354"}],"curies":[{"name":"wp","href":"https:\/\/api.w.org\/{rel}","templated":true}]}}