{"id":3378,"date":"2023-07-05T21:52:16","date_gmt":"2023-07-05T14:52:16","guid":{"rendered":"https:\/\/www.phivutabletennis.com\/?post_type=product&#038;p=3378"},"modified":"2023-07-05T21:52:16","modified_gmt":"2023-07-05T14:52:16","slug":"ao-yasaka-yv21-tim-hang-vn-chat-luong-cao","status":"publish","type":"product","link":"https:\/\/www.phivutabletennis.com\/index.php\/product\/ao-yasaka-yv21-tim-hang-vn-chat-luong-cao\/","title":{"rendered":"\u00c1O YASAKA YV21 T\u00cdM &#8211; H\u00c0NG VN CH\u1ea4T L\u01af\u1ee2NG CAO"},"content":{"rendered":"<p><strong>\u00c1O YASAKA CH\u1ea4T L\u01af\u1ee2NG CAO &#8211; MADE IN VIETNAM<\/strong><\/p>\n<p><u><strong>Ch\u1ea5t li\u1ec7u:<\/strong><\/u>\u00a0V\u1ea3i Polyester<br \/>\n<u><strong>M\u00e0u s\u1eafc:<\/strong><\/u>\u00a0B\u00edch, Xanh L\u00e1, T\u00edm, \u0110\u1ecf<br \/>\n<strong><u>\u01afu \u0111i\u1ec3m:<\/u><\/strong><br \/>\nThi\u1ebft k\u1ebf h\u01b0\u1edbng \u0111\u1ebfn s\u1ef1 h\u00e0i h\u00f2a v\u1ec1 m\u00e0u s\u1eafc, ch\u1ea5t l\u01b0\u1ee3ng s\u1ea3n ph\u1ea9m \u0111\u01b0\u1ee3c quan t\u00e2m h\u00e0ng \u0111\u1ea7u, ki\u1ec3u d\u00e1ng th\u1ec3 thao n\u0103ng \u0111\u1ed9ng ph\u00f9 h\u1ee3p cho c\u1ea3 nam v\u00e0 n\u1eef, th\u00e2n \u00e1o \u0111\u01b0\u1ee3c in chuy\u1ec3n nhi\u1ec7t b\u1ec1n m\u00e0u theo th\u1eddi gian, ch\u1ea5t li\u1ec7u v\u1ea3i tho\u00e1ng m\u00e1t, \u00edt nh\u0103n, h\u00fat tho\u00e1t m\u1ed3 h\u00f4i v\u1eeba.<\/p>\n","protected":false},"excerpt":{"rendered":"<p>\u00c1O YASAKA CH\u1ea4T L\u01af\u1ee2NG CAO &#8211; MADE IN VIETNAM Ch\u1ea5t li\u1ec7u:\u00a0V\u1ea3i Polyester M\u00e0u s\u1eafc:\u00a0B\u00edch, Xanh L\u00e1, T\u00edm, \u0110\u1ecf \u01afu \u0111i\u1ec3m: Thi\u1ebft k\u1ebf h\u01b0\u1edbng \u0111\u1ebfn s\u1ef1 h\u00e0i h\u00f2a v\u1ec1 m\u00e0u s\u1eafc, ch\u1ea5t l\u01b0\u1ee3ng s\u1ea3n ph\u1ea9m \u0111\u01b0\u1ee3c quan t\u00e2m h\u00e0ng \u0111\u1ea7u, ki\u1ec3u d\u00e1ng th\u1ec3 thao n\u0103ng \u0111\u1ed9ng ph\u00f9 h\u1ee3p cho c\u1ea3 nam v\u00e0 n\u1eef, th\u00e2n \u00e1o \u0111\u01b0\u1ee3c [&hellip;]<\/p>\n","protected":false},"featured_media":3367,"comment_status":"open","ping_status":"closed","template":"","meta":{"_eb_attr":""},"product_cat":[148,34],"product_tag":[],"class_list":["post-3378","product","type-product","status-publish","has-post-thumbnail","hentry","product_cat-quan-ao-yasaka","product_cat-quan-ao"],"_links":{"self":[{"href":"https:\/\/www.phivutabletennis.com\/index.php\/wp-json\/wp\/v2\/product\/3378","targetHints":{"allow":["GET"]}}],"collection":[{"href":"https:\/\/www.phivutabletennis.com\/index.php\/wp-json\/wp\/v2\/product"}],"about":[{"href":"https:\/\/www.phivutabletennis.com\/index.php\/wp-json\/wp\/v2\/types\/product"}],"replies":[{"embeddable":true,"href":"https:\/\/www.phivutabletennis.com\/index.php\/wp-json\/wp\/v2\/comments?post=3378"}],"wp:featuredmedia":[{"embeddable":true,"href":"https:\/\/www.phivutabletennis.com\/index.php\/wp-json\/wp\/v2\/media\/3367"}],"wp:attachment":[{"href":"https:\/\/www.phivutabletennis.com\/index.php\/wp-json\/wp\/v2\/media?parent=3378"}],"wp:term":[{"taxonomy":"product_cat","embeddable":true,"href":"https:\/\/www.phivutabletennis.com\/index.php\/wp-json\/wp\/v2\/product_cat?post=3378"},{"taxonomy":"product_tag","embeddable":true,"href":"https:\/\/www.phivutabletennis.com\/index.php\/wp-json\/wp\/v2\/product_tag?post=3378"}],"curies":[{"name":"wp","href":"https:\/\/api.w.org\/{rel}","templated":true}]}}