{"id":3381,"date":"2023-07-05T21:54:15","date_gmt":"2023-07-05T14:54:15","guid":{"rendered":"https:\/\/www.phivutabletennis.com\/?post_type=product&#038;p=3381"},"modified":"2023-07-05T21:54:16","modified_gmt":"2023-07-05T14:54:16","slug":"ao-yasaka-yv20-cam-hang-vn-chat-luong-cao","status":"publish","type":"product","link":"https:\/\/www.phivutabletennis.com\/index.php\/product\/ao-yasaka-yv20-cam-hang-vn-chat-luong-cao\/","title":{"rendered":"\u00c1O YASAKA YV20 CAM &#8211; H\u00c0NG VN CH\u1ea4T L\u01af\u1ee2NG CAO"},"content":{"rendered":"<p><strong>H\u00c0NG VI\u1ec6T NAM CH\u1ea4T L\u01af\u1ee2NG CAO S\u1ea2N XU\u1ea4T D\u01af\u1edaI S\u1ef0 GI\u00c1M S\u00c1T C\u1ee6A H\u00c3NG YASAKA &#8211; MADE IN VIETNAM<\/strong><\/p>\n<p>H\u00fat tho\u00e1t m\u1ed3 h\u00f4i v\u1eeba, ch\u1ea5t li\u1ec7u v\u1ea3i t\u1ed1t, th\u00e2n \u00e1o\u00a0in chuy\u1ec3n nhi\u1ec7t, kh\u00f4ng phai m\u00e0u.<\/p>\n<table border=\"0\" cellspacing=\"1\" cellpadding=\"1\">\n<tbody>\n<tr>\n<td>M\u00e0u s\u1eafc<\/td>\n<td>: Cam<\/td>\n<\/tr>\n<tr>\n<td>Ch\u1ea5t li\u1ec7u<\/td>\n<td>:\u00a0V\u1ea3i Polyester<\/td>\n<\/tr>\n<\/tbody>\n<\/table>\n","protected":false},"excerpt":{"rendered":"<p>H\u00c0NG VI\u1ec6T NAM CH\u1ea4T L\u01af\u1ee2NG CAO S\u1ea2N XU\u1ea4T D\u01af\u1edaI S\u1ef0 GI\u00c1M S\u00c1T C\u1ee6A H\u00c3NG YASAKA &#8211; MADE IN VIETNAM H\u00fat tho\u00e1t m\u1ed3 h\u00f4i v\u1eeba, ch\u1ea5t li\u1ec7u v\u1ea3i t\u1ed1t, th\u00e2n \u00e1o\u00a0in chuy\u1ec3n nhi\u1ec7t, kh\u00f4ng phai m\u00e0u. M\u00e0u s\u1eafc : Cam Ch\u1ea5t li\u1ec7u :\u00a0V\u1ea3i Polyester<\/p>\n","protected":false},"featured_media":3360,"comment_status":"open","ping_status":"closed","template":"","meta":{"_eb_attr":""},"product_cat":[148,34],"product_tag":[],"class_list":["post-3381","product","type-product","status-publish","has-post-thumbnail","hentry","product_cat-quan-ao-yasaka","product_cat-quan-ao"],"_links":{"self":[{"href":"https:\/\/www.phivutabletennis.com\/index.php\/wp-json\/wp\/v2\/product\/3381","targetHints":{"allow":["GET"]}}],"collection":[{"href":"https:\/\/www.phivutabletennis.com\/index.php\/wp-json\/wp\/v2\/product"}],"about":[{"href":"https:\/\/www.phivutabletennis.com\/index.php\/wp-json\/wp\/v2\/types\/product"}],"replies":[{"embeddable":true,"href":"https:\/\/www.phivutabletennis.com\/index.php\/wp-json\/wp\/v2\/comments?post=3381"}],"wp:featuredmedia":[{"embeddable":true,"href":"https:\/\/www.phivutabletennis.com\/index.php\/wp-json\/wp\/v2\/media\/3360"}],"wp:attachment":[{"href":"https:\/\/www.phivutabletennis.com\/index.php\/wp-json\/wp\/v2\/media?parent=3381"}],"wp:term":[{"taxonomy":"product_cat","embeddable":true,"href":"https:\/\/www.phivutabletennis.com\/index.php\/wp-json\/wp\/v2\/product_cat?post=3381"},{"taxonomy":"product_tag","embeddable":true,"href":"https:\/\/www.phivutabletennis.com\/index.php\/wp-json\/wp\/v2\/product_tag?post=3381"}],"curies":[{"name":"wp","href":"https:\/\/api.w.org\/{rel}","templated":true}]}}