{"id":3384,"date":"2023-07-05T21:56:08","date_gmt":"2023-07-05T14:56:08","guid":{"rendered":"https:\/\/www.phivutabletennis.com\/?post_type=product&#038;p=3384"},"modified":"2023-07-05T21:56:09","modified_gmt":"2023-07-05T14:56:09","slug":"quan-yasaka-yv20-xanh-phoi-trang","status":"publish","type":"product","link":"https:\/\/www.phivutabletennis.com\/index.php\/product\/quan-yasaka-yv20-xanh-phoi-trang\/","title":{"rendered":"QU\u1ea6N YASAKA YV20 XANH PH\u1ed0I TR\u1eaeNG"},"content":{"rendered":"<p><strong>H\u00c0NG VI\u1ec6T NAM CH\u1ea4T L\u01af\u1ee2NG CAO S\u1ea2N XU\u1ea4T D\u01af\u1edaI S\u1ef0 GI\u00c1M S\u00c1T C\u1ee6A H\u00c3NG YASAKA &#8211; MADE IN VIET NAM<\/strong><\/p>\n<p><u><strong>\u01afu \u0111i\u1ec3m<\/strong><\/u><strong>\u00a0\u00a0<\/strong>: ch\u1ea5t li\u1ec7u v\u1ea3i hai da(\u0111\u00e2y l\u00e0 lo\u1ea1i v\u1ea3i cao c\u1ea5p v\u1edbi\u00a0ki\u1ec3u d\u1ec7t kh\u00f3 v\u00e0 r\u1ea5t \u00edt b\u00e1n tr\u00ean th\u1ecb tr\u01b0\u1eddng)\u00a0co d\u00e3n t\u1ed1t v\u00e0 th\u1ea5m h\u00fat, b\u1ec1n m\u00e0u.<\/p>\n<p><strong><u>Size<\/u><\/strong>\u00a0 \u00a0 \u00a0 \u00a0 \u00a0 : XXL, XL, L, M, S, XS<\/p>\n","protected":false},"excerpt":{"rendered":"<p>H\u00c0NG VI\u1ec6T NAM CH\u1ea4T L\u01af\u1ee2NG CAO S\u1ea2N XU\u1ea4T D\u01af\u1edaI S\u1ef0 GI\u00c1M S\u00c1T C\u1ee6A H\u00c3NG YASAKA &#8211; MADE IN VIET NAM \u01afu \u0111i\u1ec3m\u00a0\u00a0: ch\u1ea5t li\u1ec7u v\u1ea3i hai da(\u0111\u00e2y l\u00e0 lo\u1ea1i v\u1ea3i cao c\u1ea5p v\u1edbi\u00a0ki\u1ec3u d\u1ec7t kh\u00f3 v\u00e0 r\u1ea5t \u00edt b\u00e1n tr\u00ean th\u1ecb tr\u01b0\u1eddng)\u00a0co d\u00e3n t\u1ed1t v\u00e0 th\u1ea5m h\u00fat, b\u1ec1n m\u00e0u. Size\u00a0 \u00a0 \u00a0 \u00a0 \u00a0 : [&hellip;]<\/p>\n","protected":false},"featured_media":3364,"comment_status":"open","ping_status":"closed","template":"","meta":{"_eb_attr":""},"product_cat":[148,34],"product_tag":[],"class_list":["post-3384","product","type-product","status-publish","has-post-thumbnail","hentry","product_cat-quan-ao-yasaka","product_cat-quan-ao"],"_links":{"self":[{"href":"https:\/\/www.phivutabletennis.com\/index.php\/wp-json\/wp\/v2\/product\/3384","targetHints":{"allow":["GET"]}}],"collection":[{"href":"https:\/\/www.phivutabletennis.com\/index.php\/wp-json\/wp\/v2\/product"}],"about":[{"href":"https:\/\/www.phivutabletennis.com\/index.php\/wp-json\/wp\/v2\/types\/product"}],"replies":[{"embeddable":true,"href":"https:\/\/www.phivutabletennis.com\/index.php\/wp-json\/wp\/v2\/comments?post=3384"}],"wp:featuredmedia":[{"embeddable":true,"href":"https:\/\/www.phivutabletennis.com\/index.php\/wp-json\/wp\/v2\/media\/3364"}],"wp:attachment":[{"href":"https:\/\/www.phivutabletennis.com\/index.php\/wp-json\/wp\/v2\/media?parent=3384"}],"wp:term":[{"taxonomy":"product_cat","embeddable":true,"href":"https:\/\/www.phivutabletennis.com\/index.php\/wp-json\/wp\/v2\/product_cat?post=3384"},{"taxonomy":"product_tag","embeddable":true,"href":"https:\/\/www.phivutabletennis.com\/index.php\/wp-json\/wp\/v2\/product_tag?post=3384"}],"curies":[{"name":"wp","href":"https:\/\/api.w.org\/{rel}","templated":true}]}}