{"id":3390,"date":"2023-07-05T21:59:45","date_gmt":"2023-07-05T14:59:45","guid":{"rendered":"https:\/\/www.phivutabletennis.com\/?post_type=product&#038;p=3390"},"modified":"2023-07-05T21:59:46","modified_gmt":"2023-07-05T14:59:46","slug":"keo-sua-khong-tang-luc-norisuke-san-s","status":"publish","type":"product","link":"https:\/\/www.phivutabletennis.com\/index.php\/product\/keo-sua-khong-tang-luc-norisuke-san-s\/","title":{"rendered":"KEO S\u1eeeA KH\u00d4NG T\u0102NG L\u1ef0C NORISUKE SAN S"},"content":{"rendered":"<p><strong>H\u00c3NG CH\u00cdNH H\u00c3NG YASAKA S\u1ea2N XU\u1ea4T T\u1ea0I NH\u1eacT B\u1ea2N &#8211; MADE IN JAPAN<\/strong><\/p>\n<p><strong>Khuy\u00ean d\u00f9ng KEO KH\u00d4NG T\u0102NG L\u1ef0C<\/strong><\/p>\n<p>Keo t\u0103ng l\u1ef1c ngo\u00e0i \u01b0u \u0111i\u1ec3m &#8221; l\u00e0m c\u0103ng m\u1eb7t v\u1ee3t \u0111\u1ec3 h\u1ed7 tr\u1ee3 l\u1ef1c khi \u0111\u00e1nh &#8220;, KEO T\u0102NG L\u1ef0C c\u00f2n c\u00f3 nhi\u1ec1u nh\u01b0\u1ee3c \u0111i\u1ec3m kh\u00e1c nh\u01b0: n\u1ed3ng \u0111\u1ed9 \u0111\u1ed9c h\u1ea1i VOC cao l\u00e0m \u1ea3nh h\u01b0\u1edfng \u0111\u1ebfn s\u1ee9c kh\u1ecfe c\u1ee7a ng\u01b0\u1eddi s\u1eed d\u1ee5ng, l\u00e0m d\u00e3n v\u00e0 c\u0103ng qu\u00e1 \u0111\u1ed9 nh\u1eefng m\u1eb7t v\u1ee3t c\u00f3 c\u00f4ng ngh\u1ec7 m\u1edbi nh\u01b0: C\u00e1c d\u00f2ng m\u1eb7t v\u1ee3t Butterfly Tenergy, Rozena,\u00a0Nittaku Fastarc, Yasaka Rakza, Andro Hexer,\u00a0Xiom Vega, Xiom\u00a0 Omega,&#8230;.d\u1eabn \u0111\u1ebfn t\u00ecnh tr\u1ea1ng m\u1eb7t v\u1ee3t mau r\u00e1ch, t\u00e9t khi t\u00e1c \u0111\u1ed9ng l\u1ef1c l\u1edbn v\u00e0o m\u1eb7t v\u1ee3t.<\/p>\n<p>Do \u0111\u00f3, \u0111\u1ec3 \u0111\u00e1p \u1ee9ng nhu c\u1ea7u c\u1ee7a kh\u00e1ch h\u00e0ng khi s\u1eed d\u1ee5ng m\u1eb7t v\u1ee3t c\u00f4ng ngh\u1ec7 m\u1edbi Air sponge v\u00e0 nhu c\u1ea7u v\u1ec1 s\u1ee9c kh\u1ecfe\u00a0&#8220;KH\u00d4NG S\u1eec D\u1ee4NG KEO T\u0102NG L\u1ef0C &#8220;,\u00a0h\u00e3ng Yasaka \u0111\u00e3 nghi\u00ean c\u1ee9u v\u00e0 cho ra \u0111\u1eddi d\u00f2ng s\u1ea3n ph\u1ea9m &#8220;KEO KH\u00d4NG T\u0102NG L\u1ef0C v\u1edbi t\u00ean g\u1ecdi NORISUKE SAN&#8221;<\/p>\n<p><strong>KEO KH\u00d4NG T\u0102NG L\u1ef0C NORISUKE SAN<\/strong>\u00a0v\u1edbi th\u00e0nh ph\u1ea7n:<\/p>\n<ul>\n<li>Cao su thi\u00ean nhi\u00ean: 60%, N\u01b0\u1edbc: 40 %<\/li>\n<li>Kh\u00f4ng c\u00f3 n\u1ed3ng \u0111\u1ed9 VOC .<\/li>\n<\/ul>\n<p>Thi\u1ebft k\u1ebf nh\u1ecf g\u1ecdn, kh\u00f4ng c\u1ea7n th\u00e1o d\u00e1n th\u01b0\u1eddng xuy\u00ean v\u00e0 kh\u00f4ng \u0111\u1ed9c h\u1ea1i nh\u01b0 nh\u1eefng lo\u1ea1i keo t\u0103ng l\u1ef1c kh\u00e1c.<\/p>\n<p><b><u>H\u01b0\u1edbng d\u1eabn s\u1eed d\u1ee5ng<\/u><\/b><\/p>\n<p>1. L\u1eafc \u0111\u1ec1u, \u0111\u1ec3 m\u1ed9t\u00a0l\u01b0\u1ee3ng v\u1eeba \u0111\u1ee7 v\u00e0o m\u1eb7t v\u1ee3t.<\/p>\n<p>2. L\u1ea5y mi\u1ebfng x\u1ed1p b\u1ecdt kh\u00ed chuy\u00ean d\u1ee5ng k\u00e9o \u0111\u1ec1u tay v\u00e0 m\u1ecfng l\u00ean b\u1ec1 m\u1eb7t c\u1ee7a mi\u1ebfng l\u00f3t.<\/p>\n<p>3. \u0110\u1ee3i kho\u1ea3ng 5 \u0111\u1ebfn 10 ph\u00fat\u00a0 \u0111\u1ec3 cho th\u1eadt kh\u00f4. L\u00fac n\u00e0y m\u00e0u keo s\u1ebd chuy\u1ec3n t\u1eeb tr\u1eafng s\u1eefa sang tr\u1eafng trong.<\/p>\n<p>4. L\u00e0m t\u01b0\u01a1ng t\u1ef1 thao t\u00e1c tr\u00ean v\u1edbi C\u1ed1t v\u1ee3t.<\/p>\n<p>5. D\u00e1n M\u1eb7t v\u1ee3t v\u00e0o C\u1ed1t v\u1ee3t nh\u01b0 thao t\u00e1c th\u00f4ng th\u01b0\u1eddng.<\/p>\n<p><u><strong>L\u01b0u \u00fd khi s\u1eed d\u1ee5ng keo s\u1eefa kh\u00f4ng t\u0103ng l\u1ef1c:<\/strong><\/u><\/p>\n<p>\u2022\u00a0<em>L\u1eafc nh\u1eb9 chai v\u00e0i l\u1ea7n tr\u01b0\u1edbc khi s\u1eed d\u1ee5ng.<\/em><\/p>\n<p><em>\u2022 Ch\u1ec9 s\u1eed d\u1ee5ng d\u00e1n m\u1eb7t v\u1ee3t, c\u1ed1t v\u1ee3t b\u00f3ng b\u00e0n kh\u00f4ng s\u1eed d\u1ee5ng cho lo\u1ea1i kh\u00e1c.<\/em><\/p>\n<p><em>\u2022Tr\u01b0\u1edbc khi th\u00e1o m\u1eb7t v\u1ee3t d\u00e1n l\u1ea1i, n\u00ean v\u1ec7 sinh k\u1ef9 c\u1ed1t v\u1ee3t, l\u1ea5y h\u1ebft keo d\u00ednh tr\u00ean b\u1ec1 m\u1eb7t c\u1ed1t v\u1ee3t r\u1ed3i m\u1edbi d\u00e1n l\u1ea1i.<\/em><\/p>\n<p><em>\u2022 Kh\u00f4ng n\u00ean cho keo qu\u00e1 nhi\u1ec1u khi d\u00e1n v\u00ec trong th\u00e0nh ph\u1ea7n c\u1ee7a keo ph\u1ea7n l\u1edbn l\u00e0 n\u01b0\u1edbc v\u00e0 cao su thi\u00ean nhi\u00ean, l\u1edbp keo kh\u00f4 s\u1ebd t\u1ea1o th\u00e0nh 1 l\u1edbp m\u00e0ng cao su d\u1ea7y, l\u00e0m m\u1eb7t v\u1ee3t tr\u1edf n\u00ean n\u1eb7ng \u0111\u1ed3ng th\u1eddi \u1ea3nh h\u01b0\u1edfng \u0111\u1ebfn t\u00ednh n\u0103ng ( t\u1ed1c \u0111\u1ed9 v\u00e0 \u0111\u1ed9 b\u00e1m xo\u00e1y ) c\u1ee7a m\u1eb7t v\u1ee3t.<\/em><\/p>\n<p><em>\u2022 \u0110\u1ec3 keo kh\u00f4 t\u1ef1 nhi\u00ean hay s\u1eed d\u1ee5ng qu\u1ea1t , \u0111\u1ee3i keo chuy\u1ec3n t\u1eeb m\u00e0u tr\u1eafng \u0111\u1ee5c sang trong r\u1ed3i m\u1edbi d\u00e1n \u0111\u1ec3 \u0111\u1ea3m b\u1ea3o \u0111\u1ed9 b\u00e1m d\u00ednh cao.<\/em><\/p>\n<p><em>\u2022 Kh\u00f4ng l\u0103n m\u1ea1nh tay \u1edf thao t\u00e1c c\u1ed1 \u0111\u1ecbnh m\u1eb7t v\u1ee3t tr\u00ean c\u1ed1t v\u1ee3t tr\u01b0\u1edbc khi c\u1eaft, \u0111\u1ec3 tr\u00e1nh t\u00ecnh tr\u1ea1ng m\u1eb7t v\u1ee3t b\u1ecb c\u0103ng qu\u00e1 \u0111\u1ed9 \u1ea3nh h\u01b0\u1edfng \u0111\u1ebfn l\u1ea7n th\u00e1o d\u00e1n ti\u1ebfp theo.<\/em><\/p>\n<p><em>\u2022 Sau khi s\u1eed d\u1ee5ng, \u0111\u1eady ch\u1eb7t n\u1eafp, b\u1ea3o qu\u1ea3n \u1edf nhi\u1ec7t \u0111\u1ed9 t\u1eeb 0\u00b0C ~ 42\u00b0C.<\/em><\/p>\n<p><em>\u2022 Keo s\u1ebd b\u1ecb \u0111\u00f4ng \u1edf nhi\u1ec7t \u0111\u1ed9 d\u01b0\u1edbi 0\u00b0C v\u00e0 kh\u00f4ng s\u1eed d\u1ee5ng \u0111\u01b0\u1ee3c.<\/em><\/p>\n<p><em><strong>Th\u1ec3 t\u00edch: 40ml<\/strong><\/em><\/p>\n","protected":false},"excerpt":{"rendered":"<p>H\u00c3NG CH\u00cdNH H\u00c3NG YASAKA S\u1ea2N XU\u1ea4T T\u1ea0I NH\u1eacT B\u1ea2N &#8211; MADE IN JAPAN Khuy\u00ean d\u00f9ng KEO KH\u00d4NG T\u0102NG L\u1ef0C Keo t\u0103ng l\u1ef1c ngo\u00e0i \u01b0u \u0111i\u1ec3m &#8221; l\u00e0m c\u0103ng m\u1eb7t v\u1ee3t \u0111\u1ec3 h\u1ed7 tr\u1ee3 l\u1ef1c khi \u0111\u00e1nh &#8220;, KEO T\u0102NG L\u1ef0C c\u00f2n c\u00f3 nhi\u1ec1u nh\u01b0\u1ee3c \u0111i\u1ec3m kh\u00e1c nh\u01b0: n\u1ed3ng \u0111\u1ed9 \u0111\u1ed9c h\u1ea1i VOC cao l\u00e0m \u1ea3nh [&hellip;]<\/p>\n","protected":false},"featured_media":3391,"comment_status":"open","ping_status":"closed","template":"","meta":{"_eb_attr":""},"product_cat":[54,67,146],"product_tag":[],"class_list":["post-3390","product","type-product","status-publish","has-post-thumbnail","hentry","product_cat-keo-sua","product_cat-phu-kien","product_cat-phu-kien-yasaka"],"_links":{"self":[{"href":"https:\/\/www.phivutabletennis.com\/index.php\/wp-json\/wp\/v2\/product\/3390","targetHints":{"allow":["GET"]}}],"collection":[{"href":"https:\/\/www.phivutabletennis.com\/index.php\/wp-json\/wp\/v2\/product"}],"about":[{"href":"https:\/\/www.phivutabletennis.com\/index.php\/wp-json\/wp\/v2\/types\/product"}],"replies":[{"embeddable":true,"href":"https:\/\/www.phivutabletennis.com\/index.php\/wp-json\/wp\/v2\/comments?post=3390"}],"wp:featuredmedia":[{"embeddable":true,"href":"https:\/\/www.phivutabletennis.com\/index.php\/wp-json\/wp\/v2\/media\/3391"}],"wp:attachment":[{"href":"https:\/\/www.phivutabletennis.com\/index.php\/wp-json\/wp\/v2\/media?parent=3390"}],"wp:term":[{"taxonomy":"product_cat","embeddable":true,"href":"https:\/\/www.phivutabletennis.com\/index.php\/wp-json\/wp\/v2\/product_cat?post=3390"},{"taxonomy":"product_tag","embeddable":true,"href":"https:\/\/www.phivutabletennis.com\/index.php\/wp-json\/wp\/v2\/product_tag?post=3390"}],"curies":[{"name":"wp","href":"https:\/\/api.w.org\/{rel}","templated":true}]}}