{"id":3398,"date":"2023-07-05T22:03:46","date_gmt":"2023-07-05T15:03:46","guid":{"rendered":"https:\/\/www.phivutabletennis.com\/?post_type=product&#038;p=3398"},"modified":"2023-07-05T22:03:46","modified_gmt":"2023-07-05T15:03:46","slug":"malin-extra-offensive","status":"publish","type":"product","link":"https:\/\/www.phivutabletennis.com\/index.php\/product\/malin-extra-offensive\/","title":{"rendered":"MALIN EXTRA OFFENSIVE"},"content":{"rendered":"<p><strong>H\u00c0NG CH\u00cdNH H\u00c3NG YASAKA S\u1ea2N XU\u1ea4T T\u1ea0I TH\u1ee4Y \u0110I\u1ebaN\u00a0&#8211; MADE IN SWEEDEN<\/strong><\/p>\n<p><strong>MA LIN EXTRA OFFENSIVE<\/strong>\u00a0l\u00e0 phong v\u1ee3t 5 l\u1edbp g\u1ed7 v\u00e0 r\u1ea5t \u0111\u01b0\u1ee3c \u01b0a chu\u1ed9ng v\u1edbi t\u00ednh n\u0103ng v\u1ec1 s\u1ef1 c\u00e2n b\u1eb1ng gi\u1eefa l\u1ed1i \u0111\u00e1nh t\u1ea5n c\u00f4ng v\u00e0 ph\u00f2ng th\u1ee7.<\/p>\n<p><strong>MA LIN EXTRA OFFENSIVE<\/strong>\u00a0kh\u00f4ng nh\u1eefng cho B\u1ea1n uy l\u1ef1c t\u1ea5n c\u00f4ng m\u1ea1nh m\u1ebd m\u00e0 c\u00f2n h\u1ed7 tr\u1ee3 b\u1ea1n t\u1ed1i \u0111a trong nh\u1eefng pha k\u1ef9 thu\u1eadt x\u1eed l\u00fd b\u00f3ng kh\u00e9o l\u00e9o g\u1ea7n b\u00e0n nh\u1edd s\u1ef1 k\u1ebft h\u1ee3p kh\u00e9o l\u00e9o gi\u1eefa 5 l\u1edbp g\u1ed7 ch\u1ecdn l\u1ecdc.<\/p>\n<p>L\u1ed1i \u0111\u00e1nh t\u1ea5n c\u00f4ng<\/p>\n<table border=\"0\" cellspacing=\"1\" cellpadding=\"1\">\n<tbody>\n<tr>\n<td>C\u1ea5u t\u1ea1o<\/td>\n<td>:\u00a05 l\u1edbp g\u1ed7 c\u1ee9ng<\/td>\n<\/tr>\n<tr>\n<td>T\u1ed1c \u0111\u1ed9<\/td>\n<td>:\u00a08+<\/td>\n<\/tr>\n<tr>\n<td>C\u1ea3m gi\u00e1c<\/td>\n<td>:\u00a09<\/td>\n<\/tr>\n<tr>\n<td>\u0110\u1ed9 d\u1ea7y<\/td>\n<td>:\u00a06.0mm<\/td>\n<\/tr>\n<tr>\n<td>Tr\u1ecdng l\u01b0\u1ee3ng<\/td>\n<td>: 85gr\u00b1<\/td>\n<\/tr>\n<\/tbody>\n<\/table>\n<p><strong>Theo th\u00f4ng s\u1ed1 chu\u1ea9n c\u1ee7a h\u00e3ng Yasaka<\/strong><br \/>\n<strong>H\u00e0ng ch\u00ednh h\u00e3ng b\u1ea3o h\u00e0nh 1 th\u00e1ng<\/strong><\/p>\n","protected":false},"excerpt":{"rendered":"<p>H\u00c0NG CH\u00cdNH H\u00c3NG YASAKA S\u1ea2N XU\u1ea4T T\u1ea0I TH\u1ee4Y \u0110I\u1ebaN\u00a0&#8211; MADE IN SWEEDEN MA LIN EXTRA OFFENSIVE\u00a0l\u00e0 phong v\u1ee3t 5 l\u1edbp g\u1ed7 v\u00e0 r\u1ea5t \u0111\u01b0\u1ee3c \u01b0a chu\u1ed9ng v\u1edbi t\u00ednh n\u0103ng v\u1ec1 s\u1ef1 c\u00e2n b\u1eb1ng gi\u1eefa l\u1ed1i \u0111\u00e1nh t\u1ea5n c\u00f4ng v\u00e0 ph\u00f2ng th\u1ee7. MA LIN EXTRA OFFENSIVE\u00a0kh\u00f4ng nh\u1eefng cho B\u1ea1n uy l\u1ef1c t\u1ea5n c\u00f4ng m\u1ea1nh m\u1ebd m\u00e0 [&hellip;]<\/p>\n","protected":false},"featured_media":3399,"comment_status":"open","ping_status":"closed","template":"","meta":{"_eb_attr":""},"product_cat":[150,26],"product_tag":[],"class_list":["post-3398","product","type-product","status-publish","has-post-thumbnail","hentry","product_cat-cot-vot-yasaka","product_cat-cot-vot"],"_links":{"self":[{"href":"https:\/\/www.phivutabletennis.com\/index.php\/wp-json\/wp\/v2\/product\/3398","targetHints":{"allow":["GET"]}}],"collection":[{"href":"https:\/\/www.phivutabletennis.com\/index.php\/wp-json\/wp\/v2\/product"}],"about":[{"href":"https:\/\/www.phivutabletennis.com\/index.php\/wp-json\/wp\/v2\/types\/product"}],"replies":[{"embeddable":true,"href":"https:\/\/www.phivutabletennis.com\/index.php\/wp-json\/wp\/v2\/comments?post=3398"}],"wp:featuredmedia":[{"embeddable":true,"href":"https:\/\/www.phivutabletennis.com\/index.php\/wp-json\/wp\/v2\/media\/3399"}],"wp:attachment":[{"href":"https:\/\/www.phivutabletennis.com\/index.php\/wp-json\/wp\/v2\/media?parent=3398"}],"wp:term":[{"taxonomy":"product_cat","embeddable":true,"href":"https:\/\/www.phivutabletennis.com\/index.php\/wp-json\/wp\/v2\/product_cat?post=3398"},{"taxonomy":"product_tag","embeddable":true,"href":"https:\/\/www.phivutabletennis.com\/index.php\/wp-json\/wp\/v2\/product_tag?post=3398"}],"curies":[{"name":"wp","href":"https:\/\/api.w.org\/{rel}","templated":true}]}}