{"id":3400,"date":"2023-07-05T22:04:42","date_gmt":"2023-07-05T15:04:42","guid":{"rendered":"https:\/\/www.phivutabletennis.com\/?post_type=product&#038;p=3400"},"modified":"2023-07-05T22:04:43","modified_gmt":"2023-07-05T15:04:43","slug":"zebarate","status":"publish","type":"product","link":"https:\/\/www.phivutabletennis.com\/index.php\/product\/zebarate\/","title":{"rendered":"ZEBARATE"},"content":{"rendered":"<p><strong>H\u00c0NG CH\u00cdNH H\u00c3NG YASAKA S\u1ea2N XU\u1ea4T T\u1ea0I NH\u1eacT B\u1ea2N &#8211; MADE IN JAPAN\u00a0<\/strong><\/p>\n<p>C\u1ed1t v\u1ee3t\u00a0<strong>ZEBARATE<\/strong><strong>\u00a0\u2013 v\u1ee3t chuy\u00ean v\u1ec1 t\u1ea5n c\u00f4ng, t\u1ed1c \u0111\u1ed9 nhanh,<\/strong><strong>\u00a0\u0111\u01b0\u1ee3c s\u1ea3n xu\u1ea5t b\u1eb1ng quy tr\u00ecnh v\u00e0 c\u00f4ng ngh\u1ec7 ti\u00ean ti\u1ebfn,\u00a0<\/strong>s\u1ef1 k\u1ebft h\u1ee3p kh\u00e9o l\u00e9o gi\u1eefa 5 l\u1edbp g\u1ed7 v\u00e0 2 l\u1edbp s\u1ee3i c\u00f4ng ngh\u1ec7 m\u1edbi PB Carbon.\u00a0V\u1eadt li\u1ec7u \u0111\u1eb7c\u00a0bi\u1ec7t g\u1ed3m s\u1ee3i PB Carbon v\u00e0 s\u1ee3i PB Fiber \u0111an ch\u00e9o v\u00e0o\u00a0nhau, tr\u1ecdng l\u01b0\u1ee3ng nh\u1eb9, c\u1ea3m gi\u00e1c m\u1ec1m h\u01a1n so v\u1edbi s\u1ee3i\u00a0Carbon th\u00f4ng th\u01b0\u1eddng.<\/p>\n<p>Hai l\u1edbp s\u1ee3i \u0111\u01b0\u1ee3c thi\u1ebft k\u1ebf n\u1eb1m g\u1ea7n l\u1edbp g\u1ed7 trung t\u00e2m t\u1ea1o \u0111\u1ed9 \u0111\u00e0n h\u1ed3i cao, gi\u00fap c\u00e2n b\u1eb1ng t\u1ed1c \u0111\u1ed9 v\u00e0 \u0111\u1ed9 ki\u1ec3m so\u00e1t b\u00f3ng.<\/p>\n<p>Th\u1eddi gian l\u01b0u b\u00f3ng l\u00e2u, c\u1ea3m gi\u00e1c ti\u1ebfp x\u00fac b\u00f3ng t\u1ed1t, \u0111\u1ed9 \u1ed5n \u0111\u1ecbnh cao gi\u00fap ng\u01b0\u1eddi ch\u01a1i d\u1ec5 d\u00e0ng ph\u00e1t l\u1ef1c khi t\u1ea5n c\u00f4ng.<\/p>\n<table border=\"0\" cellspacing=\"1\" cellpadding=\"1\">\n<tbody>\n<tr>\n<td>C\u1ea5u t\u1ea1o<\/td>\n<td>: 5 l\u1edbp g\u1ed7 + 2 l\u1edbp s\u1ee3i PB Carbon<\/td>\n<\/tr>\n<tr>\n<td>T\u1ed1c \u0111\u1ed9<\/td>\n<td>:\u00a0Nhanh<\/td>\n<\/tr>\n<tr>\n<td>C\u1ea3m gi\u00e1c<\/td>\n<td>:\u00a0Trung b\u00ecnh<\/td>\n<\/tr>\n<tr>\n<td>\u0110\u1ed9 d\u1ea7y<\/td>\n<td>:\u00a05.7mm<\/td>\n<\/tr>\n<tr>\n<td>B\u1ea3ng v\u1ee3t<\/td>\n<td>:\u00a0157 x 150mm<\/td>\n<\/tr>\n<tr>\n<td>Tr\u1ecdng l\u01b0\u1ee3ng<\/td>\n<td>:\u00a087gr<\/td>\n<\/tr>\n<\/tbody>\n<\/table>\n<p><strong>Theo th\u00f4ng s\u1ed1 chu\u1ea9n c\u1ee7a h\u00e3ng Yasaka<\/strong><br \/>\n<strong>H\u00e0ng ch\u00ednh h\u00e3ng b\u1ea3o h\u00e0nh 1 th\u00e1ng<\/strong><\/p>\n","protected":false},"excerpt":{"rendered":"<p>H\u00c0NG CH\u00cdNH H\u00c3NG YASAKA S\u1ea2N XU\u1ea4T T\u1ea0I NH\u1eacT B\u1ea2N &#8211; MADE IN JAPAN\u00a0 C\u1ed1t v\u1ee3t\u00a0ZEBARATE\u00a0\u2013 v\u1ee3t chuy\u00ean v\u1ec1 t\u1ea5n c\u00f4ng, t\u1ed1c \u0111\u1ed9 nhanh,\u00a0\u0111\u01b0\u1ee3c s\u1ea3n xu\u1ea5t b\u1eb1ng quy tr\u00ecnh v\u00e0 c\u00f4ng ngh\u1ec7 ti\u00ean ti\u1ebfn,\u00a0s\u1ef1 k\u1ebft h\u1ee3p kh\u00e9o l\u00e9o gi\u1eefa 5 l\u1edbp g\u1ed7 v\u00e0 2 l\u1edbp s\u1ee3i c\u00f4ng ngh\u1ec7 m\u1edbi PB Carbon.\u00a0V\u1eadt li\u1ec7u \u0111\u1eb7c\u00a0bi\u1ec7t g\u1ed3m s\u1ee3i PB [&hellip;]<\/p>\n","protected":false},"featured_media":3401,"comment_status":"open","ping_status":"closed","template":"","meta":{"_eb_attr":""},"product_cat":[150,26],"product_tag":[],"class_list":["post-3400","product","type-product","status-publish","has-post-thumbnail","hentry","product_cat-cot-vot-yasaka","product_cat-cot-vot"],"_links":{"self":[{"href":"https:\/\/www.phivutabletennis.com\/index.php\/wp-json\/wp\/v2\/product\/3400","targetHints":{"allow":["GET"]}}],"collection":[{"href":"https:\/\/www.phivutabletennis.com\/index.php\/wp-json\/wp\/v2\/product"}],"about":[{"href":"https:\/\/www.phivutabletennis.com\/index.php\/wp-json\/wp\/v2\/types\/product"}],"replies":[{"embeddable":true,"href":"https:\/\/www.phivutabletennis.com\/index.php\/wp-json\/wp\/v2\/comments?post=3400"}],"wp:featuredmedia":[{"embeddable":true,"href":"https:\/\/www.phivutabletennis.com\/index.php\/wp-json\/wp\/v2\/media\/3401"}],"wp:attachment":[{"href":"https:\/\/www.phivutabletennis.com\/index.php\/wp-json\/wp\/v2\/media?parent=3400"}],"wp:term":[{"taxonomy":"product_cat","embeddable":true,"href":"https:\/\/www.phivutabletennis.com\/index.php\/wp-json\/wp\/v2\/product_cat?post=3400"},{"taxonomy":"product_tag","embeddable":true,"href":"https:\/\/www.phivutabletennis.com\/index.php\/wp-json\/wp\/v2\/product_tag?post=3400"}],"curies":[{"name":"wp","href":"https:\/\/api.w.org\/{rel}","templated":true}]}}