{"id":3402,"date":"2023-07-05T22:05:39","date_gmt":"2023-07-05T15:05:39","guid":{"rendered":"https:\/\/www.phivutabletennis.com\/?post_type=product&#038;p=3402"},"modified":"2023-07-05T22:05:39","modified_gmt":"2023-07-05T15:05:39","slug":"alnade","status":"publish","type":"product","link":"https:\/\/www.phivutabletennis.com\/index.php\/product\/alnade\/","title":{"rendered":"ALNADE"},"content":{"rendered":"<p><strong>H\u00c0NG CH\u00cdNH H\u00c3NG YASAKA S\u1ea2N XU\u1ea4T T\u1ea0I NH\u1eacT B\u1ea2N &#8211; MADE IN JAPAN\u00a0<\/strong><\/p>\n<p>C\u1ed1t v\u1ee3t\u00a0<strong>ALNADE<\/strong><strong>\u00a0\u2013\u00a0<\/strong>C\u1ed1t v\u1ee3t chuy\u00ean v\u1ec1 t\u1ea5n c\u00f4ng,\u00a0\u0111\u01b0\u1ee3c s\u1ea3n xu\u1ea5t b\u1eb1ng quy tr\u00ecnh v\u00e0 c\u00f4ng ngh\u1ec7 ti\u00ean ti\u1ebfn v\u1edbi s\u1ef1 k\u1ebft h\u1ee3p kh\u00e9o l\u00e9o gi\u1eefa 5 l\u1edbp g\u1ed7 v\u00e0 2 l\u1edbp s\u1ee3i c\u00f4ng ngh\u1ec7 m\u1edbi PA Carbon.<\/p>\n<p>C\u1ea3m gi\u00e1c ti\u1ebfp x\u00fac b\u00f3ng t\u1ed1t, \u0111\u1ed9 \u1ed5n \u0111\u1ecbnh cao gi\u00fap ng\u01b0\u1eddi ch\u01a1i d\u1ec5 d\u00e0ng ph\u00e1t l\u1ef1c khi t\u1ea5n c\u00f4ng.<\/p>\n<p>So v\u1edbi c\u00e1c c\u1ed1t v\u1ee3t c\u00f3 c\u1ea5u t\u1ea1o s\u1ee3i \u0111\u1eb7c bi\u1ec7t phi\u00ean b\u1ea3n tr\u01b0\u1edbc, c\u1ed1t v\u1ee3t\u00a0<strong>ALNADE<\/strong>\u00a0t\u1ef1 h\u00e0o v\u1edbi nh\u1eefng \u0111\u01b0\u1eddng b\u00f3ng c\u00f3 \u0111\u1ed9 v\u00f2ng cung cao, h\u1ed7 tr\u1ee3 t\u1ed1i \u0111a trong c\u00e1c k\u1ef9 thu\u1eadt ch\u1ee5p b\u00f3ng c\u1ef1 ly g\u1ea7n v\u00e0 t\u1ea5n c\u00f4ng c\u1ef1 ly trung.<\/p>\n<p>V\u1edbi c\u00e1ch s\u1eafp x\u1ebfp truy\u1ec1n th\u1ed1ng, l\u1edbp s\u1ee3i PA Carbon \u0111\u01b0\u1ee3c \u0111\u01b0a ra g\u1ea7n l\u1edbp g\u1ed7 ngo\u00e0i c\u00f9ng nh\u1eb1m t\u1ea1o s\u1ef1 c\u00e2n b\u1eb1ng v\u00e0 t\u0103ng th\u00eam l\u1ef1c \u0111\u1ea9y trong l\u1ed1i \u0111\u00e1nh t\u1ea5n c\u00f4ng.<\/p>\n<p>S\u1ee3i PA Carbon l\u00e0 v\u1eadt li\u1ec7u \u0111\u1eb7c bi\u1ec7t m\u1edbi, c\u00f3 \u0111\u1ed9 c\u1ee9ng cao, \u01b0u vi\u1ec7t trong vi\u1ec7c h\u1ea1n ch\u1ebf \u0111\u1ed9 rung c\u1ee7a c\u1ed1t, c\u1ea3m gi\u00e1c b\u00f3ng t\u1ed1t gi\u00fap ng\u01b0\u1eddi ch\u01a1i d\u1ec5 d\u00e0ng h\u01a1n trong nh\u1eefng pha x\u1eed l\u00fd b\u00f3ng t\u1ed1c \u0111\u1ed9 c\u1ea7n \u0111\u1ed9 ch\u00ednh x\u00e1c cao.<\/p>\n<table border=\"0\" cellspacing=\"1\" cellpadding=\"1\">\n<tbody>\n<tr>\n<td>C\u1ea5u t\u1ea1o<\/td>\n<td>: 5 l\u1edbp g\u1ed7 + 2 l\u1edbp s\u1ee3i PA Carbon<\/td>\n<\/tr>\n<tr>\n<td>T\u1ed1c \u0111\u1ed9<\/td>\n<td>: Nhanh<\/td>\n<\/tr>\n<tr>\n<td>C\u1ea3m gi\u00e1c<\/td>\n<td>: M\u1ec1m<\/td>\n<\/tr>\n<tr>\n<td>\u0110\u1ed9 d\u1ea7y<\/td>\n<td>: 5.8mm<\/td>\n<\/tr>\n<tr>\n<td>B\u1ea3ng v\u1ee3t<\/td>\n<td>: 157 x 150mm<\/td>\n<\/tr>\n<tr>\n<td>Tr\u1ecdng l\u01b0\u1ee3ng<\/td>\n<td>: 85gr\u00b1<\/td>\n<\/tr>\n<\/tbody>\n<\/table>\n<p><strong>Theo th\u00f4ng s\u1ed1 chu\u1ea9n c\u1ee7a h\u00e3ng Yasaka<\/strong><br \/>\n<strong>H\u00e0ng ch\u00ednh h\u00e3ng b\u1ea3o h\u00e0nh 1 th\u00e1ng<\/strong><\/p>\n<p>\u200b<img decoding=\"async\" src=\"https:\/\/bongban.asia\/image\/data\/BUTTERFLY\/ALNADE%2012.jpg\" alt=\"\" \/><\/p>\n<p><img decoding=\"async\" src=\"https:\/\/bongban.asia\/image\/data\/BUTTERFLY\/cac-dung-cu-khac\/JINGKUN.jpg\" alt=\"\" \/>\u200b<\/p>\n<p><strong>C\u1ed1t v\u1ee3t ALNADE \u0111\u1ed3ng h\u00e0nh c\u00f9ng\u00a0V\u1eadn \u0111\u1ed9ng vi\u00ean Liang Jingkun (Trung Qu\u1ed1c) v\u00e0 g\u1eb7t h\u00e1i \u0111\u01b0\u1ee3c m\u1ed9t s\u1ed1 th\u00e0nh t\u00edch\u00a0<\/strong><strong>t\u1ea1i\u00a0Gi\u1ea3i V\u00f4 \u0110\u1ecbch B\u00f3ng B\u00e0n Th\u1ebf Gi\u1edbi Bundapest-\u00a0Hungary n\u0103m 2019 v\u1edbi chi\u1ebfc\u00a0Huy ch\u01b0\u01a1ng \u0111\u1ed3ng \u0110\u01a1n nam v\u00e0 \u0110\u00f4i nam.<\/strong><\/p>\n","protected":false},"excerpt":{"rendered":"<p>H\u00c0NG CH\u00cdNH H\u00c3NG YASAKA S\u1ea2N XU\u1ea4T T\u1ea0I NH\u1eacT B\u1ea2N &#8211; MADE IN JAPAN\u00a0 C\u1ed1t v\u1ee3t\u00a0ALNADE\u00a0\u2013\u00a0C\u1ed1t v\u1ee3t chuy\u00ean v\u1ec1 t\u1ea5n c\u00f4ng,\u00a0\u0111\u01b0\u1ee3c s\u1ea3n xu\u1ea5t b\u1eb1ng quy tr\u00ecnh v\u00e0 c\u00f4ng ngh\u1ec7 ti\u00ean ti\u1ebfn v\u1edbi s\u1ef1 k\u1ebft h\u1ee3p kh\u00e9o l\u00e9o gi\u1eefa 5 l\u1edbp g\u1ed7 v\u00e0 2 l\u1edbp s\u1ee3i c\u00f4ng ngh\u1ec7 m\u1edbi PA Carbon. C\u1ea3m gi\u00e1c ti\u1ebfp x\u00fac b\u00f3ng t\u1ed1t, [&hellip;]<\/p>\n","protected":false},"featured_media":3403,"comment_status":"open","ping_status":"closed","template":"","meta":{"_eb_attr":""},"product_cat":[150,26],"product_tag":[],"class_list":["post-3402","product","type-product","status-publish","has-post-thumbnail","hentry","product_cat-cot-vot-yasaka","product_cat-cot-vot"],"_links":{"self":[{"href":"https:\/\/www.phivutabletennis.com\/index.php\/wp-json\/wp\/v2\/product\/3402","targetHints":{"allow":["GET"]}}],"collection":[{"href":"https:\/\/www.phivutabletennis.com\/index.php\/wp-json\/wp\/v2\/product"}],"about":[{"href":"https:\/\/www.phivutabletennis.com\/index.php\/wp-json\/wp\/v2\/types\/product"}],"replies":[{"embeddable":true,"href":"https:\/\/www.phivutabletennis.com\/index.php\/wp-json\/wp\/v2\/comments?post=3402"}],"wp:featuredmedia":[{"embeddable":true,"href":"https:\/\/www.phivutabletennis.com\/index.php\/wp-json\/wp\/v2\/media\/3403"}],"wp:attachment":[{"href":"https:\/\/www.phivutabletennis.com\/index.php\/wp-json\/wp\/v2\/media?parent=3402"}],"wp:term":[{"taxonomy":"product_cat","embeddable":true,"href":"https:\/\/www.phivutabletennis.com\/index.php\/wp-json\/wp\/v2\/product_cat?post=3402"},{"taxonomy":"product_tag","embeddable":true,"href":"https:\/\/www.phivutabletennis.com\/index.php\/wp-json\/wp\/v2\/product_tag?post=3402"}],"curies":[{"name":"wp","href":"https:\/\/api.w.org\/{rel}","templated":true}]}}