{"id":3406,"date":"2023-07-05T22:07:21","date_gmt":"2023-07-05T15:07:21","guid":{"rendered":"https:\/\/www.phivutabletennis.com\/?post_type=product&#038;p=3406"},"modified":"2023-07-05T22:07:22","modified_gmt":"2023-07-05T15:07:22","slug":"durangle-fl","status":"publish","type":"product","link":"https:\/\/www.phivutabletennis.com\/index.php\/product\/durangle-fl\/","title":{"rendered":"DURANGLE FL"},"content":{"rendered":"<p>C\u1ed1t v\u1ee3t\u00a0<strong>DURANGLE<\/strong>\u00a0v\u1edbi thi\u1ebft k\u1ebf 2 l\u1edbp g\u1ed7 ngo\u00e0i ch\u1ecdn l\u1ecdc, c\u00f3 \u0111\u1ed9 \u1ed5n \u0111\u1ecbnh cao, c\u1ed9ng v\u1edbi 2 l\u1edbp Carbon g\u1ea7n trung t\u00e2m, h\u1ed7 tr\u1ee3 vi\u1ec7c gi\u1eef b\u00f3ng khi ti\u1ebfp x\u00fac, gi\u00fap ng\u01b0\u1eddi ch\u01a1i c\u00f3 th\u1ec3 truy\u1ec1n l\u1ef1c l\u00ean v\u1ee3t m\u1ed9t c\u00e1ch t\u1ed1i \u0111a, \u0111\u1ed3ng th\u1eddi c\u1ea3m nh\u1eadn \u0111\u01b0\u1ee3c l\u1ef1c khi ph\u00e1t v\u00e0 d\u1ec5 d\u00e0ng \u0111i\u1ec1u khi\u1ec3n \u0111\u1ed9ng t\u00e1c nh\u01b0 \u00fd mu\u1ed1n.<\/p>\n<table border=\"0\" cellspacing=\"1\" cellpadding=\"1\">\n<tbody>\n<tr>\n<td>T\u1ed1c \u0111\u1ed9<\/td>\n<td>:\u00a010+<\/td>\n<\/tr>\n<tr>\n<td>C\u1ea3m gi\u00e1c<\/td>\n<td>:\u00a08-<\/td>\n<\/tr>\n<tr>\n<td>\u0110\u1ed9 d\u1ea7y<\/td>\n<td>:\u00a06.0mm<\/td>\n<\/tr>\n<tr>\n<td>Tr\u1ecdng l\u01b0\u1ee3ng<\/td>\n<td>:\u00a0\u00b180gr<\/td>\n<\/tr>\n<\/tbody>\n<\/table>\n<table border=\"0\" cellpadding=\"0\">\n<tbody>\n<tr>\n<td><strong>H\u00e0ng ch\u00ednh h\u00e3ng b\u1ea3o h\u00e0nh 1 th\u00e1ng<\/strong><br \/>\n<strong>Theo th\u00f4ng s\u1ed1 chu\u1ea9n c\u1ee7a h\u00e3ng Yasaka<\/strong><br \/>\n<strong>H\u00c0NG CH\u00cdNH H\u00c3NG YASAKA S\u1ea2N XU\u1ea4T T\u1ea0I TRUNG QU\u1ed0C &#8211; MADE IN CHINA<\/strong><\/p>\n<p>&nbsp;<\/td>\n<\/tr>\n<\/tbody>\n<\/table>\n","protected":false},"excerpt":{"rendered":"<p>C\u1ed1t v\u1ee3t\u00a0DURANGLE\u00a0v\u1edbi thi\u1ebft k\u1ebf 2 l\u1edbp g\u1ed7 ngo\u00e0i ch\u1ecdn l\u1ecdc, c\u00f3 \u0111\u1ed9 \u1ed5n \u0111\u1ecbnh cao, c\u1ed9ng v\u1edbi 2 l\u1edbp Carbon g\u1ea7n trung t\u00e2m, h\u1ed7 tr\u1ee3 vi\u1ec7c gi\u1eef b\u00f3ng khi ti\u1ebfp x\u00fac, gi\u00fap ng\u01b0\u1eddi ch\u01a1i c\u00f3 th\u1ec3 truy\u1ec1n l\u1ef1c l\u00ean v\u1ee3t m\u1ed9t c\u00e1ch t\u1ed1i \u0111a, \u0111\u1ed3ng th\u1eddi c\u1ea3m nh\u1eadn \u0111\u01b0\u1ee3c l\u1ef1c khi ph\u00e1t v\u00e0 d\u1ec5 d\u00e0ng [&hellip;]<\/p>\n","protected":false},"featured_media":3407,"comment_status":"open","ping_status":"closed","template":"","meta":{"_eb_attr":""},"product_cat":[150,26],"product_tag":[],"class_list":["post-3406","product","type-product","status-publish","has-post-thumbnail","hentry","product_cat-cot-vot-yasaka","product_cat-cot-vot"],"_links":{"self":[{"href":"https:\/\/www.phivutabletennis.com\/index.php\/wp-json\/wp\/v2\/product\/3406","targetHints":{"allow":["GET"]}}],"collection":[{"href":"https:\/\/www.phivutabletennis.com\/index.php\/wp-json\/wp\/v2\/product"}],"about":[{"href":"https:\/\/www.phivutabletennis.com\/index.php\/wp-json\/wp\/v2\/types\/product"}],"replies":[{"embeddable":true,"href":"https:\/\/www.phivutabletennis.com\/index.php\/wp-json\/wp\/v2\/comments?post=3406"}],"wp:featuredmedia":[{"embeddable":true,"href":"https:\/\/www.phivutabletennis.com\/index.php\/wp-json\/wp\/v2\/media\/3407"}],"wp:attachment":[{"href":"https:\/\/www.phivutabletennis.com\/index.php\/wp-json\/wp\/v2\/media?parent=3406"}],"wp:term":[{"taxonomy":"product_cat","embeddable":true,"href":"https:\/\/www.phivutabletennis.com\/index.php\/wp-json\/wp\/v2\/product_cat?post=3406"},{"taxonomy":"product_tag","embeddable":true,"href":"https:\/\/www.phivutabletennis.com\/index.php\/wp-json\/wp\/v2\/product_tag?post=3406"}],"curies":[{"name":"wp","href":"https:\/\/api.w.org\/{rel}","templated":true}]}}